{"id":37438,"date":"2026-04-18T18:05:07","date_gmt":"2026-04-18T18:05:07","guid":{"rendered":"https:\/\/singuli.wpress.me\/index.php\/proizvod\/ariel-gold-orchid-tekuci-deterdzent-za-pranje-rublja-1-575-l-35-pranja\/"},"modified":"2026-04-20T12:33:20","modified_gmt":"2026-04-20T12:33:20","slug":"ariel-gold-orchid-tekuci-deterdzent-za-pranje-rublja-1-575-l-35-pranja","status":"publish","type":"product","link":"https:\/\/singuli.wpress.me\/index.php\/proizvod\/ariel-gold-orchid-tekuci-deterdzent-za-pranje-rublja-1-575-l-35-pranja\/","title":{"rendered":"ARIEL Gold Orchid, teku\u0107i deterd\u017eent za pranje rublja, 1.575 l, 35\u00a0pranja"},"content":{"rendered":"<p>Ariel, marka koju preporu\u010duju Whirlpool, Beko, Electrolux i Candy, predstavlja teku\u0107i deterd\u017eent za pranje rublja Ariel +Touch of Lenor Gold Orchid. Dubinska \u010cisto\u0107a I Sedmodnevna Dugotrajna Svje\u017eina (u ormaru). Teku\u0107i deterd\u017eent Ariel +Touch of Lenor Gold Orchid pru\u017ea besprijekorne rezultate na ni\u017eim temperaturama. Tvrdokorne mrlje prije pranja tretirajte teku\u0107im deterd\u017eentom Ariel +Touch of Lenor Gold Orchid i njegovim zelenim \u010depom, a zatim operite rublje u perilici. Za najbolje rezultate \u010dep s deterd\u017eentom stavite izravno u bubanj perilice rublja. Iz ekolo\u0161kih razloga na neke boce ne stavljamo \u010dep s mjericom; takav je \u010dep besplatno dostupan na internetskoj stranici ariel.info.<\/p>\n","protected":false},"excerpt":{"rendered":"<p>DUBINSKA \u010cISTO\u0106A + DUGOTRAJNA SVJE\u017dINA: Arielov teku\u0107i deterd\u017eent u\u010dinkovito Uklanja mrlje \u010dak i u Hladnoj vodi i na Kratkim programima pranja<br \/>\nOSMI\u0160LJENO ZA SVJE\u017dINU: Ariel +Touch of Lenor Gold Orchid pru\u017ea Dubinsku \u010cisto\u0107u I Sedmodnevnu Dugotrajnu Svje\u017einu (u ormaru)<br \/>\nARIEL PREPORU\u010cUJU Whirlpool, Beko, Candy i Electrolux<\/p>\n","protected":false},"featured_media":37439,"template":"","meta":{"_seopress_robots_primary_cat":"","_seopress_titles_title":"","_seopress_titles_desc":"","_seopress_robots_index":"","iawp_total_views":0},"product_brand":[427],"product_cat":[283,238],"product_tag":[],"class_list":{"0":"post-37438","1":"product","2":"type-product","3":"status-publish","4":"has-post-thumbnail","6":"product_brand-ariel","7":"product_cat-pranje-rublja-238","8":"product_cat-sve-za-dom","10":"first","11":"instock","12":"shipping-taxable","13":"purchasable","14":"product-type-simple"},"_links":{"self":[{"href":"https:\/\/singuli.wpress.me\/index.php\/wp-json\/wp\/v2\/product\/37438","targetHints":{"allow":["GET"]}}],"collection":[{"href":"https:\/\/singuli.wpress.me\/index.php\/wp-json\/wp\/v2\/product"}],"about":[{"href":"https:\/\/singuli.wpress.me\/index.php\/wp-json\/wp\/v2\/types\/product"}],"version-history":[{"count":0,"href":"https:\/\/singuli.wpress.me\/index.php\/wp-json\/wp\/v2\/product\/37438\/revisions"}],"wp:featuredmedia":[{"embeddable":true,"href":"https:\/\/singuli.wpress.me\/index.php\/wp-json\/wp\/v2\/media\/37439"}],"wp:attachment":[{"href":"https:\/\/singuli.wpress.me\/index.php\/wp-json\/wp\/v2\/media?parent=37438"}],"wp:term":[{"taxonomy":"product_brand","embeddable":true,"href":"https:\/\/singuli.wpress.me\/index.php\/wp-json\/wp\/v2\/product_brand?post=37438"},{"taxonomy":"product_cat","embeddable":true,"href":"https:\/\/singuli.wpress.me\/index.php\/wp-json\/wp\/v2\/product_cat?post=37438"},{"taxonomy":"product_tag","embeddable":true,"href":"https:\/\/singuli.wpress.me\/index.php\/wp-json\/wp\/v2\/product_tag?post=37438"}],"curies":[{"name":"wp","href":"https:\/\/api.w.org\/{rel}","templated":true}]}}