{"id":37445,"date":"2026-04-18T18:05:17","date_gmt":"2026-04-18T18:05:17","guid":{"rendered":"https:\/\/singuli.wpress.me\/index.php\/proizvod\/ariel-color-tekuci-deterdzent-za-pranje-rublja-90-pranja-4-05-l\/"},"modified":"2026-04-20T12:33:20","modified_gmt":"2026-04-20T12:33:20","slug":"ariel-color-tekuci-deterdzent-za-pranje-rublja-90-pranja-4-05-l","status":"publish","type":"product","link":"https:\/\/singuli.wpress.me\/index.php\/proizvod\/ariel-color-tekuci-deterdzent-za-pranje-rublja-90-pranja-4-05-l\/","title":{"rendered":"ARIEL Color, teku\u0107i deterd\u017eent za pranje rublja, 90 pranja, 4.05\u00a0l"},"content":{"rendered":"<p>Ariel, marka koju preporu\u010duju Whirlpool, Beko, Candy i Electrolux, predstavlja teku\u0107i deterd\u017eent za pranje rublja Ariel Color. Pru\u017ea sna\u017eno uklanjanje mrlja \u010dak i na kratkim programima pranja. Tvrdokorne mrlje prije pranja tretirajte teku\u0107im deterd\u017eentom Ariel Color i njegovim zelenim \u010depom, a zatim operite rublje u perilici. Za najbolje rezultate \u010dep s deterd\u017eentom stavite izravno u bubanj perilice rublja. Iz ekolo\u0161kih razloga na neke boce ne stavljamo \u010dep s mjericom; takav je \u010dep besplatno dostupan na internetskoj stranici ariel.info.<\/p>\n","protected":false},"excerpt":{"rendered":"<p>Sna\u017ena formula koja osigurava besprijekorno uklanjanje mrlja \u010dak i u brzim ciklusima pranja, \u0161tede\u0107i va\u0161e vrijeme i energiju<br \/>\nTeku\u0107i deterd\u017eent kojem vjeruju i koji preporu\u010duju svjetski brendovi poput Whirlpoola, Beka, Candyja i Electroluxa<br \/>\nPosebno dizajniran za o\u010duvanje postojanosti boja, uz mogu\u0107nost izravnog tretiranja tvrdokornih mrlja prije samog pranja<\/p>\n","protected":false},"featured_media":37446,"template":"","meta":{"_seopress_robots_primary_cat":"","_seopress_titles_title":"","_seopress_titles_desc":"","_seopress_robots_index":"","iawp_total_views":0},"product_brand":[427],"product_cat":[283,238],"product_tag":[],"class_list":{"0":"post-37445","1":"product","2":"type-product","3":"status-publish","4":"has-post-thumbnail","6":"product_brand-ariel","7":"product_cat-pranje-rublja-238","8":"product_cat-sve-za-dom","10":"first","11":"instock","12":"shipping-taxable","13":"purchasable","14":"product-type-simple"},"_links":{"self":[{"href":"https:\/\/singuli.wpress.me\/index.php\/wp-json\/wp\/v2\/product\/37445","targetHints":{"allow":["GET"]}}],"collection":[{"href":"https:\/\/singuli.wpress.me\/index.php\/wp-json\/wp\/v2\/product"}],"about":[{"href":"https:\/\/singuli.wpress.me\/index.php\/wp-json\/wp\/v2\/types\/product"}],"version-history":[{"count":0,"href":"https:\/\/singuli.wpress.me\/index.php\/wp-json\/wp\/v2\/product\/37445\/revisions"}],"wp:featuredmedia":[{"embeddable":true,"href":"https:\/\/singuli.wpress.me\/index.php\/wp-json\/wp\/v2\/media\/37446"}],"wp:attachment":[{"href":"https:\/\/singuli.wpress.me\/index.php\/wp-json\/wp\/v2\/media?parent=37445"}],"wp:term":[{"taxonomy":"product_brand","embeddable":true,"href":"https:\/\/singuli.wpress.me\/index.php\/wp-json\/wp\/v2\/product_brand?post=37445"},{"taxonomy":"product_cat","embeddable":true,"href":"https:\/\/singuli.wpress.me\/index.php\/wp-json\/wp\/v2\/product_cat?post=37445"},{"taxonomy":"product_tag","embeddable":true,"href":"https:\/\/singuli.wpress.me\/index.php\/wp-json\/wp\/v2\/product_tag?post=37445"}],"curies":[{"name":"wp","href":"https:\/\/api.w.org\/{rel}","templated":true}]}}