{"id":37452,"date":"2026-04-18T18:05:19","date_gmt":"2026-04-18T18:05:19","guid":{"rendered":"https:\/\/singuli.wpress.me\/index.php\/proizvod\/lenor-gold-orchid-vanilla-omeksivac-1-827-l\/"},"modified":"2026-04-20T12:33:21","modified_gmt":"2026-04-20T12:33:21","slug":"lenor-gold-orchid-vanilla-omeksivac-1-827-l","status":"publish","type":"product","link":"https:\/\/singuli.wpress.me\/index.php\/proizvod\/lenor-gold-orchid-vanilla-omeksivac-1-827-l\/","title":{"rendered":"LENOR Gold Orchid &amp; Vanilla, omek\u0161iva\u010d, 1.827\u00a0l"},"content":{"rendered":"<p>Omek\u0161iva\u010d rublja Lenor Gold Orchid &amp; Vanilla pru\u017ea 3 puta dugotrajniji miris (u odnosu na Lenor Sensitive) za male trenutke opu\u0161tanja tijekom cijelog dana. Njegov miris sadr\u017ei da\u0161ak esencijalnih ulja. Zatvorite o\u010di i opustite se. Dragocjeni akordi orhideje savr\u0161eno se stapaju s gurmanskim notama vanilije i stvaraju toplu mirisnu kombinaciju koja vam mo\u017ee pomo\u0107i da se osje\u0107ate opu\u0161teno. Isprobajte ovaj omek\u0161iva\u010d u kombinaciji s Lenorovim perlicama istog mirisa za neodoljivu meko\u0107u i svje\u017einu.<\/p>\n","protected":false},"excerpt":{"rendered":"<p>Posebna formula osigurava dugotrajan osje\u0107aj svje\u017eine na rublju koji traje tri puta dulje u usporedbi s varijantom Lenor Sensitive<br \/>\nLuksuzna kombinacija dragocjene zlatne orhideje i gurmanske vanilije, oboga\u0107ena esencijalnim uljima za trenutke opu\u0161tanja<br \/>\nPru\u017ea vrhunsku njegu tkanina, \u010dine\u0107i ih mekanima na dodir, a najbolje rezultate posti\u017ee u kombinaciji s Lenor perlicama istog mirisa<\/p>\n","protected":false},"featured_media":37453,"template":"","meta":{"_seopress_robots_primary_cat":"","_seopress_titles_title":"","_seopress_titles_desc":"","_seopress_robots_index":"","iawp_total_views":0},"product_brand":[446],"product_cat":[283,238],"product_tag":[],"class_list":{"0":"post-37452","1":"product","2":"type-product","3":"status-publish","4":"has-post-thumbnail","6":"product_brand-lenor","7":"product_cat-pranje-rublja-238","8":"product_cat-sve-za-dom","10":"first","11":"instock","12":"shipping-taxable","13":"purchasable","14":"product-type-simple"},"_links":{"self":[{"href":"https:\/\/singuli.wpress.me\/index.php\/wp-json\/wp\/v2\/product\/37452","targetHints":{"allow":["GET"]}}],"collection":[{"href":"https:\/\/singuli.wpress.me\/index.php\/wp-json\/wp\/v2\/product"}],"about":[{"href":"https:\/\/singuli.wpress.me\/index.php\/wp-json\/wp\/v2\/types\/product"}],"version-history":[{"count":0,"href":"https:\/\/singuli.wpress.me\/index.php\/wp-json\/wp\/v2\/product\/37452\/revisions"}],"wp:featuredmedia":[{"embeddable":true,"href":"https:\/\/singuli.wpress.me\/index.php\/wp-json\/wp\/v2\/media\/37453"}],"wp:attachment":[{"href":"https:\/\/singuli.wpress.me\/index.php\/wp-json\/wp\/v2\/media?parent=37452"}],"wp:term":[{"taxonomy":"product_brand","embeddable":true,"href":"https:\/\/singuli.wpress.me\/index.php\/wp-json\/wp\/v2\/product_brand?post=37452"},{"taxonomy":"product_cat","embeddable":true,"href":"https:\/\/singuli.wpress.me\/index.php\/wp-json\/wp\/v2\/product_cat?post=37452"},{"taxonomy":"product_tag","embeddable":true,"href":"https:\/\/singuli.wpress.me\/index.php\/wp-json\/wp\/v2\/product_tag?post=37452"}],"curies":[{"name":"wp","href":"https:\/\/api.w.org\/{rel}","templated":true}]}}