{"id":37459,"date":"2026-04-18T18:05:22","date_gmt":"2026-04-18T18:05:22","guid":{"rendered":"https:\/\/singuli.wpress.me\/index.php\/proizvod\/lenor-lotus-diamond-omeksivac-1-239-l\/"},"modified":"2026-04-20T12:33:21","modified_gmt":"2026-04-20T12:33:21","slug":"lenor-lotus-diamond-omeksivac-1-239-l","status":"publish","type":"product","link":"https:\/\/singuli.wpress.me\/index.php\/proizvod\/lenor-lotus-diamond-omeksivac-1-239-l\/","title":{"rendered":"LENOR Lotus &amp; Diamond, omek\u0161iva\u010d, 1.239\u00a0l"},"content":{"rendered":"<p>Omek\u0161iva\u010d rublja Lenor Lotus Flower &amp; Diamond Figs pru\u017ea 3 puta dugotrajniji miris (u odnosu na Lenor Sensitive) za male trenutke opu\u0161tanja tijekom cijelog dana. Njegov miris sadr\u017ei da\u0161ak esencijalnih ulja. Zatvorite o\u010di i opustite se. Opu\u0161tena, elegantna atmosfera koju stvara kombinacija lotosove vodice i smokava pru\u017ea vam osje\u0107aj smirenosti. Isprobajte ovaj omek\u0161iva\u010d u kombinaciji s Lenorovim perlicama istog mirisa za neodoljivu meko\u0107u i svje\u017einu.<\/p>\n","protected":false},"excerpt":{"rendered":"<p>Osigurava intenzivnu svje\u017einu koja traje znatno dulje u usporedbi s Lenor Sensitive varijantom<br \/>\nElegantan spoj lotosove vodice i dijamantnih smokava oboga\u0107en dragocjenim esencijalnim uljima<br \/>\nMirisna formula stvara smiruju\u0107u atmosferu i pru\u017ea rublju nevjerojatnu meko\u0107u pri svakom dodiru<\/p>\n","protected":false},"featured_media":37460,"template":"","meta":{"_seopress_robots_primary_cat":"","_seopress_titles_title":"","_seopress_titles_desc":"","_seopress_robots_index":"","iawp_total_views":0},"product_brand":[446],"product_cat":[283,238],"product_tag":[],"class_list":{"0":"post-37459","1":"product","2":"type-product","3":"status-publish","4":"has-post-thumbnail","6":"product_brand-lenor","7":"product_cat-pranje-rublja-238","8":"product_cat-sve-za-dom","10":"first","11":"instock","12":"shipping-taxable","13":"purchasable","14":"product-type-simple"},"_links":{"self":[{"href":"https:\/\/singuli.wpress.me\/index.php\/wp-json\/wp\/v2\/product\/37459","targetHints":{"allow":["GET"]}}],"collection":[{"href":"https:\/\/singuli.wpress.me\/index.php\/wp-json\/wp\/v2\/product"}],"about":[{"href":"https:\/\/singuli.wpress.me\/index.php\/wp-json\/wp\/v2\/types\/product"}],"version-history":[{"count":0,"href":"https:\/\/singuli.wpress.me\/index.php\/wp-json\/wp\/v2\/product\/37459\/revisions"}],"wp:featuredmedia":[{"embeddable":true,"href":"https:\/\/singuli.wpress.me\/index.php\/wp-json\/wp\/v2\/media\/37460"}],"wp:attachment":[{"href":"https:\/\/singuli.wpress.me\/index.php\/wp-json\/wp\/v2\/media?parent=37459"}],"wp:term":[{"taxonomy":"product_brand","embeddable":true,"href":"https:\/\/singuli.wpress.me\/index.php\/wp-json\/wp\/v2\/product_brand?post=37459"},{"taxonomy":"product_cat","embeddable":true,"href":"https:\/\/singuli.wpress.me\/index.php\/wp-json\/wp\/v2\/product_cat?post=37459"},{"taxonomy":"product_tag","embeddable":true,"href":"https:\/\/singuli.wpress.me\/index.php\/wp-json\/wp\/v2\/product_tag?post=37459"}],"curies":[{"name":"wp","href":"https:\/\/api.w.org\/{rel}","templated":true}]}}