{"id":37462,"date":"2026-04-18T18:05:23","date_gmt":"2026-04-18T18:05:23","guid":{"rendered":"https:\/\/singuli.wpress.me\/index.php\/proizvod\/lenor-spring-awakening-omeksivac-2-l\/"},"modified":"2026-04-20T12:33:21","modified_gmt":"2026-04-20T12:33:21","slug":"lenor-spring-awakening-omeksivac-2-l","status":"publish","type":"product","link":"https:\/\/singuli.wpress.me\/index.php\/proizvod\/lenor-spring-awakening-omeksivac-2-l\/","title":{"rendered":"LENOR Spring Awakening, omek\u0161iva\u010d, 2\u00a0l"},"content":{"rendered":"<p>Omek\u0161iva\u010d rublja Lenor Spring Awakening pru\u017ea 24-satni osje\u0107aj svje\u017eine kao nakon tu\u0161iranja. Za dugotrajnu svje\u017einu uz deterd\u017eent koristite Lenorov omek\u0161iva\u010d rublja.<\/p>\n","protected":false},"excerpt":{"rendered":"<p>Inovativna formula pru\u017ea dugotrajan miris svje\u017eine na va\u0161em rublju koji traje cijeli dan, ba\u0161 kao nakon tu\u0161iranja<br \/>\nRedovita upotreba omek\u0161iva\u010da u kombinaciji s deterd\u017eentom osigurava meko\u0107u i produ\u017euje osje\u0107aj \u010disto\u0107e va\u0161eg rublja<br \/>\nDonosi lagane i osvje\u017eavaju\u0107e note Spring Awakening linije koje pro\u017eimaju svaki komad odje\u0107e<\/p>\n","protected":false},"featured_media":37463,"template":"","meta":{"_seopress_robots_primary_cat":"","_seopress_titles_title":"","_seopress_titles_desc":"","_seopress_robots_index":"","iawp_total_views":0},"product_brand":[446],"product_cat":[283,238],"product_tag":[],"class_list":{"0":"post-37462","1":"product","2":"type-product","3":"status-publish","4":"has-post-thumbnail","6":"product_brand-lenor","7":"product_cat-pranje-rublja-238","8":"product_cat-sve-za-dom","10":"first","11":"instock","12":"shipping-taxable","13":"purchasable","14":"product-type-simple"},"_links":{"self":[{"href":"https:\/\/singuli.wpress.me\/index.php\/wp-json\/wp\/v2\/product\/37462","targetHints":{"allow":["GET"]}}],"collection":[{"href":"https:\/\/singuli.wpress.me\/index.php\/wp-json\/wp\/v2\/product"}],"about":[{"href":"https:\/\/singuli.wpress.me\/index.php\/wp-json\/wp\/v2\/types\/product"}],"version-history":[{"count":0,"href":"https:\/\/singuli.wpress.me\/index.php\/wp-json\/wp\/v2\/product\/37462\/revisions"}],"wp:featuredmedia":[{"embeddable":true,"href":"https:\/\/singuli.wpress.me\/index.php\/wp-json\/wp\/v2\/media\/37463"}],"wp:attachment":[{"href":"https:\/\/singuli.wpress.me\/index.php\/wp-json\/wp\/v2\/media?parent=37462"}],"wp:term":[{"taxonomy":"product_brand","embeddable":true,"href":"https:\/\/singuli.wpress.me\/index.php\/wp-json\/wp\/v2\/product_brand?post=37462"},{"taxonomy":"product_cat","embeddable":true,"href":"https:\/\/singuli.wpress.me\/index.php\/wp-json\/wp\/v2\/product_cat?post=37462"},{"taxonomy":"product_tag","embeddable":true,"href":"https:\/\/singuli.wpress.me\/index.php\/wp-json\/wp\/v2\/product_tag?post=37462"}],"curies":[{"name":"wp","href":"https:\/\/api.w.org\/{rel}","templated":true}]}}