{"id":37468,"date":"2026-04-18T18:05:25","date_gmt":"2026-04-18T18:05:25","guid":{"rendered":"https:\/\/singuli.wpress.me\/index.php\/proizvod\/lenor-sensitive-omeksivac-2-65-l\/"},"modified":"2026-04-21T00:26:51","modified_gmt":"2026-04-21T00:26:51","slug":"lenor-sensitive-omeksivac-2-65-l","status":"publish","type":"product","link":"https:\/\/singuli.wpress.me\/index.php\/proizvod\/lenor-sensitive-omeksivac-2-65-l\/","title":{"rendered":"LENOR Sensitive, omek\u0161iva\u010d, 2.65\u00a0l"},"content":{"rendered":"<p>Hipoalergeni omek\u0161iva\u010d rublja Lenor Sensitive pru\u017ea neutralan miris i bo\u017eanstvenu meko\u0107u. Formula je osmi\u0161ljena za osjetljivu ko\u017eu i dermatolo\u0161ki ispitana (ispitivanje je provedeno na ko\u017ei u dodiru s opranim tkaninama) te nosi certifikat Europske Zaklade za Istra\u017eivanje Alergija (ECARF).<\/p>\n","protected":false},"excerpt":{"rendered":"<p>Nositelj ECARF certifikata (Europska zaklada za istra\u017eivanje alergija), \u0161to jam\u010di sigurnost za najosjetljiviju ko\u017eu<br \/>\nPosebno osmi\u0161ljen sastav koji pru\u017ea bo\u017eanstvenu meko\u0107u rublja uz blag, neutralan miris koji ne izaziva iritacije<br \/>\nFormula je testirana izravno na ko\u017ei u dodiru s opranim tkaninama, osiguravaju\u0107i maksimalnu nje\u017enost pri svakom no\u0161enju odje\u0107e<\/p>\n","protected":false},"featured_media":37469,"template":"","meta":{"_seopress_robots_primary_cat":"","_seopress_titles_title":"","_seopress_titles_desc":"","_seopress_robots_index":"","iawp_total_views":0},"product_brand":[446],"product_cat":[283,238],"product_tag":[],"class_list":{"0":"post-37468","1":"product","2":"type-product","3":"status-publish","4":"has-post-thumbnail","6":"product_brand-lenor","7":"product_cat-pranje-rublja-238","8":"product_cat-sve-za-dom","10":"first","11":"instock","12":"shipping-taxable","13":"purchasable","14":"product-type-simple"},"_links":{"self":[{"href":"https:\/\/singuli.wpress.me\/index.php\/wp-json\/wp\/v2\/product\/37468","targetHints":{"allow":["GET"]}}],"collection":[{"href":"https:\/\/singuli.wpress.me\/index.php\/wp-json\/wp\/v2\/product"}],"about":[{"href":"https:\/\/singuli.wpress.me\/index.php\/wp-json\/wp\/v2\/types\/product"}],"version-history":[{"count":0,"href":"https:\/\/singuli.wpress.me\/index.php\/wp-json\/wp\/v2\/product\/37468\/revisions"}],"wp:featuredmedia":[{"embeddable":true,"href":"https:\/\/singuli.wpress.me\/index.php\/wp-json\/wp\/v2\/media\/37469"}],"wp:attachment":[{"href":"https:\/\/singuli.wpress.me\/index.php\/wp-json\/wp\/v2\/media?parent=37468"}],"wp:term":[{"taxonomy":"product_brand","embeddable":true,"href":"https:\/\/singuli.wpress.me\/index.php\/wp-json\/wp\/v2\/product_brand?post=37468"},{"taxonomy":"product_cat","embeddable":true,"href":"https:\/\/singuli.wpress.me\/index.php\/wp-json\/wp\/v2\/product_cat?post=37468"},{"taxonomy":"product_tag","embeddable":true,"href":"https:\/\/singuli.wpress.me\/index.php\/wp-json\/wp\/v2\/product_tag?post=37468"}],"curies":[{"name":"wp","href":"https:\/\/api.w.org\/{rel}","templated":true}]}}