{"id":37492,"date":"2026-04-18T18:05:42","date_gmt":"2026-04-18T18:05:42","guid":{"rendered":"https:\/\/singuli.wpress.me\/index.php\/proizvod\/herbal-essences-rose-soft-sampon-za-kosu-630-ml\/"},"modified":"2026-04-20T12:33:21","modified_gmt":"2026-04-20T12:33:21","slug":"herbal-essences-rose-soft-sampon-za-kosu-630-ml","status":"publish","type":"product","link":"https:\/\/singuli.wpress.me\/index.php\/proizvod\/herbal-essences-rose-soft-sampon-za-kosu-630-ml\/","title":{"rendered":"HERBAL ESSENCES Rose Soft, \u0161ampon za kosu, 630\u00a0ml"},"content":{"rendered":"<p>Pred vama je jo\u0161 vi\u0161e ru\u017ei\u010dastih dana. \u0160ampon Herbal Essences Rose Scent Petal Soft poma\u017ee transformirati suhu kosu u predivno svilenkastu i podi\u017ee raspolo\u017eenje obavijaju\u0107i vas cvjetnim mirisom. Na\u0161a kombinacija nutrijenata prirodnog porijekla sadr\u017ei pravu esenciju Ru\u017ea, ru\u010dno ubranih u Grasseu, na jugu Francuske. Rezultat je veganska formula bez silikona koja stvara pjenu slatkog mirisa koja pro\u010di\u0161\u0107ava i njeguje suhu kosu.. Objedinili smo pomno odabrane sastojke prirodnog porijekla kako bismo donijeli ljepotu biljaka u va\u0161u kupaonicu. Obnovite prirodnu ljepotu svoje kose i probudite osjetila potpunom rutinom iz na\u0161e kolekcije Rose Scent Petal Soft.<\/p>\n","protected":false},"excerpt":{"rendered":"<p>PRIRODNO POBOLJ\u0160AVA RASPOLO\u017dENJE. U\u017eivajte u bo\u017eanstvenom prirodnom mirisu ru\u017ee, za koji je znanstveno dokazano* da podi\u017ee raspolo\u017eenje. *putem multimodalnog istra\u017eivanja<br \/>\nRASKO\u0160NA PJENA Probudite osjetila izvanredno bar\u0161unastim, mirisnim \u0161amponom<br \/>\nKOSA MEKA POPUT LATICA U\u017eivajte u meko\u0107i senzacionalnog mirisa, iz dana u dan<\/p>\n","protected":false},"featured_media":37493,"template":"","meta":{"_seopress_robots_primary_cat":"","_seopress_titles_title":"","_seopress_titles_desc":"","_seopress_robots_index":"","iawp_total_views":0},"product_brand":[483],"product_cat":[268,300],"product_tag":[],"class_list":{"0":"post-37492","1":"product","2":"type-product","3":"status-publish","4":"has-post-thumbnail","6":"product_brand-herbal-essences","7":"product_cat-kozmetika-2","8":"product_cat-njega-kose-268","10":"first","11":"instock","12":"shipping-taxable","13":"purchasable","14":"product-type-simple"},"_links":{"self":[{"href":"https:\/\/singuli.wpress.me\/index.php\/wp-json\/wp\/v2\/product\/37492","targetHints":{"allow":["GET"]}}],"collection":[{"href":"https:\/\/singuli.wpress.me\/index.php\/wp-json\/wp\/v2\/product"}],"about":[{"href":"https:\/\/singuli.wpress.me\/index.php\/wp-json\/wp\/v2\/types\/product"}],"version-history":[{"count":0,"href":"https:\/\/singuli.wpress.me\/index.php\/wp-json\/wp\/v2\/product\/37492\/revisions"}],"wp:featuredmedia":[{"embeddable":true,"href":"https:\/\/singuli.wpress.me\/index.php\/wp-json\/wp\/v2\/media\/37493"}],"wp:attachment":[{"href":"https:\/\/singuli.wpress.me\/index.php\/wp-json\/wp\/v2\/media?parent=37492"}],"wp:term":[{"taxonomy":"product_brand","embeddable":true,"href":"https:\/\/singuli.wpress.me\/index.php\/wp-json\/wp\/v2\/product_brand?post=37492"},{"taxonomy":"product_cat","embeddable":true,"href":"https:\/\/singuli.wpress.me\/index.php\/wp-json\/wp\/v2\/product_cat?post=37492"},{"taxonomy":"product_tag","embeddable":true,"href":"https:\/\/singuli.wpress.me\/index.php\/wp-json\/wp\/v2\/product_tag?post=37492"}],"curies":[{"name":"wp","href":"https:\/\/api.w.org\/{rel}","templated":true}]}}