{"id":37498,"date":"2026-04-18T18:05:47","date_gmt":"2026-04-18T18:05:47","guid":{"rendered":"https:\/\/singuli.wpress.me\/index.php\/proizvod\/headshoulders-citrus-sampon-za-kosu-2u1-800-ml\/"},"modified":"2026-04-20T12:33:21","modified_gmt":"2026-04-20T12:33:21","slug":"headshoulders-citrus-sampon-za-kosu-2u1-800-ml","status":"publish","type":"product","link":"https:\/\/singuli.wpress.me\/index.php\/proizvod\/headshoulders-citrus-sampon-za-kosu-2u1-800-ml\/","title":{"rendered":"HEAD&amp;SHOULDERS Citrus, \u0161ampon za kosu, 2u1, 800\u00a0ml"},"content":{"rendered":"<p>Head &amp; Shoulders 2in1 Citrus Fresh, \u0160ampon I Balzam Protiv Peruti pru\u017ea vrhunsku u\u010dinkovitost ve\u0107 od 1. upotrebe zahvaljuju\u0107i svojoj formuli 3X Protect* s Pirokton Olaminom te istodobno \u010disti masno vlasi\u0161te i kosu. Klini\u010dki dokazano i dermatolo\u0161ki testirano, ovaj \u0161ampon pru\u017ea do 100% za\u0161tite od peruti,** ostavlja vlasi\u0161te zdravim i hidratizira kosu. *Djeluje protiv 3 problema vlasi\u0161ta: perut, svrbe\u017e povezan s peruti i ma\u0161\u0107enje **Uz redovitu upotrebu<\/p>\n","protected":false},"excerpt":{"rendered":"<p>DO 100% ZA\u0160TITE OD PERUTI* I HIDRATIZIRANA KOSA: Uklanja perut ve\u0107 od 1. upotrebe i poma\u017ee sprije\u010diti njezin povratak te odr\u017eava vlasi\u0161te i kosu \u010distima i bez ljuskica. *Uz redovitu upotrebu<br \/>\nFORMULA ZA 3X ZA\u0160TITU: Dubinski djeluje na samom izvoru protiv tri problema s vlasi\u0161tem: peruti, ma\u0161\u0107enja i svrbe\u017ea povezanog s peruti, za \u010di\u0161\u0107e, zdravije vlasi\u0161te<br \/>\nVRHUNSKA KLINI\u010cKI DOKAZANA U\u010cINKOVITOST: U\u010dinkovito se bori protiv peruti i njeguje vlasi\u0161te zahvaljuju\u0107i formuli za 3x za\u0161titu koja pru\u017ea klini\u010dki dokazane rezultate<\/p>\n","protected":false},"featured_media":37499,"template":"","meta":{"_seopress_robots_primary_cat":"","_seopress_titles_title":"","_seopress_titles_desc":"","_seopress_robots_index":"","iawp_total_views":0},"product_brand":[443],"product_cat":[268,300],"product_tag":[],"class_list":{"0":"post-37498","1":"product","2":"type-product","3":"status-publish","4":"has-post-thumbnail","6":"product_brand-headshoulders","7":"product_cat-kozmetika-2","8":"product_cat-njega-kose-268","10":"first","11":"instock","12":"shipping-taxable","13":"purchasable","14":"product-type-simple"},"_links":{"self":[{"href":"https:\/\/singuli.wpress.me\/index.php\/wp-json\/wp\/v2\/product\/37498","targetHints":{"allow":["GET"]}}],"collection":[{"href":"https:\/\/singuli.wpress.me\/index.php\/wp-json\/wp\/v2\/product"}],"about":[{"href":"https:\/\/singuli.wpress.me\/index.php\/wp-json\/wp\/v2\/types\/product"}],"version-history":[{"count":0,"href":"https:\/\/singuli.wpress.me\/index.php\/wp-json\/wp\/v2\/product\/37498\/revisions"}],"wp:featuredmedia":[{"embeddable":true,"href":"https:\/\/singuli.wpress.me\/index.php\/wp-json\/wp\/v2\/media\/37499"}],"wp:attachment":[{"href":"https:\/\/singuli.wpress.me\/index.php\/wp-json\/wp\/v2\/media?parent=37498"}],"wp:term":[{"taxonomy":"product_brand","embeddable":true,"href":"https:\/\/singuli.wpress.me\/index.php\/wp-json\/wp\/v2\/product_brand?post=37498"},{"taxonomy":"product_cat","embeddable":true,"href":"https:\/\/singuli.wpress.me\/index.php\/wp-json\/wp\/v2\/product_cat?post=37498"},{"taxonomy":"product_tag","embeddable":true,"href":"https:\/\/singuli.wpress.me\/index.php\/wp-json\/wp\/v2\/product_tag?post=37498"}],"curies":[{"name":"wp","href":"https:\/\/api.w.org\/{rel}","templated":true}]}}