{"id":37504,"date":"2026-04-18T18:05:53","date_gmt":"2026-04-18T18:05:53","guid":{"rendered":"https:\/\/singuli.wpress.me\/index.php\/proizvod\/old-spice-captain-gel-za-tusiranje-90-ml\/"},"modified":"2026-04-21T00:26:51","modified_gmt":"2026-04-21T00:26:51","slug":"old-spice-captain-gel-za-tusiranje-90-ml","status":"publish","type":"product","link":"https:\/\/singuli.wpress.me\/index.php\/proizvod\/old-spice-captain-gel-za-tusiranje-90-ml\/","title":{"rendered":"OLD SPICE Captain, gel za tu\u0161iranje, 90\u00a0ml"},"content":{"rendered":"<p>U\u017eivaj u nezaboravnoj dugotrajnoj svje\u017eini i fantamirisnom samopouzdanju uz \u0161ampon i gel za tu\u0161iranje Old Spice za mu\u0161karce. Njegova formula za dubinsko \u010di\u0161\u0107enje oboga\u0107ena mirisima parfemske kvalitete uklanja prljav\u0161tinu i neugodne mirise, a ti ostaje\u0161 svje\u017e i \u010dist. Ova vi\u0161enamjenska formula 3-u-1 djeluje na tijelo, kosu i lice te \u010dini tvoju ko\u017eu neodoljivo \u010distom, tako da se mo\u017ee\u0161 usredoto\u010diti na ambicioznije pothvate poput sklapanja poslova ili podu\u010davanja dupina ljudskom govoru. Miris parfemske kvalitete s notama divljih morskih valova, sandalovine i pikantnog bergamota vodi te u ludu pustolovinu i pretvara u neustra\u0161ivog, razmetljivog kapetana svje\u017eine.<\/p>\n","protected":false},"excerpt":{"rendered":"<p>U\u017dIVAJ U SVJE\u017dINI MIRISA PARFEMSKE KVALITETE: zahvaljuju\u0107i tehnologiji dubinskog \u010di\u0161\u0107enja i mirisima parfemske kvalitete gela za tu\u0161iranje i \u0161ampona Old Spice, u\u017eivat \u0107e\u0161 u svje\u017eini od glave do pete<br \/>\nISPROBAJ OLD SPICE CAPTAIN S MIRISOM PARFEMSKE KVALITETE: miris divljih morskih valova, sandalovine i pikantnog bergamota koji svakog mu\u0161karca pretvara u neustra\u0161ivog kapetana svje\u017eine<br \/>\nDUBINSKO \u010cI\u0160\u0106ENJE ZA OSJE\u0106AJ \u010cISTE KO\u017dE: pobolj\u0161aj iskustvo tu\u0161iranja ovim gelom za tu\u0161iranje 3-u-1, koji ne uklanja samo neugodne mirise, ve\u0107 i tvoju ko\u017eu \u010dini neodoljivo svje\u017eom<\/p>\n","protected":false},"featured_media":37505,"template":"","meta":{"_seopress_robots_primary_cat":"","_seopress_titles_title":"","_seopress_titles_desc":"","_seopress_robots_index":"","iawp_total_views":0},"product_brand":[448],"product_cat":[268,278],"product_tag":[],"class_list":{"0":"post-37504","1":"product","2":"type-product","3":"status-publish","4":"has-post-thumbnail","6":"product_brand-old-spice","7":"product_cat-kozmetika-2","8":"product_cat-njega-tijela-268","10":"first","11":"instock","12":"shipping-taxable","13":"purchasable","14":"product-type-simple"},"_links":{"self":[{"href":"https:\/\/singuli.wpress.me\/index.php\/wp-json\/wp\/v2\/product\/37504","targetHints":{"allow":["GET"]}}],"collection":[{"href":"https:\/\/singuli.wpress.me\/index.php\/wp-json\/wp\/v2\/product"}],"about":[{"href":"https:\/\/singuli.wpress.me\/index.php\/wp-json\/wp\/v2\/types\/product"}],"version-history":[{"count":0,"href":"https:\/\/singuli.wpress.me\/index.php\/wp-json\/wp\/v2\/product\/37504\/revisions"}],"wp:featuredmedia":[{"embeddable":true,"href":"https:\/\/singuli.wpress.me\/index.php\/wp-json\/wp\/v2\/media\/37505"}],"wp:attachment":[{"href":"https:\/\/singuli.wpress.me\/index.php\/wp-json\/wp\/v2\/media?parent=37504"}],"wp:term":[{"taxonomy":"product_brand","embeddable":true,"href":"https:\/\/singuli.wpress.me\/index.php\/wp-json\/wp\/v2\/product_brand?post=37504"},{"taxonomy":"product_cat","embeddable":true,"href":"https:\/\/singuli.wpress.me\/index.php\/wp-json\/wp\/v2\/product_cat?post=37504"},{"taxonomy":"product_tag","embeddable":true,"href":"https:\/\/singuli.wpress.me\/index.php\/wp-json\/wp\/v2\/product_tag?post=37504"}],"curies":[{"name":"wp","href":"https:\/\/api.w.org\/{rel}","templated":true}]}}