{"id":37512,"date":"2026-04-18T18:05:55","date_gmt":"2026-04-18T18:05:55","guid":{"rendered":"https:\/\/singuli.wpress.me\/index.php\/proizvod\/plantaze-rakija-breskva-0-7-l\/"},"modified":"2026-04-20T12:33:21","modified_gmt":"2026-04-20T12:33:21","slug":"plantaze-rakija-breskva-0-7-l","status":"publish","type":"product","link":"https:\/\/singuli.wpress.me\/index.php\/proizvod\/plantaze-rakija-breskva-0-7-l\/","title":{"rendered":"PLANTA\u017dE, rakija, breskva, 0.7\u00a0l"},"content":{"rendered":"<p>Premium Rakija od Breskve \u2013 Esencija sun\u010danog \u0106emovskog polja<\/p>\n<p>Ova vrhunska rakija od breskve rezultat je pa\u017eljivog odabira najkvalitetnijih sorti (White Lady, Spring Crest, Maria Marta i Rome Star) ubranih u trenutku njihove pune tehnolo\u0161ke zrelosti. Proizvedena tradicionalnom metodom destilacije na ure\u0111ajima \u0161arantskog tipa, ova rakija \u010duva izvorni karakter vo\u0107a u svom naj\u010di\u0161\u0107em obliku.<\/p>\n<p>Iako prozirna i kristalno jasna zbog odle\u017eavanja u inox posudama du\u017ee od godinu dana, ona osvaja svojom kompleksno\u0161\u0107u. Miris je intenzivan i rasko\u0161an, pro\u017eet bogatim aromama zrele breskve, dok je okus pun, skladan i izuzetno pitak. Savr\u0161en je izbor za one koji cijene autenti\u010dne vo\u0107ne destilate bez boje, ali s du\u0161om vrhunskog podneblja crnogorskog bazena Skadarskog jezera.<\/p>\n<p>Preporuka za serviranje:<br \/>\nPoslu\u017eite je na temperaturi od 13 \u2013 16\u00b0C. Idealna je kao aperitiv prije jela ili kao di\u017eestiv nakon obroka uz suhe smokve, gro\u017e\u0111e i orahe.<\/p>\n","protected":false},"excerpt":{"rendered":"<p>Jedinstven spoj \u010detiri selektirane sorte breskve (40% White Lady) koji osigurava savr\u0161en balans svje\u017eine i slatko\u0107e<br \/>\nProizvedena na klasi\u010dnim kazanima po uzoru na najbolje francuske konjake, \u0161to jam\u010di vrhunsku \u010disto\u0107u i o\u010duvanje aroma<br \/>\nUdio alkohola 40.0 % vol.<\/p>\n","protected":false},"featured_media":37513,"template":"","meta":{"_seopress_robots_primary_cat":"","_seopress_titles_title":"","_seopress_titles_desc":"","_seopress_robots_index":"","iawp_total_views":0},"product_brand":[508],"product_cat":[298,261],"product_tag":[],"class_list":{"0":"post-37512","1":"product","2":"type-product","3":"status-publish","4":"has-post-thumbnail","6":"product_brand-plantaze","7":"product_cat-alkoholna-pica-261","8":"product_cat-hrana-i-pice","10":"first","11":"instock","12":"shipping-taxable","13":"purchasable","14":"product-type-simple"},"_links":{"self":[{"href":"https:\/\/singuli.wpress.me\/index.php\/wp-json\/wp\/v2\/product\/37512","targetHints":{"allow":["GET"]}}],"collection":[{"href":"https:\/\/singuli.wpress.me\/index.php\/wp-json\/wp\/v2\/product"}],"about":[{"href":"https:\/\/singuli.wpress.me\/index.php\/wp-json\/wp\/v2\/types\/product"}],"version-history":[{"count":0,"href":"https:\/\/singuli.wpress.me\/index.php\/wp-json\/wp\/v2\/product\/37512\/revisions"}],"wp:featuredmedia":[{"embeddable":true,"href":"https:\/\/singuli.wpress.me\/index.php\/wp-json\/wp\/v2\/media\/37513"}],"wp:attachment":[{"href":"https:\/\/singuli.wpress.me\/index.php\/wp-json\/wp\/v2\/media?parent=37512"}],"wp:term":[{"taxonomy":"product_brand","embeddable":true,"href":"https:\/\/singuli.wpress.me\/index.php\/wp-json\/wp\/v2\/product_brand?post=37512"},{"taxonomy":"product_cat","embeddable":true,"href":"https:\/\/singuli.wpress.me\/index.php\/wp-json\/wp\/v2\/product_cat?post=37512"},{"taxonomy":"product_tag","embeddable":true,"href":"https:\/\/singuli.wpress.me\/index.php\/wp-json\/wp\/v2\/product_tag?post=37512"}],"curies":[{"name":"wp","href":"https:\/\/api.w.org\/{rel}","templated":true}]}}