{"id":37514,"date":"2026-04-18T18:05:56","date_gmt":"2026-04-18T18:05:56","guid":{"rendered":"https:\/\/singuli.wpress.me\/index.php\/proizvod\/helix-hx8-ect-c3oem-5w40-motorno-ulje-za-osobna-vozila-55-l\/"},"modified":"2026-04-21T00:26:51","modified_gmt":"2026-04-21T00:26:51","slug":"helix-hx8-ect-c3oem-5w40-motorno-ulje-za-osobna-vozila-55-l","status":"publish","type":"product","link":"https:\/\/singuli.wpress.me\/index.php\/proizvod\/helix-hx8-ect-c3oem-5w40-motorno-ulje-za-osobna-vozila-55-l\/","title":{"rendered":"HELIX HX8 ECT C3+OEM 5W40, motorno ulje za osobna vozila, 55\u00a0l"},"content":{"rendered":"<div>Potpuno sinteti\u010dko motorno ulje formulirano za vrhunske performanse, \u010di\u0161\u0107enje i za\u0161titu motora koje poma\u017ee produ\u017eiti njegov vijek trajanja \u0161tite\u0107i od tro\u0161enja \u010dak i u najzahtjevnijim uvjetima vo\u017enje. Omogu\u0107uje pouzdanu za\u0161titu tijekom svih intervala izmjene ulja preporu\u010denih od strane proizvo\u0111a\u010da te osigurava nisku potro\u0161nju ulja za rje\u0111e dopunjavanje.<\/div>\n<div>Specifikacija: API SN, ACEA C3, MB 229.51, 229.31, BMW LL-04, GM dexos2\u2122, Renault RN0700 \/ RN0710.<\/div>\n<div><\/div>\n<div>Namijenjeno je benzinskim, dizelskim i plinskim motorima, uklju\u010duju\u0107i vozila koja koriste biodizel i mje\u0161avine benzina\/etanola.<\/div>\n","protected":false},"excerpt":{"rendered":"<p>\u0160titi kriti\u010dne dijelove motora od tro\u0161enja i naslaga, \u010dak i u zahtjevnim gradskim &#8220;stani-kreni&#8221; uvjetima<br \/>\nPrikladno za moderne benzinske, dizelske (s DPF-om) i plinske motore, uklju\u010duju\u0107i biogoriva i mje\u0161avine etanola<br \/>\nNapredna formulacija osigurava nisku isparivost, \u0161to rezultira rje\u0111im dopunjavanjem izme\u0111u intervala izmjene<\/p>\n","protected":false},"featured_media":37515,"template":"","meta":{"_seopress_robots_primary_cat":"","_seopress_titles_title":"","_seopress_titles_desc":"","_seopress_robots_index":"","iawp_total_views":0},"product_brand":[398],"product_cat":[243,272],"product_tag":[],"class_list":{"0":"post-37514","1":"product","2":"type-product","3":"status-publish","4":"has-post-thumbnail","6":"product_brand-helix","7":"product_cat-automobili-i-motori","8":"product_cat-motorna-ulja-243","10":"first","11":"instock","12":"shipping-taxable","13":"purchasable","14":"product-type-simple"},"_links":{"self":[{"href":"https:\/\/singuli.wpress.me\/index.php\/wp-json\/wp\/v2\/product\/37514","targetHints":{"allow":["GET"]}}],"collection":[{"href":"https:\/\/singuli.wpress.me\/index.php\/wp-json\/wp\/v2\/product"}],"about":[{"href":"https:\/\/singuli.wpress.me\/index.php\/wp-json\/wp\/v2\/types\/product"}],"version-history":[{"count":0,"href":"https:\/\/singuli.wpress.me\/index.php\/wp-json\/wp\/v2\/product\/37514\/revisions"}],"wp:featuredmedia":[{"embeddable":true,"href":"https:\/\/singuli.wpress.me\/index.php\/wp-json\/wp\/v2\/media\/37515"}],"wp:attachment":[{"href":"https:\/\/singuli.wpress.me\/index.php\/wp-json\/wp\/v2\/media?parent=37514"}],"wp:term":[{"taxonomy":"product_brand","embeddable":true,"href":"https:\/\/singuli.wpress.me\/index.php\/wp-json\/wp\/v2\/product_brand?post=37514"},{"taxonomy":"product_cat","embeddable":true,"href":"https:\/\/singuli.wpress.me\/index.php\/wp-json\/wp\/v2\/product_cat?post=37514"},{"taxonomy":"product_tag","embeddable":true,"href":"https:\/\/singuli.wpress.me\/index.php\/wp-json\/wp\/v2\/product_tag?post=37514"}],"curies":[{"name":"wp","href":"https:\/\/api.w.org\/{rel}","templated":true}]}}