{"id":37522,"date":"2026-04-18T18:05:57","date_gmt":"2026-04-18T18:05:57","guid":{"rendered":"https:\/\/singuli.wpress.me\/index.php\/proizvod\/gillette-venus-pro-patrone-6-kom\/"},"modified":"2026-04-20T12:33:21","modified_gmt":"2026-04-20T12:33:21","slug":"gillette-venus-pro-patrone-6-kom","status":"publish","type":"product","link":"https:\/\/singuli.wpress.me\/index.php\/proizvod\/gillette-venus-pro-patrone-6-kom\/","title":{"rendered":"GILLETTE Venus Pro, patrone, 6\u00a0kom"},"content":{"rendered":"<p>Suhoj ko\u017ei ne\u0107e odgovarati stare o\u0161trice. Pru\u017eite joj ljubav koju zaslu\u017euje uz brija\u010d Gillette Venus Pro ComfortGlide za \u017eene. Posebno osmi\u0161ljen za njegu \u010dak i najsu\u0161e ko\u017ee, brija\u010d Venus Pro ComfortGlide dermatolo\u0161ki je ispitan kako biste mogli u\u017eivati u bezbri\u017enoj glatko\u0107i koja traje. Lubrikantna trakica SkinCushion s mirisom Sugarberry poma\u017ee za\u0161tititi ko\u017eu od iritacija uzrokovanih brijanjem. Glava brija\u010da s 5 o\u0161trica glatko klizi po ko\u017ei i poma\u017ee je za\u0161tititi od suho\u0107e nakon brijanja. Tra\u017eite dodatnu kontrolu? Na sve smo mislili: na\u0161a izdr\u017eljiva i ergonomska metalna dr\u0161ka odli\u010dno le\u017ei u ruci za bolju preciznost. Ova dr\u0161ka za vi\u0161ekratnu upotrebu kompatibilna je i sa svim zamjenskim britvicama za brija\u010d Venus. Dr\u017ea\u010d za tu\u0161 koji dolazi uz nju poma\u017ee u odr\u017eavanju o\u0161trica \u010distim i suhim izme\u0111u brijanja. Pru\u017eite svojoj suhoj ko\u017ei odgovaraju\u0107e brijanje. Nabavite Venus Pro ComfortGlide. Tra\u017eite jo\u0161 na\u010dina da ko\u017ei pru\u017eite ljubav koju zaslu\u017euje? Proizvodi Gillette Venus posebno su osmi\u0161ljeni za va\u0161e tijelo i dla\u010dice, bilo da dla\u010dice \u017eelite podrezati, obrijati, oblikovati ili urediti rubove. Istra\u017eite cijelu liniju ve\u0107 danas.<\/p>\n","protected":false},"excerpt":{"rendered":"<p>GLATKO I NJE\u017dNO: brija\u010d Venus Pro ComfortGlide za \u017eene ostavlja ko\u017eu vidljivo glatkom i mekom u jednom potezu te je posebno osmi\u0161ljen za suhu ko\u017eu<br \/>\nPJENA I BRIJANJE: lubrikantna trakica SkinCushion s mirisom Sugarberry pru\u017ea 50% ve\u0107u za\u0161titu od iritacija uzrokovanih brijanjem \u010dak i na osjetljivoj ko\u017ei<br \/>\nZamjenske britvice s 5 O\u0160TRICA: glatko klize po suhoj ko\u017ei za dugotrajne rezultate nakon brijanja<\/p>\n","protected":false},"featured_media":37523,"template":"","meta":{"_seopress_robots_primary_cat":"","_seopress_titles_title":"","_seopress_titles_desc":"","_seopress_robots_index":"","iawp_total_views":0},"product_brand":[323],"product_cat":[266,265,160],"product_tag":[],"class_list":{"0":"post-37522","1":"product","2":"type-product","3":"status-publish","4":"has-post-thumbnail","6":"product_brand-gillette","7":"product_cat-aparati-za-kuhanje-265","8":"product_cat-kuhinjski-aparati-160","9":"product_cat-mali-kucanski-aparati","11":"first","12":"outofstock","13":"shipping-taxable","14":"purchasable","15":"product-type-simple"},"_links":{"self":[{"href":"https:\/\/singuli.wpress.me\/index.php\/wp-json\/wp\/v2\/product\/37522","targetHints":{"allow":["GET"]}}],"collection":[{"href":"https:\/\/singuli.wpress.me\/index.php\/wp-json\/wp\/v2\/product"}],"about":[{"href":"https:\/\/singuli.wpress.me\/index.php\/wp-json\/wp\/v2\/types\/product"}],"version-history":[{"count":0,"href":"https:\/\/singuli.wpress.me\/index.php\/wp-json\/wp\/v2\/product\/37522\/revisions"}],"wp:featuredmedia":[{"embeddable":true,"href":"https:\/\/singuli.wpress.me\/index.php\/wp-json\/wp\/v2\/media\/37523"}],"wp:attachment":[{"href":"https:\/\/singuli.wpress.me\/index.php\/wp-json\/wp\/v2\/media?parent=37522"}],"wp:term":[{"taxonomy":"product_brand","embeddable":true,"href":"https:\/\/singuli.wpress.me\/index.php\/wp-json\/wp\/v2\/product_brand?post=37522"},{"taxonomy":"product_cat","embeddable":true,"href":"https:\/\/singuli.wpress.me\/index.php\/wp-json\/wp\/v2\/product_cat?post=37522"},{"taxonomy":"product_tag","embeddable":true,"href":"https:\/\/singuli.wpress.me\/index.php\/wp-json\/wp\/v2\/product_tag?post=37522"}],"curies":[{"name":"wp","href":"https:\/\/api.w.org\/{rel}","templated":true}]}}