{"id":37524,"date":"2026-04-18T18:05:58","date_gmt":"2026-04-18T18:05:58","guid":{"rendered":"https:\/\/singuli.wpress.me\/index.php\/proizvod\/gillette-labs-brijac-2\/"},"modified":"2026-04-21T00:26:51","modified_gmt":"2026-04-21T00:26:51","slug":"gillette-labs-brijac-2","status":"publish","type":"product","link":"https:\/\/singuli.wpress.me\/index.php\/proizvod\/gillette-labs-brijac-2\/","title":{"rendered":"GILLETTE Labs, brija\u010d"},"content":{"rendered":"<p>GilletteLabs s trakicom za eksfolijaciju marke Gillette prvi je brija\u010d na svijetu s ugra\u0111enom tehnologijom eksfolijacije, koja osloba\u0111a zarobljene dla\u010dice prije prolaska o\u0161trica za nenadma\u0161nu glatko\u0107u u jednom potezu. Tehnologija 2D FlexDisc prilago\u0111ava se konturama va\u0161eg lica kako bi osigurala ugodno brijanje i kontakt pri svakom potezu. Sa svojih 5 najboljih Gilletteovih o\u0161trica (*o\u0161trice su dostupne i na drugim proizvodima Gillette), ovaj je brija\u010d osmi\u0161ljen za brzo i lako brijanje. Sadr\u017ei i: zidni dr\u017ea\u010d za brija\u010d i prakti\u010dan putni etui. Koristite sa zamjenskim britvicama za brija\u010d GilletteLabs koje su kompatibilne i sa zagrijanim brija\u010dem Gillette. Dr\u0161ka britvice ima neograni\u010deno jamstvo (za vi\u0161e informacija posjetite gillette.co.uk\/labs\/warranty).<\/p>\n","protected":false},"excerpt":{"rendered":"<p>Brija\u010d za mu\u0161karce GilletteLabs: za nenadma\u0161nu glatko\u0107u u jednom potezu<br \/>\nS trakicom za eksfolijaciju: ugra\u0111ena trakica za eksfolijaciju osloba\u0111a zarobljene dla\u010dice prije prolaska o\u0161trica<br \/>\nNevjerojatna glatko\u0107a s 5 najboljih Gilletteovih o\u0161trica* (*o\u0161trice su dostupne i na drugim proizvodima Gillette); lubrikantna trakica EVERGLIDE pru\u017ea lubrikaciju za nevjerojatno ugodan osje\u0107aj na ko\u017ei<\/p>\n","protected":false},"featured_media":37525,"template":"","meta":{"_seopress_robots_primary_cat":"","_seopress_titles_title":"","_seopress_titles_desc":"","_seopress_robots_index":"","iawp_total_views":0},"product_brand":[323],"product_cat":[280,192,279],"product_tag":[],"class_list":{"0":"post-37524","1":"product","2":"type-product","3":"status-publish","4":"has-post-thumbnail","6":"product_brand-gillette","7":"product_cat-aparati-za-muskarce-279","8":"product_cat-aparati-za-osobnu-njegu","9":"product_cat-brijanje-i-sisanje-192","11":"first","12":"outofstock","13":"shipping-taxable","14":"purchasable","15":"product-type-simple"},"_links":{"self":[{"href":"https:\/\/singuli.wpress.me\/index.php\/wp-json\/wp\/v2\/product\/37524","targetHints":{"allow":["GET"]}}],"collection":[{"href":"https:\/\/singuli.wpress.me\/index.php\/wp-json\/wp\/v2\/product"}],"about":[{"href":"https:\/\/singuli.wpress.me\/index.php\/wp-json\/wp\/v2\/types\/product"}],"version-history":[{"count":0,"href":"https:\/\/singuli.wpress.me\/index.php\/wp-json\/wp\/v2\/product\/37524\/revisions"}],"wp:featuredmedia":[{"embeddable":true,"href":"https:\/\/singuli.wpress.me\/index.php\/wp-json\/wp\/v2\/media\/37525"}],"wp:attachment":[{"href":"https:\/\/singuli.wpress.me\/index.php\/wp-json\/wp\/v2\/media?parent=37524"}],"wp:term":[{"taxonomy":"product_brand","embeddable":true,"href":"https:\/\/singuli.wpress.me\/index.php\/wp-json\/wp\/v2\/product_brand?post=37524"},{"taxonomy":"product_cat","embeddable":true,"href":"https:\/\/singuli.wpress.me\/index.php\/wp-json\/wp\/v2\/product_cat?post=37524"},{"taxonomy":"product_tag","embeddable":true,"href":"https:\/\/singuli.wpress.me\/index.php\/wp-json\/wp\/v2\/product_tag?post=37524"}],"curies":[{"name":"wp","href":"https:\/\/api.w.org\/{rel}","templated":true}]}}