{"id":37527,"date":"2026-04-18T18:05:59","date_gmt":"2026-04-18T18:05:59","guid":{"rendered":"https:\/\/singuli.wpress.me\/index.php\/proizvod\/gillette-mach-3-brijac\/"},"modified":"2026-04-21T00:26:51","modified_gmt":"2026-04-21T00:26:51","slug":"gillette-mach-3-brijac","status":"publish","type":"product","link":"https:\/\/singuli.wpress.me\/index.php\/proizvod\/gillette-mach-3-brijac\/","title":{"rendered":"GILLETTE Mach 3, brija\u010d"},"content":{"rendered":"<p>U\u017eivajte u bezvremenskom i iznimno temeljitom brijanju uz brija\u010d Gillette Mach3. Mach3 ima lubrikantnu trakicu za jo\u0161 lak\u0161e klizanje (u odnosu na Mach3) i zamjenjivu britvicu s 3 o\u0161trice za jednostavno, uredno i temeljito brijanje te ve\u0107u ugodnost. Zahvaljuju\u0107i za\u0161titnim mikrokrilcima, priprema va\u0161u ko\u017eu za brijanje i dodatno pobolj\u0161ava cjelokupno iskustvo.<\/p>\n","protected":false},"excerpt":{"rendered":"<p>3 o\u0161tre o\u0161trice: britvica ima sustav s 3 o\u0161trice za jednostavno, uredno i temeljito brijanje, koji je osmi\u0161ljen za manju iritaciju ko\u017ee* (*1. i 3. o\u0161trica)<br \/>\nLubrikantna trakica: britvica ima trakicu s lubrikantom za glatko klizanje<br \/>\nDugotrajnost: svaka zamjenska britvica Mach3 Base omogu\u0107uje do 15 brijanja* (*na temelju brijanja triput tjedno)<\/p>\n","protected":false},"featured_media":37528,"template":"","meta":{"_seopress_robots_primary_cat":"","_seopress_titles_title":"","_seopress_titles_desc":"","_seopress_robots_index":"","iawp_total_views":0},"product_brand":[323],"product_cat":[280,192,279],"product_tag":[],"class_list":{"0":"post-37527","1":"product","2":"type-product","3":"status-publish","4":"has-post-thumbnail","6":"product_brand-gillette","7":"product_cat-aparati-za-muskarce-279","8":"product_cat-aparati-za-osobnu-njegu","9":"product_cat-brijanje-i-sisanje-192","11":"first","12":"outofstock","13":"shipping-taxable","14":"purchasable","15":"product-type-simple"},"_links":{"self":[{"href":"https:\/\/singuli.wpress.me\/index.php\/wp-json\/wp\/v2\/product\/37527","targetHints":{"allow":["GET"]}}],"collection":[{"href":"https:\/\/singuli.wpress.me\/index.php\/wp-json\/wp\/v2\/product"}],"about":[{"href":"https:\/\/singuli.wpress.me\/index.php\/wp-json\/wp\/v2\/types\/product"}],"version-history":[{"count":0,"href":"https:\/\/singuli.wpress.me\/index.php\/wp-json\/wp\/v2\/product\/37527\/revisions"}],"wp:featuredmedia":[{"embeddable":true,"href":"https:\/\/singuli.wpress.me\/index.php\/wp-json\/wp\/v2\/media\/37528"}],"wp:attachment":[{"href":"https:\/\/singuli.wpress.me\/index.php\/wp-json\/wp\/v2\/media?parent=37527"}],"wp:term":[{"taxonomy":"product_brand","embeddable":true,"href":"https:\/\/singuli.wpress.me\/index.php\/wp-json\/wp\/v2\/product_brand?post=37527"},{"taxonomy":"product_cat","embeddable":true,"href":"https:\/\/singuli.wpress.me\/index.php\/wp-json\/wp\/v2\/product_cat?post=37527"},{"taxonomy":"product_tag","embeddable":true,"href":"https:\/\/singuli.wpress.me\/index.php\/wp-json\/wp\/v2\/product_tag?post=37527"}],"curies":[{"name":"wp","href":"https:\/\/api.w.org\/{rel}","templated":true}]}}