{"id":37532,"date":"2026-04-18T18:06:01","date_gmt":"2026-04-18T18:06:01","guid":{"rendered":"https:\/\/singuli.wpress.me\/index.php\/proizvod\/gillette-fusion-brijac\/"},"modified":"2026-04-21T00:26:51","modified_gmt":"2026-04-21T00:26:51","slug":"gillette-fusion-brijac","status":"publish","type":"product","link":"https:\/\/singuli.wpress.me\/index.php\/proizvod\/gillette-fusion-brijac\/","title":{"rendered":"GILLETTE Fusion, brija\u010d"},"content":{"rendered":"<p>Iskusite iznimnu razinu temeljitosti i dugotrajnu udobnost. S 5 o\u0161trih o\u0161trica, ovaj brija\u010d Gillette omogu\u0107uje glatko i ugodno brijanje, dok lubrikantna trakica omogu\u0107uje jo\u0161 lak\u0161e klizanje brija\u010da. Sa svakom zamjenskom britvicom koja omogu\u0107uje do 20 brijanja* dobivate dugotrajnu vrijednost (*na temelju brijanja triput tjedno). Posti\u017ee jo\u0161 bolje rezultate zahvaljuju\u0107i preciznom trimeru osmi\u0161ljenom za te\u0161ko dostupna podru\u010dja, a ima i za\u0161titna mikrokrilca za zagla\u0111ivanje ko\u017ee te mikro\u010de\u0161lji\u0107 za usmjeravanje dla\u010dica.<\/p>\n","protected":false},"excerpt":{"rendered":"<p>5 o\u0161trih o\u0161trica: brija\u010d Gillette s 5 o\u0161trica za temeljito brijanje s dugotrajnim rezultatima<br \/>\nLubrikantna trakica: britvica ima trakicu s lubrikantom za glatko klizanje i ve\u0107u ugodnost<br \/>\nPrecizni trimer: osmi\u0161ljen za te\u0161ko dostupna podru\u010dja i oblikovanje, osigurava uredno podrezanu bradu svaki put<\/p>\n","protected":false},"featured_media":37533,"template":"","meta":{"_seopress_robots_primary_cat":"","_seopress_titles_title":"","_seopress_titles_desc":"","_seopress_robots_index":"","iawp_total_views":0},"product_brand":[323],"product_cat":[280,192,279],"product_tag":[],"class_list":{"0":"post-37532","1":"product","2":"type-product","3":"status-publish","4":"has-post-thumbnail","6":"product_brand-gillette","7":"product_cat-aparati-za-muskarce-279","8":"product_cat-aparati-za-osobnu-njegu","9":"product_cat-brijanje-i-sisanje-192","11":"first","12":"outofstock","13":"shipping-taxable","14":"purchasable","15":"product-type-simple"},"_links":{"self":[{"href":"https:\/\/singuli.wpress.me\/index.php\/wp-json\/wp\/v2\/product\/37532","targetHints":{"allow":["GET"]}}],"collection":[{"href":"https:\/\/singuli.wpress.me\/index.php\/wp-json\/wp\/v2\/product"}],"about":[{"href":"https:\/\/singuli.wpress.me\/index.php\/wp-json\/wp\/v2\/types\/product"}],"version-history":[{"count":0,"href":"https:\/\/singuli.wpress.me\/index.php\/wp-json\/wp\/v2\/product\/37532\/revisions"}],"wp:featuredmedia":[{"embeddable":true,"href":"https:\/\/singuli.wpress.me\/index.php\/wp-json\/wp\/v2\/media\/37533"}],"wp:attachment":[{"href":"https:\/\/singuli.wpress.me\/index.php\/wp-json\/wp\/v2\/media?parent=37532"}],"wp:term":[{"taxonomy":"product_brand","embeddable":true,"href":"https:\/\/singuli.wpress.me\/index.php\/wp-json\/wp\/v2\/product_brand?post=37532"},{"taxonomy":"product_cat","embeddable":true,"href":"https:\/\/singuli.wpress.me\/index.php\/wp-json\/wp\/v2\/product_cat?post=37532"},{"taxonomy":"product_tag","embeddable":true,"href":"https:\/\/singuli.wpress.me\/index.php\/wp-json\/wp\/v2\/product_tag?post=37532"}],"curies":[{"name":"wp","href":"https:\/\/api.w.org\/{rel}","templated":true}]}}