{"id":37540,"date":"2026-04-18T18:06:04","date_gmt":"2026-04-18T18:06:04","guid":{"rendered":"https:\/\/singuli.wpress.me\/index.php\/proizvod\/gillette-venus-extra-smooth-brijac-4-kom\/"},"modified":"2026-04-23T00:27:36","modified_gmt":"2026-04-23T00:27:36","slug":"gillette-venus-extra-smooth-brijac-4-kom","status":"publish","type":"product","link":"https:\/\/singuli.wpress.me\/proizvod\/gillette-venus-extra-smooth-brijac-4-kom\/","title":{"rendered":"GILLETTE Venus Extra Smooth, brija\u010d, 4\u00a0kom"},"content":{"rendered":"<p>Va\u0161a ko\u017ea zaslu\u017euje najbolje mogu\u0107e brijanje, pa odaberite brija\u010d Gillette Venus Extra Smooth za \u017eene i tako joj pru\u017eite potrebnu ljubav. Brija\u010d Extra Smooth ima 5 o\u0161trica za dugotrajne rezultate brijanja i do 0% iritacije uzrokovane brijanjem. Lubrikantna trakica SkinCushion poma\u017ee za\u0161tititi va\u0161u ko\u017eu od iritacija uzrokovanih brijanjem. Ergonomska dr\u0161ka s protukliznim hvati\u0161tem pru\u017ea besprijekorne rezultate, odnosno glatko\u0107u koja \u0107e vam goditi. Na\u0161a izdr\u017eljiva dr\u0161ka kompatibilna je i s bilo kojom zamjenskom britvicom Venus, tako da dr\u0161ku mo\u017eete zadr\u017eati, a britvicu zamijeniti novom za brijanje po svom izboru. Pritom na\u0161 novi dr\u017ea\u010d za tu\u0161 poma\u017ee odr\u017eati va\u0161 brija\u010d \u010distim i suhim izme\u0111u brijanja. Pobolj\u0161ajte svoju rutinu brijanja brija\u010dem Venus Extra Smooth. Tra\u017eite jo\u0161 na\u010dina da ko\u017ei pru\u017eite ljubav koju zaslu\u017euje? Proizvodi Gillette Venus posebno su osmi\u0161ljeni za va\u0161e tijelo i dla\u010dice, bilo da dla\u010dice \u017eelite podrezati, obrijati, oblikovati ili urediti rubove. Istra\u017eite cijelu liniju ve\u0107 danas.<\/p>\n","protected":false},"excerpt":{"rendered":"<p>GLATKO u jednom potezu: brija\u010d Venus Extra Smooth pru\u017ea temeljito brijanje s do 0% iritacije uzrokovane brijanjem<br \/>\nBRIJA\u010c S 5 O\u0160TRICA: pru\u017ea dugotrajne rezultate brijanja s do 30 dana glatko\u0107e<br \/>\nLUBRIKANTNA TRAKICA SKINCUSHION: poma\u017ee za\u0161tititi ko\u017eu od iritacija uzrokovanih brijanjem<\/p>\n","protected":false},"featured_media":37541,"template":"","meta":{"_seopress_robots_primary_cat":"","_seopress_titles_title":"","_seopress_titles_desc":"","_seopress_robots_index":"","iawp_total_views":0},"product_brand":[323],"product_cat":[280,192,279],"product_tag":[],"class_list":{"0":"post-37540","1":"product","2":"type-product","3":"status-publish","4":"has-post-thumbnail","6":"product_brand-gillette","7":"product_cat-aparati-za-muskarce-279","8":"product_cat-aparati-za-osobnu-njegu","9":"product_cat-brijanje-i-sisanje-192","11":"first","12":"outofstock","13":"shipping-taxable","14":"purchasable","15":"product-type-simple"},"_links":{"self":[{"href":"https:\/\/singuli.wpress.me\/wp-json\/wp\/v2\/product\/37540","targetHints":{"allow":["GET"]}}],"collection":[{"href":"https:\/\/singuli.wpress.me\/wp-json\/wp\/v2\/product"}],"about":[{"href":"https:\/\/singuli.wpress.me\/wp-json\/wp\/v2\/types\/product"}],"version-history":[{"count":0,"href":"https:\/\/singuli.wpress.me\/wp-json\/wp\/v2\/product\/37540\/revisions"}],"wp:featuredmedia":[{"embeddable":true,"href":"https:\/\/singuli.wpress.me\/wp-json\/wp\/v2\/media\/37541"}],"wp:attachment":[{"href":"https:\/\/singuli.wpress.me\/wp-json\/wp\/v2\/media?parent=37540"}],"wp:term":[{"taxonomy":"product_brand","embeddable":true,"href":"https:\/\/singuli.wpress.me\/wp-json\/wp\/v2\/product_brand?post=37540"},{"taxonomy":"product_cat","embeddable":true,"href":"https:\/\/singuli.wpress.me\/wp-json\/wp\/v2\/product_cat?post=37540"},{"taxonomy":"product_tag","embeddable":true,"href":"https:\/\/singuli.wpress.me\/wp-json\/wp\/v2\/product_tag?post=37540"}],"curies":[{"name":"wp","href":"https:\/\/api.w.org\/{rel}","templated":true}]}}