{"id":37542,"date":"2026-04-18T18:06:05","date_gmt":"2026-04-18T18:06:05","guid":{"rendered":"https:\/\/singuli.wpress.me\/index.php\/proizvod\/gillette-labs-patrone-8-kom\/"},"modified":"2026-04-20T12:33:21","modified_gmt":"2026-04-20T12:33:21","slug":"gillette-labs-patrone-8-kom","status":"publish","type":"product","link":"https:\/\/singuli.wpress.me\/index.php\/proizvod\/gillette-labs-patrone-8-kom\/","title":{"rendered":"GILLETTE Labs, patrone, 8\u00a0kom"},"content":{"rendered":"<p>GilletteLabs, univerzalna zamjenska patrona brija\u010da marke Gillette mo\u017ee se koristiti sa svim brija\u010dima GilletteLabs, uklju\u010duju\u0107i brija\u010d GilletteLabs s trakicom za eksfolijaciju i zagrijani brija\u010d GilletteLabs. Ova inovativna zamjenska britvica za brija\u010d ima pet Gilletteovih najboljih o\u0161trica te otvor u sredini gdje se zagrijana trakica i trakica za eksfolijaciju jednostavno postavljaju tako da na pravo mjesto sjednu jednim \u201eklikom\u201d. Ova univerzalna zamjenska britvica olak\u0161ava zamjenu iskori\u0161tenih o\u0161trica, bez obzira na to koji brija\u010d GilletteLabs \u017eelite koristiti, i jam\u010di vam Gilletteovo najbolje brijanje.<\/p>\n","protected":false},"excerpt":{"rendered":"<p>Gilletteovo najbolje brijanje: zamjenske britvice koristite s brija\u010dem GilletteLabs s trakicom za eksfolijaciju i zagrijanim brija\u010dem GilletteLabs<br \/>\nBrija\u010d za mu\u0161karce GilletteLabs: za nenadma\u0161nu glatko\u0107u u jednom potezu<br \/>\nNevjerojatna glatko\u0107a s 5 najboljih Gilletteovih o\u0161trica* (*o\u0161trice su dostupne i na drugim proizvodima Gillette)<\/p>\n","protected":false},"featured_media":37543,"template":"","meta":{"_seopress_robots_primary_cat":"","_seopress_titles_title":"","_seopress_titles_desc":"","_seopress_robots_index":"","iawp_total_views":0},"product_brand":[323],"product_cat":[266,265,160],"product_tag":[],"class_list":{"0":"post-37542","1":"product","2":"type-product","3":"status-publish","4":"has-post-thumbnail","6":"product_brand-gillette","7":"product_cat-aparati-za-kuhanje-265","8":"product_cat-kuhinjski-aparati-160","9":"product_cat-mali-kucanski-aparati","11":"first","12":"instock","13":"shipping-taxable","14":"purchasable","15":"product-type-simple"},"_links":{"self":[{"href":"https:\/\/singuli.wpress.me\/index.php\/wp-json\/wp\/v2\/product\/37542","targetHints":{"allow":["GET"]}}],"collection":[{"href":"https:\/\/singuli.wpress.me\/index.php\/wp-json\/wp\/v2\/product"}],"about":[{"href":"https:\/\/singuli.wpress.me\/index.php\/wp-json\/wp\/v2\/types\/product"}],"version-history":[{"count":0,"href":"https:\/\/singuli.wpress.me\/index.php\/wp-json\/wp\/v2\/product\/37542\/revisions"}],"wp:featuredmedia":[{"embeddable":true,"href":"https:\/\/singuli.wpress.me\/index.php\/wp-json\/wp\/v2\/media\/37543"}],"wp:attachment":[{"href":"https:\/\/singuli.wpress.me\/index.php\/wp-json\/wp\/v2\/media?parent=37542"}],"wp:term":[{"taxonomy":"product_brand","embeddable":true,"href":"https:\/\/singuli.wpress.me\/index.php\/wp-json\/wp\/v2\/product_brand?post=37542"},{"taxonomy":"product_cat","embeddable":true,"href":"https:\/\/singuli.wpress.me\/index.php\/wp-json\/wp\/v2\/product_cat?post=37542"},{"taxonomy":"product_tag","embeddable":true,"href":"https:\/\/singuli.wpress.me\/index.php\/wp-json\/wp\/v2\/product_tag?post=37542"}],"curies":[{"name":"wp","href":"https:\/\/api.w.org\/{rel}","templated":true}]}}