{"id":37545,"date":"2026-04-18T18:06:06","date_gmt":"2026-04-18T18:06:06","guid":{"rendered":"https:\/\/singuli.wpress.me\/index.php\/proizvod\/gillette-venus-comfort-brijac-8-kom\/"},"modified":"2026-04-21T00:26:51","modified_gmt":"2026-04-21T00:26:51","slug":"gillette-venus-comfort-brijac-8-kom","status":"publish","type":"product","link":"https:\/\/singuli.wpress.me\/index.php\/proizvod\/gillette-venus-comfort-brijac-8-kom\/","title":{"rendered":"GILLETTE Venus comfort, brija\u010d, 8\u00a0kom"},"content":{"rendered":"<p>\u017denske jednokratne britvice Gillette Venus Comfort Colours omogu\u0107avaju temeljito brijanje po nevjerojatnoj cijeni. Ove britvice dostupne su s dr\u0161kama u razli\u010ditim bojama uz koje brijanje postaje zabavan i \u0161aren do\u017eivljaj. Imaju pokretljivu glavu s 3 o\u0161trice za podru\u010dja koja je te\u017ee obrijati i Lubrikantnu trakicu za pobolj\u0161ano klizanje o\u0161trica. U\u017eivajte u temeljitom i ugodnijem brijanju (u odnosu na Venus Simply 2).<\/p>\n","protected":false},"excerpt":{"rendered":"<p>TEMELJITO I UGODNO BRIJANJE: Gillette Venus Comfort Colours omogu\u0107uje temeljito brijanje s manje posjekotina u odnosu na Venus Simply 2<br \/>\n3 O\u0160TRICE: Ova britvica ima 3 tanke o\u0161trice za ugodno brijanje s kojima ne\u0107ete propustiti doslovno ni jednu dla\u010dicu<br \/>\nNEVJEROJATNA UDOBNOST: Pokretljiva glava omogu\u0107uje britvici lak\u0161e klizanje po ko\u017ei<\/p>\n","protected":false},"featured_media":37546,"template":"","meta":{"_seopress_robots_primary_cat":"","_seopress_titles_title":"","_seopress_titles_desc":"","_seopress_robots_index":"","iawp_total_views":0},"product_brand":[323],"product_cat":[280,192,279],"product_tag":[],"class_list":{"0":"post-37545","1":"product","2":"type-product","3":"status-publish","4":"has-post-thumbnail","6":"product_brand-gillette","7":"product_cat-aparati-za-muskarce-279","8":"product_cat-aparati-za-osobnu-njegu","9":"product_cat-brijanje-i-sisanje-192","11":"first","12":"outofstock","13":"shipping-taxable","14":"purchasable","15":"product-type-simple"},"_links":{"self":[{"href":"https:\/\/singuli.wpress.me\/index.php\/wp-json\/wp\/v2\/product\/37545","targetHints":{"allow":["GET"]}}],"collection":[{"href":"https:\/\/singuli.wpress.me\/index.php\/wp-json\/wp\/v2\/product"}],"about":[{"href":"https:\/\/singuli.wpress.me\/index.php\/wp-json\/wp\/v2\/types\/product"}],"version-history":[{"count":0,"href":"https:\/\/singuli.wpress.me\/index.php\/wp-json\/wp\/v2\/product\/37545\/revisions"}],"wp:featuredmedia":[{"embeddable":true,"href":"https:\/\/singuli.wpress.me\/index.php\/wp-json\/wp\/v2\/media\/37546"}],"wp:attachment":[{"href":"https:\/\/singuli.wpress.me\/index.php\/wp-json\/wp\/v2\/media?parent=37545"}],"wp:term":[{"taxonomy":"product_brand","embeddable":true,"href":"https:\/\/singuli.wpress.me\/index.php\/wp-json\/wp\/v2\/product_brand?post=37545"},{"taxonomy":"product_cat","embeddable":true,"href":"https:\/\/singuli.wpress.me\/index.php\/wp-json\/wp\/v2\/product_cat?post=37545"},{"taxonomy":"product_tag","embeddable":true,"href":"https:\/\/singuli.wpress.me\/index.php\/wp-json\/wp\/v2\/product_tag?post=37545"}],"curies":[{"name":"wp","href":"https:\/\/api.w.org\/{rel}","templated":true}]}}