{"id":37548,"date":"2026-04-18T18:06:07","date_gmt":"2026-04-18T18:06:07","guid":{"rendered":"https:\/\/singuli.wpress.me\/index.php\/proizvod\/gillette-venus-patrone-6-kom\/"},"modified":"2026-04-21T00:26:51","modified_gmt":"2026-04-21T00:26:51","slug":"gillette-venus-patrone-6-kom","status":"publish","type":"product","link":"https:\/\/singuli.wpress.me\/index.php\/proizvod\/gillette-venus-patrone-6-kom\/","title":{"rendered":"GILLETTE Venus, patrone, 6\u00a0kom"},"content":{"rendered":"<p>\u017delite li svojoj osjetljivoj ko\u017ei pru\u017eiti nje\u017enu glatko\u0107u koju zaslu\u017euje? Upoznajte brija\u010d za \u017eene Gillette Venus Pro Smooth Sensitive. Posebno osmi\u0161ljen za \u017eene s \u010dak i najosjetljivijom ko\u017eom, ovaj brija\u010d pru\u017ea dugotrajne rezultate brijanja za do 30 dana glatko\u0107e. Na\u0161a lubrikantna trakica SkinCushion (i SkinElixir s dodatkom malo aloa vere) poma\u017ee za\u0161tititi va\u0161u ko\u017eu za do 0% iritacije uzrokovane brijanjem. Tra\u017eite dodatnu kontrolu? Na sve smo mislili: na\u0161a izdr\u017eljiva i ergonomska metalna dr\u0161ka odli\u010dno le\u017ei u ruci za bolju preciznost. Ova dr\u0161ka za vi\u0161ekratnu upotrebu kompatibilna je i sa svim zamjenskim britvicama za brija\u010d Venus. Dr\u017ea\u010d za tu\u0161 koji dolazi uz nju poma\u017ee u odr\u017eavanju o\u0161trica \u010distim i suhim izme\u0111u brijanja. Pru\u017eite svojoj ko\u017ei odgovaraju\u0107e brijanje. Nabavite Venus Pro Smooth Sensitive. Tra\u017eite jo\u0161 na\u010dina da ko\u017ei pru\u017eite ljubav koju zaslu\u017euje? Proizvodi Gillette Venus posebno su osmi\u0161ljeni za va\u0161e tijelo i dla\u010dice, bilo da dla\u010dice \u017eelite podrezati, obrijati, oblikovati ili urediti rubove. Istra\u017eite cijelu liniju ve\u0107 danas.<\/p>\n","protected":false},"excerpt":{"rendered":"<p>GLATKO\u0106A BEZ NAPORA: brija\u010d za \u017eene Venus Pro Smooth Sensitive posebno je osmi\u0161ljen za osjetljivu ko\u017eu i pru\u017ea dugotrajne rezultate<br \/>\nLUBRIKANTNA TRAKICA SKINCUSHION: poma\u017ee za\u0161tititi osjetljivu ko\u017eu za do 0% iritacije uzrokovane brijanjem<br \/>\nBritvice s 5 O\u0160TRICA: osigurajte iznimno temeljito brijanje u jednom potezu i do 30 dana glatko\u0107e<\/p>\n","protected":false},"featured_media":37549,"template":"","meta":{"_seopress_robots_primary_cat":"","_seopress_titles_title":"","_seopress_titles_desc":"","_seopress_robots_index":"","iawp_total_views":0},"product_brand":[323],"product_cat":[266,265,160],"product_tag":[],"class_list":{"0":"post-37548","1":"product","2":"type-product","3":"status-publish","4":"has-post-thumbnail","6":"product_brand-gillette","7":"product_cat-aparati-za-kuhanje-265","8":"product_cat-kuhinjski-aparati-160","9":"product_cat-mali-kucanski-aparati","11":"first","12":"outofstock","13":"shipping-taxable","14":"purchasable","15":"product-type-simple"},"_links":{"self":[{"href":"https:\/\/singuli.wpress.me\/index.php\/wp-json\/wp\/v2\/product\/37548","targetHints":{"allow":["GET"]}}],"collection":[{"href":"https:\/\/singuli.wpress.me\/index.php\/wp-json\/wp\/v2\/product"}],"about":[{"href":"https:\/\/singuli.wpress.me\/index.php\/wp-json\/wp\/v2\/types\/product"}],"version-history":[{"count":0,"href":"https:\/\/singuli.wpress.me\/index.php\/wp-json\/wp\/v2\/product\/37548\/revisions"}],"wp:featuredmedia":[{"embeddable":true,"href":"https:\/\/singuli.wpress.me\/index.php\/wp-json\/wp\/v2\/media\/37549"}],"wp:attachment":[{"href":"https:\/\/singuli.wpress.me\/index.php\/wp-json\/wp\/v2\/media?parent=37548"}],"wp:term":[{"taxonomy":"product_brand","embeddable":true,"href":"https:\/\/singuli.wpress.me\/index.php\/wp-json\/wp\/v2\/product_brand?post=37548"},{"taxonomy":"product_cat","embeddable":true,"href":"https:\/\/singuli.wpress.me\/index.php\/wp-json\/wp\/v2\/product_cat?post=37548"},{"taxonomy":"product_tag","embeddable":true,"href":"https:\/\/singuli.wpress.me\/index.php\/wp-json\/wp\/v2\/product_tag?post=37548"}],"curies":[{"name":"wp","href":"https:\/\/api.w.org\/{rel}","templated":true}]}}