{"id":37553,"date":"2026-04-18T18:06:08","date_gmt":"2026-04-18T18:06:08","guid":{"rendered":"https:\/\/singuli.wpress.me\/index.php\/proizvod\/headshoulders-citrus-fresh-2in1-sampon-za-kosu-400-ml\/"},"modified":"2026-04-20T12:33:21","modified_gmt":"2026-04-20T12:33:21","slug":"headshoulders-citrus-fresh-2in1-sampon-za-kosu-400-ml","status":"publish","type":"product","link":"https:\/\/singuli.wpress.me\/index.php\/proizvod\/headshoulders-citrus-fresh-2in1-sampon-za-kosu-400-ml\/","title":{"rendered":"HEAD&amp;SHOULDERS Citrus Fresh 2in1, \u0161ampon za kosu, 400\u00a0ml"},"content":{"rendered":"<p>Head &amp; Shoulders, 2in1 Citrus Fresh, \u0160ampon I Balzam Protiv Peruti, pru\u017ea vrhunsku u\u010dinkovitost ve\u0107 od 1. upotrebe zahvaljuju\u0107i svojoj formuli 3X Protect* s Pirokton Olaminom te istodobno \u010disti masno vlasi\u0161te i kosu. Klini\u010dki dokazano i dermatolo\u0161ki testirano, ovaj \u0161ampon pru\u017ea do 100% za\u0161tite od peruti,** ostavlja vlasi\u0161te zdravim i hidratizira kosu. *Djeluje protiv 3 problema vlasi\u0161ta: perut, svrbe\u017e povezan s peruti i ma\u0161\u0107enje **Uz redovitu upotrebu.<\/p>\n","protected":false},"excerpt":{"rendered":"<p>Formula oboga\u0107ena citrusima dubinski \u010disti masnu kosu i vlasi\u0161te, ostavljaju\u0107i dugotrajan osje\u0107aj svje\u017eine i lako\u0107e<br \/>\nKlini\u010dki dokazano djeluje protiv tri glavna problema vlasi\u0161ta \u2013 u\u010dinkovito uklanja perut, smiruje popratni svrbe\u017e i sprje\u010dava prekomjerno ma\u0161\u0107enje<br \/>\nPrakti\u010dna 2-u-1 formula s Pirokton Olaminom pru\u017ea do 100% za\u0161tite od peruti dok istovremeno hidratizira kosu i olak\u0161ava ra\u0161\u010de\u0161ljavanje<\/p>\n","protected":false},"featured_media":37554,"template":"","meta":{"_seopress_robots_primary_cat":"","_seopress_titles_title":"","_seopress_titles_desc":"","_seopress_robots_index":"","iawp_total_views":0},"product_brand":[443],"product_cat":[268,300],"product_tag":[],"class_list":{"0":"post-37553","1":"product","2":"type-product","3":"status-publish","4":"has-post-thumbnail","6":"product_brand-headshoulders","7":"product_cat-kozmetika-2","8":"product_cat-njega-kose-268","10":"first","11":"instock","12":"shipping-taxable","13":"purchasable","14":"product-type-simple"},"_links":{"self":[{"href":"https:\/\/singuli.wpress.me\/index.php\/wp-json\/wp\/v2\/product\/37553","targetHints":{"allow":["GET"]}}],"collection":[{"href":"https:\/\/singuli.wpress.me\/index.php\/wp-json\/wp\/v2\/product"}],"about":[{"href":"https:\/\/singuli.wpress.me\/index.php\/wp-json\/wp\/v2\/types\/product"}],"version-history":[{"count":0,"href":"https:\/\/singuli.wpress.me\/index.php\/wp-json\/wp\/v2\/product\/37553\/revisions"}],"wp:featuredmedia":[{"embeddable":true,"href":"https:\/\/singuli.wpress.me\/index.php\/wp-json\/wp\/v2\/media\/37554"}],"wp:attachment":[{"href":"https:\/\/singuli.wpress.me\/index.php\/wp-json\/wp\/v2\/media?parent=37553"}],"wp:term":[{"taxonomy":"product_brand","embeddable":true,"href":"https:\/\/singuli.wpress.me\/index.php\/wp-json\/wp\/v2\/product_brand?post=37553"},{"taxonomy":"product_cat","embeddable":true,"href":"https:\/\/singuli.wpress.me\/index.php\/wp-json\/wp\/v2\/product_cat?post=37553"},{"taxonomy":"product_tag","embeddable":true,"href":"https:\/\/singuli.wpress.me\/index.php\/wp-json\/wp\/v2\/product_tag?post=37553"}],"curies":[{"name":"wp","href":"https:\/\/api.w.org\/{rel}","templated":true}]}}