{"id":37571,"date":"2026-04-18T18:06:13","date_gmt":"2026-04-18T18:06:13","guid":{"rendered":"https:\/\/singuli.wpress.me\/index.php\/proizvod\/braun-bnt-050-digitalni-toplomjer\/"},"modified":"2026-04-20T12:33:21","modified_gmt":"2026-04-20T12:33:21","slug":"braun-bnt-050-digitalni-toplomjer","status":"publish","type":"product","link":"https:\/\/singuli.wpress.me\/index.php\/proizvod\/braun-bnt-050-digitalni-toplomjer\/","title":{"rendered":"BRAUN BNT 050, digitalni toplomjer"},"content":{"rendered":"<p>Osigurajte precizno i sigurno pra\u0107enje zdravlja uz <b>BNT 050\u00ae digitalni beskontaktni toplomjer<\/b>. Ovaj moderni ure\u0111aj omogu\u0107uje iznimno <b>brzo i jednostavno mjerenje<\/b> tjelesne temperature u manje od dvije sekunde, \u0161to ga \u010dini idealnim rje\u0161enjem za dinami\u010dnu svakodnevicu moderne obitelji.<\/p>\n<p>Posebno je prilago\u0111en roditeljima jer posjeduje <b>tihi na\u010din rada<\/b>. Ova funkcija omogu\u0107uje snimanje o\u010ditavanja temperature bez ikakvog zvuka, \u0161to je savr\u0161eno za provjeru beba dok mirno spavaju, bez rizika od bu\u0111enja. Ure\u0111aj je namijenjen svim \u010dlanovima obitelji, pru\u017eaju\u0107i pouzdanost i jednostavnost upotrebe u svakom trenutku.<\/p>\n","protected":false},"excerpt":{"rendered":"<p>O\u010ditavanje rezultate temperature u roku kra\u0107em od dvije sekunde.<br \/>\nHigijensko mjerenje bez fizi\u010dkog kontakta, pogodno za djecu i odrasle.<br \/>\nTihi na\u010din rada bez zvu\u010dnih signala za nesmetano mjerenje tijekom sna.<\/p>\n","protected":false},"featured_media":37572,"template":"","meta":{"_seopress_robots_primary_cat":"","_seopress_titles_title":"","_seopress_titles_desc":"","_seopress_robots_index":"","iawp_total_views":0},"product_brand":[144],"product_cat":[192,267],"product_tag":[],"class_list":{"0":"post-37571","1":"product","2":"type-product","3":"status-publish","4":"has-post-thumbnail","6":"product_brand-braun","7":"product_cat-aparati-za-osobnu-njegu","8":"product_cat-zdravstveni-uredaji-192","10":"first","11":"instock","12":"shipping-taxable","13":"purchasable","14":"product-type-simple"},"_links":{"self":[{"href":"https:\/\/singuli.wpress.me\/index.php\/wp-json\/wp\/v2\/product\/37571","targetHints":{"allow":["GET"]}}],"collection":[{"href":"https:\/\/singuli.wpress.me\/index.php\/wp-json\/wp\/v2\/product"}],"about":[{"href":"https:\/\/singuli.wpress.me\/index.php\/wp-json\/wp\/v2\/types\/product"}],"version-history":[{"count":0,"href":"https:\/\/singuli.wpress.me\/index.php\/wp-json\/wp\/v2\/product\/37571\/revisions"}],"wp:featuredmedia":[{"embeddable":true,"href":"https:\/\/singuli.wpress.me\/index.php\/wp-json\/wp\/v2\/media\/37572"}],"wp:attachment":[{"href":"https:\/\/singuli.wpress.me\/index.php\/wp-json\/wp\/v2\/media?parent=37571"}],"wp:term":[{"taxonomy":"product_brand","embeddable":true,"href":"https:\/\/singuli.wpress.me\/index.php\/wp-json\/wp\/v2\/product_brand?post=37571"},{"taxonomy":"product_cat","embeddable":true,"href":"https:\/\/singuli.wpress.me\/index.php\/wp-json\/wp\/v2\/product_cat?post=37571"},{"taxonomy":"product_tag","embeddable":true,"href":"https:\/\/singuli.wpress.me\/index.php\/wp-json\/wp\/v2\/product_tag?post=37571"}],"curies":[{"name":"wp","href":"https:\/\/api.w.org\/{rel}","templated":true}]}}