{"id":37577,"date":"2026-04-18T18:06:15","date_gmt":"2026-04-18T18:06:15","guid":{"rendered":"https:\/\/singuli.wpress.me\/index.php\/proizvod\/oral-b-pro-3dwhite-zubna-cetkica\/"},"modified":"2026-04-20T12:33:21","modified_gmt":"2026-04-20T12:33:21","slug":"oral-b-pro-3dwhite-zubna-cetkica","status":"publish","type":"product","link":"https:\/\/singuli.wpress.me\/index.php\/proizvod\/oral-b-pro-3dwhite-zubna-cetkica\/","title":{"rendered":"ORAL-B Pro-3DWhite, zubna \u010detkica"},"content":{"rendered":"<p>Dobijte blistaviji, bjelji osmijeh u samo tjedan dana uklanjanjem povr\u0161inskih mrlja zubnom \u010detkicom ORAL-B PRO-3DWHITE. Ova klasi\u010dna zubna \u010detkica koristi zna\u010dajke za precizno dubinsko \u010di\u0161\u0107enje pod svakim kutom, kao \u0161to su izdignuta vlakna na vrhu \u010detkice koja dopiru do kutnjaka, masa\u017eeri desni za masa\u017eu desni i zonu poliranja koja nje\u017eno uklanja mrlje. Brinite o svom oralnom zdravlju uz ORAL-B, marku koju stomatolozi diljem svijeta najvi\u0161e koriste.**Na temelju ispitivanja reprezentativnog uzorka stomatologa iz cijelog svijeta koja se provode za P&amp;G<\/p>\n","protected":false},"excerpt":{"rendered":"<p>ORAL-B PRO-3DWHITE, klasi\u010dna zubna \u010detkica za blistaviji i bjelji osmijeh<br \/>\nBLISTAVIJI I BJELJI OSMIJEH u samo tjedan dana uklanjanjem povr\u0161inskih mrlja<br \/>\nZNA\u010cAJKE ZA PRECIZNO \u010cI\u0160\u0106ENJE uklju\u010duju izdignuta vlakna na vrhu \u010detkice, ugra\u0111eni \u010dista\u010d jezika i zonu za poliranje<\/p>\n","protected":false},"featured_media":37578,"template":"","meta":{"_seopress_robots_primary_cat":"","_seopress_titles_title":"","_seopress_titles_desc":"","_seopress_robots_index":"","iawp_total_views":0},"product_brand":[423],"product_cat":[192,208,207],"product_tag":[],"class_list":{"0":"post-37577","1":"product","2":"type-product","3":"status-publish","4":"has-post-thumbnail","6":"product_brand-oral-b-2","7":"product_cat-aparati-za-osobnu-njegu","8":"product_cat-elektricne-i-manualne-cetkice-za-odrasle-i-djecu","9":"product_cat-oralna-higijena","11":"first","12":"instock","13":"shipping-taxable","14":"purchasable","15":"product-type-simple"},"_links":{"self":[{"href":"https:\/\/singuli.wpress.me\/index.php\/wp-json\/wp\/v2\/product\/37577","targetHints":{"allow":["GET"]}}],"collection":[{"href":"https:\/\/singuli.wpress.me\/index.php\/wp-json\/wp\/v2\/product"}],"about":[{"href":"https:\/\/singuli.wpress.me\/index.php\/wp-json\/wp\/v2\/types\/product"}],"version-history":[{"count":0,"href":"https:\/\/singuli.wpress.me\/index.php\/wp-json\/wp\/v2\/product\/37577\/revisions"}],"wp:featuredmedia":[{"embeddable":true,"href":"https:\/\/singuli.wpress.me\/index.php\/wp-json\/wp\/v2\/media\/37578"}],"wp:attachment":[{"href":"https:\/\/singuli.wpress.me\/index.php\/wp-json\/wp\/v2\/media?parent=37577"}],"wp:term":[{"taxonomy":"product_brand","embeddable":true,"href":"https:\/\/singuli.wpress.me\/index.php\/wp-json\/wp\/v2\/product_brand?post=37577"},{"taxonomy":"product_cat","embeddable":true,"href":"https:\/\/singuli.wpress.me\/index.php\/wp-json\/wp\/v2\/product_cat?post=37577"},{"taxonomy":"product_tag","embeddable":true,"href":"https:\/\/singuli.wpress.me\/index.php\/wp-json\/wp\/v2\/product_tag?post=37577"}],"curies":[{"name":"wp","href":"https:\/\/api.w.org\/{rel}","templated":true}]}}