{"id":37582,"date":"2026-04-18T18:06:16","date_gmt":"2026-04-18T18:06:16","guid":{"rendered":"https:\/\/singuli.wpress.me\/index.php\/proizvod\/old-spice-whitewater-antiperspirantni-dezodorans-gel-70-ml\/"},"modified":"2026-04-20T12:33:21","modified_gmt":"2026-04-20T12:33:21","slug":"old-spice-whitewater-antiperspirantni-dezodorans-gel-70-ml","status":"publish","type":"product","link":"https:\/\/singuli.wpress.me\/index.php\/proizvod\/old-spice-whitewater-antiperspirantni-dezodorans-gel-70-ml\/","title":{"rendered":"OLD SPICE Whitewater, antiperspirantni dezodorans gel, 70\u00a0ml"},"content":{"rendered":"<p>U\u017eivaj u dugotrajnom mirisu parfemske kvalitete i za\u0161titi od znojenja uz antiperspirant u prozirnom gelu Old Spice Whitewater koji \u0107e ti pru\u017eiti 24-satnu svje\u017einu i suho\u0107u 7 dana u tjednu uz svakodnevnu upotrebu. Do\u017eivi nevjerojatan val suho\u0107e i reci zbogom bijelim tragovima. Zahvaljuju\u0107i toj bezbri\u017enoj svje\u017eini mo\u017ee\u0161 se usredoto\u010diti na ambicioznije pothvate poput sklapanja poslova ili podu\u010davanja dupina ljudskom govoru. Zaplovi oceanom uz osna\u017euju\u0107i miris Old Spice Whitewater. Ovaj miris spaja svje\u017ee note \u010diste vode, rasko\u0161ne sandalovine, pikantnog citrusa i tople ambre da bi te pretvorio u neustra\u0161ivog, samopouzdanog kapetana svje\u017eine. Stoga podigni jedro i prepusti se avanturi, jer uz Old Spice ne samo da \u0107e\u0161 ostati suh, ve\u0107 \u0107e\u0161 zamirisati neodoljivo kao zov sirene!<\/p>\n","protected":false},"excerpt":{"rendered":"<p>Dinami\u010dan spoj \u010diste vode, citrusa, sandalovine i ambre za vrhunski dojam svje\u017eine i samopouzdanja<br \/>\nFormula u prozirnom gelu osigurava 24-satnu za\u0161titu od znojenja bez ostavljanja bijelih tragova na odje\u0107i<br \/>\nPru\u017ea osje\u0107aj \u010disto\u0107e i suho\u0107e 7 dana u tjednu uz svakodnevnu upotrebu, \u010dak i tijekom najzahtjevnijih pothvata<\/p>\n","protected":false},"featured_media":37583,"template":"","meta":{"_seopress_robots_primary_cat":"","_seopress_titles_title":"","_seopress_titles_desc":"","_seopress_robots_index":"","iawp_total_views":0},"product_brand":[448],"product_cat":[285,268],"product_tag":[],"class_list":{"0":"post-37582","1":"product","2":"type-product","3":"status-publish","4":"has-post-thumbnail","6":"product_brand-old-spice","7":"product_cat-dezodoransi-268","8":"product_cat-kozmetika-2","10":"first","11":"outofstock","12":"shipping-taxable","13":"purchasable","14":"product-type-simple"},"_links":{"self":[{"href":"https:\/\/singuli.wpress.me\/index.php\/wp-json\/wp\/v2\/product\/37582","targetHints":{"allow":["GET"]}}],"collection":[{"href":"https:\/\/singuli.wpress.me\/index.php\/wp-json\/wp\/v2\/product"}],"about":[{"href":"https:\/\/singuli.wpress.me\/index.php\/wp-json\/wp\/v2\/types\/product"}],"version-history":[{"count":0,"href":"https:\/\/singuli.wpress.me\/index.php\/wp-json\/wp\/v2\/product\/37582\/revisions"}],"wp:featuredmedia":[{"embeddable":true,"href":"https:\/\/singuli.wpress.me\/index.php\/wp-json\/wp\/v2\/media\/37583"}],"wp:attachment":[{"href":"https:\/\/singuli.wpress.me\/index.php\/wp-json\/wp\/v2\/media?parent=37582"}],"wp:term":[{"taxonomy":"product_brand","embeddable":true,"href":"https:\/\/singuli.wpress.me\/index.php\/wp-json\/wp\/v2\/product_brand?post=37582"},{"taxonomy":"product_cat","embeddable":true,"href":"https:\/\/singuli.wpress.me\/index.php\/wp-json\/wp\/v2\/product_cat?post=37582"},{"taxonomy":"product_tag","embeddable":true,"href":"https:\/\/singuli.wpress.me\/index.php\/wp-json\/wp\/v2\/product_tag?post=37582"}],"curies":[{"name":"wp","href":"https:\/\/api.w.org\/{rel}","templated":true}]}}