{"id":37586,"date":"2026-04-18T18:06:18","date_gmt":"2026-04-18T18:06:18","guid":{"rendered":"https:\/\/singuli.wpress.me\/index.php\/proizvod\/oral-b-wales-cleaning-zubna-cetkica\/"},"modified":"2026-04-21T00:26:52","modified_gmt":"2026-04-21T00:26:52","slug":"oral-b-wales-cleaning-zubna-cetkica","status":"publish","type":"product","link":"https:\/\/singuli.wpress.me\/index.php\/proizvod\/oral-b-wales-cleaning-zubna-cetkica\/","title":{"rendered":"ORAL-B Wales Cleaning, zubna \u010detkica"},"content":{"rendered":"<p>Zubnom \u010detkicom ORAL-B PRO-CLEAN s lako\u0107om dubinski operite zube i uklonite zubne naslage. Ova klasi\u010dna zubna \u010detkica ima red interdentalnih vlakana za \u010di\u0161\u0107enje izme\u0111u zubi i uklanjanje zubnih naslaga. Zna\u010dajke za precizno pranje zubi uklju\u010duju sredi\u0161nju kapicu za uklanjanje povr\u0161inskih mrlja, masa\u017eere desni za masa\u017eu desni i ugra\u0111eni \u010dista\u010d jezika za uklanjanje bakterija s jezika i obraza. Brinite o svom oralnom zdravlju uz ORAL-B, marku koju stomatolozi diljem svijeta najvi\u0161e koriste.**Na temelju ispitivanja reprezentativnog uzorka stomatologa iz cijelog svijeta koja se provode za P&amp;G<\/p>\n","protected":false},"excerpt":{"rendered":"<p>ORAL-B PRO-CLEAN, klasi\u010dna zubna \u010detkica za uklanjanje zubnih naslaga i borbu protiv neugodnog zadaha<br \/>\nRED INTERDENTALNIH VLAKANA za dublje \u010di\u0161\u0107enje izme\u0111u zubi<br \/>\nZNA\u010cAJKE ZA PRECIZNO \u010cI\u0160\u0106ENJE uklju\u010duju masa\u017eere desni, \u010dista\u010d jezika i izdignuta vlakna na vrhu \u010detkice<\/p>\n","protected":false},"featured_media":37587,"template":"","meta":{"_seopress_robots_primary_cat":"","_seopress_titles_title":"","_seopress_titles_desc":"","_seopress_robots_index":"","iawp_total_views":0},"product_brand":[423],"product_cat":[192,208,207],"product_tag":[],"class_list":{"0":"post-37586","1":"product","2":"type-product","3":"status-publish","4":"has-post-thumbnail","6":"product_brand-oral-b-2","7":"product_cat-aparati-za-osobnu-njegu","8":"product_cat-elektricne-i-manualne-cetkice-za-odrasle-i-djecu","9":"product_cat-oralna-higijena","11":"first","12":"instock","13":"shipping-taxable","14":"purchasable","15":"product-type-simple"},"_links":{"self":[{"href":"https:\/\/singuli.wpress.me\/index.php\/wp-json\/wp\/v2\/product\/37586","targetHints":{"allow":["GET"]}}],"collection":[{"href":"https:\/\/singuli.wpress.me\/index.php\/wp-json\/wp\/v2\/product"}],"about":[{"href":"https:\/\/singuli.wpress.me\/index.php\/wp-json\/wp\/v2\/types\/product"}],"version-history":[{"count":0,"href":"https:\/\/singuli.wpress.me\/index.php\/wp-json\/wp\/v2\/product\/37586\/revisions"}],"wp:featuredmedia":[{"embeddable":true,"href":"https:\/\/singuli.wpress.me\/index.php\/wp-json\/wp\/v2\/media\/37587"}],"wp:attachment":[{"href":"https:\/\/singuli.wpress.me\/index.php\/wp-json\/wp\/v2\/media?parent=37586"}],"wp:term":[{"taxonomy":"product_brand","embeddable":true,"href":"https:\/\/singuli.wpress.me\/index.php\/wp-json\/wp\/v2\/product_brand?post=37586"},{"taxonomy":"product_cat","embeddable":true,"href":"https:\/\/singuli.wpress.me\/index.php\/wp-json\/wp\/v2\/product_cat?post=37586"},{"taxonomy":"product_tag","embeddable":true,"href":"https:\/\/singuli.wpress.me\/index.php\/wp-json\/wp\/v2\/product_tag?post=37586"}],"curies":[{"name":"wp","href":"https:\/\/api.w.org\/{rel}","templated":true}]}}