{"id":37598,"date":"2026-04-18T18:06:23","date_gmt":"2026-04-18T18:06:23","guid":{"rendered":"https:\/\/singuli.wpress.me\/index.php\/proizvod\/oral-b-complete-pasta-za-zube\/"},"modified":"2026-04-21T00:26:52","modified_gmt":"2026-04-21T00:26:52","slug":"oral-b-complete-pasta-za-zube","status":"publish","type":"product","link":"https:\/\/singuli.wpress.me\/index.php\/proizvod\/oral-b-complete-pasta-za-zube\/","title":{"rendered":"ORAL-B Complete, pasta za zube"},"content":{"rendered":"<p>Asortiman zubnih pasta Oral-B Complete pru\u017ea klini\u010dki dokazano dubinsko \u010di\u0161\u0107enje i za\u0161titu zahvaljuju\u0107i antibakterijskoj tehnologiji s cinkom koja se bori protiv glavnog uzroka zadaha tako \u0161to uklanja bakterijske zubne naslage koje uzrokuju neugodan miris, za svje\u017e dah tijekom 24 sata (uz pranje zubi dvaput dnevno). Dostupne su tri varijante (Protect &amp; Clean, Ultimate Fresh i Extra White) i 2 okusa (Extra cool i Cool mint).<\/p>\n","protected":false},"excerpt":{"rendered":"<p>ANTIBAKTERIJSKA TEHNOLOGIJA S CINKOM za borbu protiv glavnog uzroka zadaha tako \u0161to uklanja bakterijske zubne naslage koje uzrokuje neugodan miris<br \/>\nS OSVJE\u017dAVAJU\u0106IM KRISTALIMA i POBOLJ\u0160ANIM OKUSIMA za trenutnu i dugotrajnu svje\u017einu tijekom 24 sata (kad se zubi peru dvaput dnevno)<br \/>\nSVEOBUHVATNO UKLANJANJE ZUBNIH NASLAGA: posebno osmi\u0161ljeno da osigura temeljito \u010di\u0161\u0107enje kako bi se sprije\u010dilo kvarenje zubi i bolest desni<\/p>\n","protected":false},"featured_media":37599,"template":"","meta":{"_seopress_robots_primary_cat":"","_seopress_titles_title":"","_seopress_titles_desc":"","_seopress_robots_index":"","iawp_total_views":0},"product_brand":[423],"product_cat":[268,309],"product_tag":[],"class_list":{"0":"post-37598","1":"product","2":"type-product","3":"status-publish","4":"has-post-thumbnail","6":"product_brand-oral-b-2","7":"product_cat-kozmetika-2","8":"product_cat-oralna-higijena-268","10":"first","11":"instock","12":"shipping-taxable","13":"purchasable","14":"product-type-simple"},"_links":{"self":[{"href":"https:\/\/singuli.wpress.me\/index.php\/wp-json\/wp\/v2\/product\/37598","targetHints":{"allow":["GET"]}}],"collection":[{"href":"https:\/\/singuli.wpress.me\/index.php\/wp-json\/wp\/v2\/product"}],"about":[{"href":"https:\/\/singuli.wpress.me\/index.php\/wp-json\/wp\/v2\/types\/product"}],"version-history":[{"count":0,"href":"https:\/\/singuli.wpress.me\/index.php\/wp-json\/wp\/v2\/product\/37598\/revisions"}],"wp:featuredmedia":[{"embeddable":true,"href":"https:\/\/singuli.wpress.me\/index.php\/wp-json\/wp\/v2\/media\/37599"}],"wp:attachment":[{"href":"https:\/\/singuli.wpress.me\/index.php\/wp-json\/wp\/v2\/media?parent=37598"}],"wp:term":[{"taxonomy":"product_brand","embeddable":true,"href":"https:\/\/singuli.wpress.me\/index.php\/wp-json\/wp\/v2\/product_brand?post=37598"},{"taxonomy":"product_cat","embeddable":true,"href":"https:\/\/singuli.wpress.me\/index.php\/wp-json\/wp\/v2\/product_cat?post=37598"},{"taxonomy":"product_tag","embeddable":true,"href":"https:\/\/singuli.wpress.me\/index.php\/wp-json\/wp\/v2\/product_tag?post=37598"}],"curies":[{"name":"wp","href":"https:\/\/api.w.org\/{rel}","templated":true}]}}