{"id":37606,"date":"2026-04-18T18:06:26","date_gmt":"2026-04-18T18:06:26","guid":{"rendered":"https:\/\/singuli.wpress.me\/index.php\/proizvod\/oral-b-essential-floss-zubni-konac-50m\/"},"modified":"2026-04-20T12:33:21","modified_gmt":"2026-04-20T12:33:21","slug":"oral-b-essential-floss-zubni-konac-50m","status":"publish","type":"product","link":"https:\/\/singuli.wpress.me\/index.php\/proizvod\/oral-b-essential-floss-zubni-konac-50m\/","title":{"rendered":"ORAL-B Essential Floss, zubni konac, 50m"},"content":{"rendered":"<p>U\u010dinkovito o\u010distite interdentalne prostore uz pomo\u0107 zubnog konca Oral-B Essential Floss. Ovaj nenavo\u0161teni zubni konac lako prolazi izme\u0111u zubi, \u010dak i u uskim prostorima, zahvaljuju\u0107i \u010dvrstoj teksturi otpornoj na kidanje. Poma\u017ee o\u010distiti mjesta koja se samim pranjem zubi ne mogu dosegnuti i tako smanjuje nakupljanje zubnih naslaga. Konac se mo\u017ee upotrebljavati ujutro i nave\u010der kao dio rutine oralne higijene za odr\u017eavanje zdravlja desni i zubi. <\/p>\n<p>Oral-B je marka zubnih \u010detkica br. 1 koju preporu\u010duje najvi\u0161e stomatologa diljem svijeta.* Neka stoga postane neizostavan dio va\u0161e svakodnevne higijene usne \u0161upljine.<\/p>\n<p>*Na temelju ispitivanja reprezentativnog uzorka stomatologa iz cijelog svijeta koja se provode za P&amp;G<\/p>\n","protected":false},"excerpt":{"rendered":"<p>Oral-B Essential Floss poma\u017ee odr\u017eati higijenu usne \u0161upljine i \u010disti naslage izme\u0111u zubi<br \/>\nNenavo\u0161teni interdentalni konac s teksturom otpornom na kidanje<br \/>\nOmogu\u0107uje da dosegnete te\u0161ko dostupna mjesta kako biste uklonili vi\u0161e zubnih naslaga<\/p>\n","protected":false},"featured_media":37607,"template":"","meta":{"_seopress_robots_primary_cat":"","_seopress_titles_title":"","_seopress_titles_desc":"","_seopress_robots_index":"","iawp_total_views":0},"product_brand":[423],"product_cat":[268,309],"product_tag":[],"class_list":{"0":"post-37606","1":"product","2":"type-product","3":"status-publish","4":"has-post-thumbnail","6":"product_brand-oral-b-2","7":"product_cat-kozmetika-2","8":"product_cat-oralna-higijena-268","10":"first","11":"outofstock","12":"shipping-taxable","13":"purchasable","14":"product-type-simple"},"_links":{"self":[{"href":"https:\/\/singuli.wpress.me\/index.php\/wp-json\/wp\/v2\/product\/37606","targetHints":{"allow":["GET"]}}],"collection":[{"href":"https:\/\/singuli.wpress.me\/index.php\/wp-json\/wp\/v2\/product"}],"about":[{"href":"https:\/\/singuli.wpress.me\/index.php\/wp-json\/wp\/v2\/types\/product"}],"version-history":[{"count":0,"href":"https:\/\/singuli.wpress.me\/index.php\/wp-json\/wp\/v2\/product\/37606\/revisions"}],"wp:featuredmedia":[{"embeddable":true,"href":"https:\/\/singuli.wpress.me\/index.php\/wp-json\/wp\/v2\/media\/37607"}],"wp:attachment":[{"href":"https:\/\/singuli.wpress.me\/index.php\/wp-json\/wp\/v2\/media?parent=37606"}],"wp:term":[{"taxonomy":"product_brand","embeddable":true,"href":"https:\/\/singuli.wpress.me\/index.php\/wp-json\/wp\/v2\/product_brand?post=37606"},{"taxonomy":"product_cat","embeddable":true,"href":"https:\/\/singuli.wpress.me\/index.php\/wp-json\/wp\/v2\/product_cat?post=37606"},{"taxonomy":"product_tag","embeddable":true,"href":"https:\/\/singuli.wpress.me\/index.php\/wp-json\/wp\/v2\/product_tag?post=37606"}],"curies":[{"name":"wp","href":"https:\/\/api.w.org\/{rel}","templated":true}]}}