{"id":37614,"date":"2026-04-18T18:06:28","date_gmt":"2026-04-18T18:06:28","guid":{"rendered":"https:\/\/singuli.wpress.me\/index.php\/proizvod\/oral-b-pro-expert-pasta-za-zube-125-ml-2\/"},"modified":"2026-04-20T12:33:21","modified_gmt":"2026-04-20T12:33:21","slug":"oral-b-pro-expert-pasta-za-zube-125-ml-2","status":"publish","type":"product","link":"https:\/\/singuli.wpress.me\/index.php\/proizvod\/oral-b-pro-expert-pasta-za-zube-125-ml-2\/","title":{"rendered":"ORAL-B Pro-Expert, pasta za zube, 125\u00a0ml"},"content":{"rendered":"<p>Zubna pasta Oral-B Pro-Expert Gentle Whitening klini\u010dki dokazano pru\u017ea 24-satnu za\u0161titu pri upotrebi dvaput dnevno, a antibakterijska tehnologija s kositrenim fluoridom stvara za\u0161titni sloj koji poma\u017ee smanjiti rast bakterijskih naslaga \u010dak i izme\u0111u pranja zubi. Svje\u017e spoj zelene metvice te slatkih aromati\u010dnih nota i osvje\u017eavaju\u0107eg mentola pru\u017ea osna\u017euju\u0107i osje\u0107aj svje\u017eine<\/p>\n","protected":false},"excerpt":{"rendered":"<p>Klini\u010dki dokazana 24-satna profesionalna za\u0161tita pri upotrebi dvaput dnevno<br \/>\nAntibakterijska tehnologija s kositrenim fluoridom poma\u017ee smanjiti rast bakterijskih naslaga, \u010dak i izme\u0111u pranja zubi<br \/>\n\u0160titi u 8 podru\u010dja: karijes, zubne naslage, zubni kamenac, dah, desni, osjetljivost, povr\u0161inske mrlje i caklina<\/p>\n","protected":false},"featured_media":37615,"template":"","meta":{"_seopress_robots_primary_cat":"","_seopress_titles_title":"","_seopress_titles_desc":"","_seopress_robots_index":"","iawp_total_views":0},"product_brand":[423],"product_cat":[268,309],"product_tag":[],"class_list":{"0":"post-37614","1":"product","2":"type-product","3":"status-publish","4":"has-post-thumbnail","6":"product_brand-oral-b-2","7":"product_cat-kozmetika-2","8":"product_cat-oralna-higijena-268","10":"first","11":"outofstock","12":"shipping-taxable","13":"purchasable","14":"product-type-simple"},"_links":{"self":[{"href":"https:\/\/singuli.wpress.me\/index.php\/wp-json\/wp\/v2\/product\/37614","targetHints":{"allow":["GET"]}}],"collection":[{"href":"https:\/\/singuli.wpress.me\/index.php\/wp-json\/wp\/v2\/product"}],"about":[{"href":"https:\/\/singuli.wpress.me\/index.php\/wp-json\/wp\/v2\/types\/product"}],"version-history":[{"count":0,"href":"https:\/\/singuli.wpress.me\/index.php\/wp-json\/wp\/v2\/product\/37614\/revisions"}],"wp:featuredmedia":[{"embeddable":true,"href":"https:\/\/singuli.wpress.me\/index.php\/wp-json\/wp\/v2\/media\/37615"}],"wp:attachment":[{"href":"https:\/\/singuli.wpress.me\/index.php\/wp-json\/wp\/v2\/media?parent=37614"}],"wp:term":[{"taxonomy":"product_brand","embeddable":true,"href":"https:\/\/singuli.wpress.me\/index.php\/wp-json\/wp\/v2\/product_brand?post=37614"},{"taxonomy":"product_cat","embeddable":true,"href":"https:\/\/singuli.wpress.me\/index.php\/wp-json\/wp\/v2\/product_cat?post=37614"},{"taxonomy":"product_tag","embeddable":true,"href":"https:\/\/singuli.wpress.me\/index.php\/wp-json\/wp\/v2\/product_tag?post=37614"}],"curies":[{"name":"wp","href":"https:\/\/api.w.org\/{rel}","templated":true}]}}