{"id":37619,"date":"2026-04-18T18:06:29","date_gmt":"2026-04-18T18:06:29","guid":{"rendered":"https:\/\/singuli.wpress.me\/index.php\/proizvod\/oral-b-advanced-pasta-za-zube-75-ml\/"},"modified":"2026-04-20T12:33:21","modified_gmt":"2026-04-20T12:33:21","slug":"oral-b-advanced-pasta-za-zube-75-ml","status":"publish","type":"product","link":"https:\/\/singuli.wpress.me\/index.php\/proizvod\/oral-b-advanced-pasta-za-zube-75-ml\/","title":{"rendered":"ORAL-B Advanced, pasta za zube, 75\u00a0ml"},"content":{"rendered":"<p>Zubna pasta Oral-B Professional Gum Protection Cool Mint klini\u010dki dokazano poma\u017ee pobolj\u0161ati zdravlje desni s 2x u\u010dinkovitije nego obi\u010dna zubna pasta s fluoridom. Jedinstvena antibakterijska tehnologija marke Oral-B s kompleksom kositrenog fluorida i glukonatnim solima pru\u017ea za\u0161titu za sna\u017enije i zdravije desni tako \u0161to uklanja bakterije iz zubnih naslaga, \u010dak i izme\u0111u pranja zubi. Zubna pasta za svakodnevnu upotrebu.<\/p>\n","protected":false},"excerpt":{"rendered":"<p>Poma\u017ee pobolj\u0161ati zdravlje desni 2x u\u010dinkovitije nego obi\u010dna zubna pasta s fluoridom<br \/>\nAntibakterijska tehnologija s kompleksom kositrenog fluorida i glukonatnim solima stvara za\u0161titni sloj za sna\u017enije i zdravije desni<br \/>\nUklanja bakterije iz zubnih naslaga, \u010dak i izme\u0111u pranja zubi<\/p>\n","protected":false},"featured_media":37620,"template":"","meta":{"_seopress_robots_primary_cat":"","_seopress_titles_title":"","_seopress_titles_desc":"","_seopress_robots_index":"","iawp_total_views":0},"product_brand":[423],"product_cat":[268,309],"product_tag":[],"class_list":{"0":"post-37619","1":"product","2":"type-product","3":"status-publish","4":"has-post-thumbnail","6":"product_brand-oral-b-2","7":"product_cat-kozmetika-2","8":"product_cat-oralna-higijena-268","10":"first","11":"outofstock","12":"shipping-taxable","13":"purchasable","14":"product-type-simple"},"_links":{"self":[{"href":"https:\/\/singuli.wpress.me\/index.php\/wp-json\/wp\/v2\/product\/37619","targetHints":{"allow":["GET"]}}],"collection":[{"href":"https:\/\/singuli.wpress.me\/index.php\/wp-json\/wp\/v2\/product"}],"about":[{"href":"https:\/\/singuli.wpress.me\/index.php\/wp-json\/wp\/v2\/types\/product"}],"version-history":[{"count":0,"href":"https:\/\/singuli.wpress.me\/index.php\/wp-json\/wp\/v2\/product\/37619\/revisions"}],"wp:featuredmedia":[{"embeddable":true,"href":"https:\/\/singuli.wpress.me\/index.php\/wp-json\/wp\/v2\/media\/37620"}],"wp:attachment":[{"href":"https:\/\/singuli.wpress.me\/index.php\/wp-json\/wp\/v2\/media?parent=37619"}],"wp:term":[{"taxonomy":"product_brand","embeddable":true,"href":"https:\/\/singuli.wpress.me\/index.php\/wp-json\/wp\/v2\/product_brand?post=37619"},{"taxonomy":"product_cat","embeddable":true,"href":"https:\/\/singuli.wpress.me\/index.php\/wp-json\/wp\/v2\/product_cat?post=37619"},{"taxonomy":"product_tag","embeddable":true,"href":"https:\/\/singuli.wpress.me\/index.php\/wp-json\/wp\/v2\/product_tag?post=37619"}],"curies":[{"name":"wp","href":"https:\/\/api.w.org\/{rel}","templated":true}]}}