{"id":37623,"date":"2026-04-18T18:06:31","date_gmt":"2026-04-18T18:06:31","guid":{"rendered":"https:\/\/singuli.wpress.me\/index.php\/proizvod\/oral-b-advanced-pasta-za-zube-75-ml-2\/"},"modified":"2026-04-21T00:26:52","modified_gmt":"2026-04-21T00:26:52","slug":"oral-b-advanced-pasta-za-zube-75-ml-2","status":"publish","type":"product","link":"https:\/\/singuli.wpress.me\/index.php\/proizvod\/oral-b-advanced-pasta-za-zube-75-ml-2\/","title":{"rendered":"ORAL-B Advanced, pasta za zube, 75\u00a0ml"},"content":{"rendered":"<p>Zubna pasta Oral-B Advanced Sensitivity Protection Calm Sensation klini\u010dki dokazano pru\u017ea dugotrajnu za\u0161titu osjetljivih zubi s kontinuiranom upotrebom. Jedinstvena antibakterijska tehnologija marke Oral-B s kositrenim fluoridom i aktivnim umiruju\u0107im sastojcima stvara za\u0161titni sloj koji u\u010dinkovito \u0161titi osjetljive zube \u010dak i izme\u0111u pranja te pru\u017ea osje\u0107aj svje\u017eine tijekom i nakon pranja zubi. Prikladno za osjetljive zube. Zubna pasta za svakodnevnu upotrebu.<\/p>\n","protected":false},"excerpt":{"rendered":"<p>Klini\u010dki dokazana dugotrajna za\u0161tita za osjetljive zube s kontinuiranom upotrebom<br \/>\nJedinstvena antibakterijska tehnologija marke Oral-B s kositrenim fluoridom i aktivnim umiruju\u0107im sastojcima stvara za\u0161titni sloj koji u\u010dinkovito \u0161titi osjetljive zube \u010dak i izme\u0111u pranja<br \/>\nPru\u017ea osje\u0107aj svje\u017eine tijekom i nakon pranja zubi<\/p>\n","protected":false},"featured_media":37624,"template":"","meta":{"_seopress_robots_primary_cat":"","_seopress_titles_title":"","_seopress_titles_desc":"","_seopress_robots_index":"","iawp_total_views":0},"product_brand":[423],"product_cat":[268,309],"product_tag":[],"class_list":{"0":"post-37623","1":"product","2":"type-product","3":"status-publish","4":"has-post-thumbnail","6":"product_brand-oral-b-2","7":"product_cat-kozmetika-2","8":"product_cat-oralna-higijena-268","10":"first","11":"outofstock","12":"shipping-taxable","13":"purchasable","14":"product-type-simple"},"_links":{"self":[{"href":"https:\/\/singuli.wpress.me\/index.php\/wp-json\/wp\/v2\/product\/37623","targetHints":{"allow":["GET"]}}],"collection":[{"href":"https:\/\/singuli.wpress.me\/index.php\/wp-json\/wp\/v2\/product"}],"about":[{"href":"https:\/\/singuli.wpress.me\/index.php\/wp-json\/wp\/v2\/types\/product"}],"version-history":[{"count":0,"href":"https:\/\/singuli.wpress.me\/index.php\/wp-json\/wp\/v2\/product\/37623\/revisions"}],"wp:featuredmedia":[{"embeddable":true,"href":"https:\/\/singuli.wpress.me\/index.php\/wp-json\/wp\/v2\/media\/37624"}],"wp:attachment":[{"href":"https:\/\/singuli.wpress.me\/index.php\/wp-json\/wp\/v2\/media?parent=37623"}],"wp:term":[{"taxonomy":"product_brand","embeddable":true,"href":"https:\/\/singuli.wpress.me\/index.php\/wp-json\/wp\/v2\/product_brand?post=37623"},{"taxonomy":"product_cat","embeddable":true,"href":"https:\/\/singuli.wpress.me\/index.php\/wp-json\/wp\/v2\/product_cat?post=37623"},{"taxonomy":"product_tag","embeddable":true,"href":"https:\/\/singuli.wpress.me\/index.php\/wp-json\/wp\/v2\/product_tag?post=37623"}],"curies":[{"name":"wp","href":"https:\/\/api.w.org\/{rel}","templated":true}]}}