{"id":37638,"date":"2026-04-18T18:06:38","date_gmt":"2026-04-18T18:06:38","guid":{"rendered":"https:\/\/singuli.wpress.me\/index.php\/proizvod\/oral-b-pro-expert-pasta-za-zube-75-ml-4\/"},"modified":"2026-04-20T12:33:21","modified_gmt":"2026-04-20T12:33:21","slug":"oral-b-pro-expert-pasta-za-zube-75-ml-4","status":"publish","type":"product","link":"https:\/\/singuli.wpress.me\/index.php\/proizvod\/oral-b-pro-expert-pasta-za-zube-75-ml-4\/","title":{"rendered":"ORAL-B Pro Expert, pasta za zube, 75\u00a0ml"},"content":{"rendered":"<p>Zubna pasta Oral-B Pro-Expert Fresh Breath klini\u010dki dokazano pru\u017ea 24-satnu za\u0161titu pri upotrebi dvaput dnevno, a antibakterijska tehnologija s kositrenim fluoridom stvara za\u0161titni sloj koji poma\u017ee smanjiti rast bakterijskih naslaga \u010dak i izme\u0111u pranja zubi. Spoj paprene metvice, zelene metvice, mentola i nota vanilije pru\u017ea osje\u0107aj \u010diste svje\u017eine<\/p>\n","protected":false},"excerpt":{"rendered":"<p>Klini\u010dki dokazana 24-satna profesionalna za\u0161tita pri upotrebi dvaput dnevno<br \/>\nAntibakterijska tehnologija s kositrenim fluoridom poma\u017ee smanjiti rast bakterijskih naslaga, \u010dak i izme\u0111u pranja zubi<br \/>\n\u0160titi u 8 podru\u010dja: karijes, zubne naslage, zubni kamenac, dah, desni, osjetljivost, povr\u0161inske mrlje i caklina<\/p>\n","protected":false},"featured_media":37639,"template":"","meta":{"_seopress_robots_primary_cat":"","_seopress_titles_title":"","_seopress_titles_desc":"","_seopress_robots_index":"","iawp_total_views":0},"product_brand":[423],"product_cat":[268,309],"product_tag":[],"class_list":{"0":"post-37638","1":"product","2":"type-product","3":"status-publish","4":"has-post-thumbnail","6":"product_brand-oral-b-2","7":"product_cat-kozmetika-2","8":"product_cat-oralna-higijena-268","10":"first","11":"outofstock","12":"shipping-taxable","13":"purchasable","14":"product-type-simple"},"_links":{"self":[{"href":"https:\/\/singuli.wpress.me\/index.php\/wp-json\/wp\/v2\/product\/37638","targetHints":{"allow":["GET"]}}],"collection":[{"href":"https:\/\/singuli.wpress.me\/index.php\/wp-json\/wp\/v2\/product"}],"about":[{"href":"https:\/\/singuli.wpress.me\/index.php\/wp-json\/wp\/v2\/types\/product"}],"version-history":[{"count":0,"href":"https:\/\/singuli.wpress.me\/index.php\/wp-json\/wp\/v2\/product\/37638\/revisions"}],"wp:featuredmedia":[{"embeddable":true,"href":"https:\/\/singuli.wpress.me\/index.php\/wp-json\/wp\/v2\/media\/37639"}],"wp:attachment":[{"href":"https:\/\/singuli.wpress.me\/index.php\/wp-json\/wp\/v2\/media?parent=37638"}],"wp:term":[{"taxonomy":"product_brand","embeddable":true,"href":"https:\/\/singuli.wpress.me\/index.php\/wp-json\/wp\/v2\/product_brand?post=37638"},{"taxonomy":"product_cat","embeddable":true,"href":"https:\/\/singuli.wpress.me\/index.php\/wp-json\/wp\/v2\/product_cat?post=37638"},{"taxonomy":"product_tag","embeddable":true,"href":"https:\/\/singuli.wpress.me\/index.php\/wp-json\/wp\/v2\/product_tag?post=37638"}],"curies":[{"name":"wp","href":"https:\/\/api.w.org\/{rel}","templated":true}]}}