{"id":37662,"date":"2026-04-18T18:06:52","date_gmt":"2026-04-18T18:06:52","guid":{"rendered":"https:\/\/singuli.wpress.me\/index.php\/proizvod\/oral-b-ioseries6-elektricna-cetkica-za-zube-duopack\/"},"modified":"2026-04-20T12:33:21","modified_gmt":"2026-04-20T12:33:21","slug":"oral-b-ioseries6-elektricna-cetkica-za-zube-duopack","status":"publish","type":"product","link":"https:\/\/singuli.wpress.me\/index.php\/proizvod\/oral-b-ioseries6-elektricna-cetkica-za-zube-duopack\/","title":{"rendered":"ORAL-B iOSeries6, elektri\u010dna \u010detkica za zube, duopack"},"content":{"rendered":"<p>Elektri\u010dna zubna \u010detkica iO 6 koristi Najbolju Tehnologiju Za \u010ci\u0161\u0107enje Marke Oral-B te kombinacijom nje\u017enih mikrovibracija i jedinstvene okrugle glave \u010detkice nadahnute stomatolo\u0161kom opremom pru\u017ea osje\u0107aj profesionalnog \u010di\u0161\u0107enja svakog dana. Klini\u010dki Dokazana Tehnologija. Osmi\u0161ljena kako bi sprije\u010dila probleme prije nego \u0161to do njih do\u0111e. Preuzmite aplikaciju Oral-B kako biste pratili trajanje pranja i pokrivenost pojedine zone prilikom \u010detkanja te osigurali da nikada ne propustite niti jednu povr\u0161inu. Sinkronizirajte s Aplikacijom Apple Health i pratite prosje\u010dno trajanje \u010detkanja svaki dan. Za najbolje rezultate, glavu zubne \u010detkice zamijenite svaka 3 mjeseca.<\/p>\n","protected":false},"excerpt":{"rendered":"<p>DIGITALNI VODI\u010c usmjerava vas pomo\u0107u APLIKACIJE ORAL-B tako da o\u010detkate sva podru\u010dja i nikada ne propustite niti jednu povr\u0161inu<br \/>\nAPLIKACIJA ORAL-B omogu\u0107uje vam da pratite trajanje pranja i pokrivenost pojedine zone prilikom \u010detkanja te poma\u017ee da nikada ne propustite niti jednu povr\u0161inu. SINKRONIZIRAJTE S APLIKACIJOM APPLE HEALTH i pratite prosje\u010dno trajanje \u010detkanja<br \/>\nINTERAKTIVANINTERAKTIVNI ZASLON \u010cETKICE kojipoma\u017eeslavivam da dobijete SAVR\u0160ENO \u010cISTE ZUBE tako \u0161to prati du\u017einu pranja i pritisak \u010detkice te vas podsje\u0107a kada treba zamijeniti glavu zubne \u010detkice<\/p>\n","protected":false},"featured_media":37663,"template":"","meta":{"_seopress_robots_primary_cat":"","_seopress_titles_title":"","_seopress_titles_desc":"","_seopress_robots_index":"","iawp_total_views":0},"product_brand":[423],"product_cat":[293,192,292],"product_tag":[],"class_list":{"0":"post-37662","1":"product","2":"type-product","3":"status-publish","4":"has-post-thumbnail","6":"product_brand-oral-b-2","7":"product_cat-aparati-za-djecu-i-odrasle-292","8":"product_cat-aparati-za-osobnu-njegu","9":"product_cat-oralna-higijena-uredaji-192","11":"first","12":"instock","13":"shipping-taxable","14":"purchasable","15":"product-type-simple"},"_links":{"self":[{"href":"https:\/\/singuli.wpress.me\/index.php\/wp-json\/wp\/v2\/product\/37662","targetHints":{"allow":["GET"]}}],"collection":[{"href":"https:\/\/singuli.wpress.me\/index.php\/wp-json\/wp\/v2\/product"}],"about":[{"href":"https:\/\/singuli.wpress.me\/index.php\/wp-json\/wp\/v2\/types\/product"}],"version-history":[{"count":0,"href":"https:\/\/singuli.wpress.me\/index.php\/wp-json\/wp\/v2\/product\/37662\/revisions"}],"wp:featuredmedia":[{"embeddable":true,"href":"https:\/\/singuli.wpress.me\/index.php\/wp-json\/wp\/v2\/media\/37663"}],"wp:attachment":[{"href":"https:\/\/singuli.wpress.me\/index.php\/wp-json\/wp\/v2\/media?parent=37662"}],"wp:term":[{"taxonomy":"product_brand","embeddable":true,"href":"https:\/\/singuli.wpress.me\/index.php\/wp-json\/wp\/v2\/product_brand?post=37662"},{"taxonomy":"product_cat","embeddable":true,"href":"https:\/\/singuli.wpress.me\/index.php\/wp-json\/wp\/v2\/product_cat?post=37662"},{"taxonomy":"product_tag","embeddable":true,"href":"https:\/\/singuli.wpress.me\/index.php\/wp-json\/wp\/v2\/product_tag?post=37662"}],"curies":[{"name":"wp","href":"https:\/\/api.w.org\/{rel}","templated":true}]}}