{"id":37666,"date":"2026-04-18T18:06:57","date_gmt":"2026-04-18T18:06:57","guid":{"rendered":"https:\/\/singuli.wpress.me\/index.php\/proizvod\/oral-b-ioseries2-elektricna-cetkica-za-zube-2\/"},"modified":"2026-04-20T12:33:21","modified_gmt":"2026-04-20T12:33:21","slug":"oral-b-ioseries2-elektricna-cetkica-za-zube-2","status":"publish","type":"product","link":"https:\/\/singuli.wpress.me\/index.php\/proizvod\/oral-b-ioseries2-elektricna-cetkica-za-zube-2\/","title":{"rendered":"ORAL-B iOSeries2, elektri\u010dna \u010detkica za zube"},"content":{"rendered":"<p>Kombinacijom nje\u017enih mikrovibracija i jedinstvene okrugle glave \u010detkice nadahnute stomatolo\u0161kom opremom elektri\u010dna zubna \u010detkica Oral-B iO 2 pru\u017ea vam osje\u0107aj profesionalnog \u010di\u0161\u0107enja svakog dana, a pritom je jednostavna za kori\u0161tenje.  Osmi\u0161ljena je za korisnike klasi\u010dnih \u010detkica koji tra\u017ee lak prijelaz na elektri\u010dnu zubnu \u010detkicu: dr\u0161ka ima elegantan dizajn i samo 1 gumb, tiho radi i ima dugotrajnu bateriju koja traje do 4 tjedna s jednim punjenjem. Za najbolje rezultate, glavu zubne \u010detkice zamijenite svaka 3 mjeseca.<\/p>\n","protected":false},"excerpt":{"rendered":"<p>OSMI\u0160LJENA ZA LAK PRIJELAZ NA ELEKTRI\u010cNU ZUBNU \u010cETKICU s elegantnom dr\u0161kom, samo 1 gumbom, tihim radom i dugotrajnom baterijom<br \/>\nSVAKODNEVNA PRAKTI\u010cNOST zahvaljuju\u0107i dugotrajnoj bateriji koja traje do 4 tjedna s 1 punjenjem<br \/>\nNJE\u017dNO \u010cI\u0160\u0106ENJE: 100% vi\u0161e uklanjanja zubnih naslaga \u010dak i na te\u0161ko dostupnim podru\u010djima u usporedbi s obi\u010dnom klasi\u010dnom zubnom \u010detkicom<\/p>\n","protected":false},"featured_media":37667,"template":"","meta":{"_seopress_robots_primary_cat":"","_seopress_titles_title":"","_seopress_titles_desc":"","_seopress_robots_index":"","iawp_total_views":0},"product_brand":[423],"product_cat":[293,192,292],"product_tag":[],"class_list":{"0":"post-37666","1":"product","2":"type-product","3":"status-publish","4":"has-post-thumbnail","6":"product_brand-oral-b-2","7":"product_cat-aparati-za-djecu-i-odrasle-292","8":"product_cat-aparati-za-osobnu-njegu","9":"product_cat-oralna-higijena-uredaji-192","11":"first","12":"instock","13":"shipping-taxable","14":"purchasable","15":"product-type-simple"},"_links":{"self":[{"href":"https:\/\/singuli.wpress.me\/index.php\/wp-json\/wp\/v2\/product\/37666","targetHints":{"allow":["GET"]}}],"collection":[{"href":"https:\/\/singuli.wpress.me\/index.php\/wp-json\/wp\/v2\/product"}],"about":[{"href":"https:\/\/singuli.wpress.me\/index.php\/wp-json\/wp\/v2\/types\/product"}],"version-history":[{"count":0,"href":"https:\/\/singuli.wpress.me\/index.php\/wp-json\/wp\/v2\/product\/37666\/revisions"}],"wp:featuredmedia":[{"embeddable":true,"href":"https:\/\/singuli.wpress.me\/index.php\/wp-json\/wp\/v2\/media\/37667"}],"wp:attachment":[{"href":"https:\/\/singuli.wpress.me\/index.php\/wp-json\/wp\/v2\/media?parent=37666"}],"wp:term":[{"taxonomy":"product_brand","embeddable":true,"href":"https:\/\/singuli.wpress.me\/index.php\/wp-json\/wp\/v2\/product_brand?post=37666"},{"taxonomy":"product_cat","embeddable":true,"href":"https:\/\/singuli.wpress.me\/index.php\/wp-json\/wp\/v2\/product_cat?post=37666"},{"taxonomy":"product_tag","embeddable":true,"href":"https:\/\/singuli.wpress.me\/index.php\/wp-json\/wp\/v2\/product_tag?post=37666"}],"curies":[{"name":"wp","href":"https:\/\/api.w.org\/{rel}","templated":true}]}}