{"id":37679,"date":"2026-04-18T18:07:03","date_gmt":"2026-04-18T18:07:03","guid":{"rendered":"https:\/\/singuli.wpress.me\/index.php\/proizvod\/old-spice-cold-spice-24-7-antiperspirantni-dezodorans-gel-70-ml\/"},"modified":"2026-04-20T12:33:21","modified_gmt":"2026-04-20T12:33:21","slug":"old-spice-cold-spice-24-7-antiperspirantni-dezodorans-gel-70-ml","status":"publish","type":"product","link":"https:\/\/singuli.wpress.me\/index.php\/proizvod\/old-spice-cold-spice-24-7-antiperspirantni-dezodorans-gel-70-ml\/","title":{"rendered":"OLD SPICE Cold Spice 24\/7, antiperspirantni dezodorans gel, 70\u00a0ml"},"content":{"rendered":"<p>Pripremi se za nevjerojatan osje\u0107aj svje\u017eine uz Prozirni Antiperspirantni Gel Old Spice Cold Spice 24\/7 Fresh &amp; Dry*! Do\u017eivi trenutni osje\u0107aj svje\u017eine uz Rashla\u0111uju\u0107i U\u010dinak od \u20135 \u00b0C** uz koji \u0107e\u0161 se osje\u0107ati svje\u017ee cijeli dan. Formula 5X Aktivne Za\u0161tite Old Spice pru\u017ea postojan miris, za\u0161titu od neugodnih mirisa, za\u0161titu od znojenja, osloba\u0111anje mirisa koje se aktivira prilikom znojenja i tehnologiju postojanog mirisa te osigurava da ostane\u0161 za\u0161ti\u0107en tijekom tvojih najodva\u017enijih pothvata. U\u017eivaj u iznimnoj za\u0161titi od neugodnih mirisa uz miris parfemske kvalitete Cool Mint, oboga\u0107en aromati\u010dnim biljem i osvje\u017eavaju\u0107om koricom limuna. Zaboravi na bijele mrlje i otkrij osvje\u017eavaju\u0107e ljetne vibracije \u2013 osje\u0107at \u0107e\u0161 se kao da si na pla\u017ei na kojoj pingvini surfaju sa stilom (*uz svakodnevnu upotrebu, **rashla\u0111uju\u0107i u\u010dinak od \u20135 \u00baC na ko\u017ei mo\u017ee varirati).<\/p>\n","protected":false},"excerpt":{"rendered":"<p>Do\u017eivi trenutno osvje\u017eenje i osje\u0107aj hla\u0111enja na ko\u017ei koji te odr\u017eava svje\u017eim tijekom cijelog dana<br \/>\nNapredna formula koja pru\u017ea postojan miris, za\u0161titu od znojenja i neugodnih mirisa uz tehnologiju koja se aktivira pri znojenju<br \/>\nParfemska kvaliteta mirisa s notama mente, aromati\u010dnog bilja i korice limuna za prave ljetne vibracije bez bijelih mrlja<\/p>\n","protected":false},"featured_media":37680,"template":"","meta":{"_seopress_robots_primary_cat":"","_seopress_titles_title":"","_seopress_titles_desc":"","_seopress_robots_index":"","iawp_total_views":0},"product_brand":[448],"product_cat":[285,268],"product_tag":[],"class_list":{"0":"post-37679","1":"product","2":"type-product","3":"status-publish","4":"has-post-thumbnail","6":"product_brand-old-spice","7":"product_cat-dezodoransi-268","8":"product_cat-kozmetika-2","10":"first","11":"outofstock","12":"shipping-taxable","13":"purchasable","14":"product-type-simple"},"_links":{"self":[{"href":"https:\/\/singuli.wpress.me\/index.php\/wp-json\/wp\/v2\/product\/37679","targetHints":{"allow":["GET"]}}],"collection":[{"href":"https:\/\/singuli.wpress.me\/index.php\/wp-json\/wp\/v2\/product"}],"about":[{"href":"https:\/\/singuli.wpress.me\/index.php\/wp-json\/wp\/v2\/types\/product"}],"version-history":[{"count":0,"href":"https:\/\/singuli.wpress.me\/index.php\/wp-json\/wp\/v2\/product\/37679\/revisions"}],"wp:featuredmedia":[{"embeddable":true,"href":"https:\/\/singuli.wpress.me\/index.php\/wp-json\/wp\/v2\/media\/37680"}],"wp:attachment":[{"href":"https:\/\/singuli.wpress.me\/index.php\/wp-json\/wp\/v2\/media?parent=37679"}],"wp:term":[{"taxonomy":"product_brand","embeddable":true,"href":"https:\/\/singuli.wpress.me\/index.php\/wp-json\/wp\/v2\/product_brand?post=37679"},{"taxonomy":"product_cat","embeddable":true,"href":"https:\/\/singuli.wpress.me\/index.php\/wp-json\/wp\/v2\/product_cat?post=37679"},{"taxonomy":"product_tag","embeddable":true,"href":"https:\/\/singuli.wpress.me\/index.php\/wp-json\/wp\/v2\/product_tag?post=37679"}],"curies":[{"name":"wp","href":"https:\/\/api.w.org\/{rel}","templated":true}]}}