{"id":37684,"date":"2026-04-18T18:07:04","date_gmt":"2026-04-18T18:07:04","guid":{"rendered":"https:\/\/singuli.wpress.me\/index.php\/proizvod\/always-platinum-super-extra-higijenski-ulosci-22-kom\/"},"modified":"2026-04-20T12:33:21","modified_gmt":"2026-04-20T12:33:21","slug":"always-platinum-super-extra-higijenski-ulosci-22-kom","status":"publish","type":"product","link":"https:\/\/singuli.wpress.me\/index.php\/proizvod\/always-platinum-super-extra-higijenski-ulosci-22-kom\/","title":{"rendered":"ALWAYS Platinum Super Extra, higijenski ulo\u0161ci, 22\u00a0kom"},"content":{"rendered":"<p>Iskusite izvanrednu za\u0161titu s higijenskim ulo\u0161cima ALWAYS Platinum Super Extra (Veli\u010dina 3). Zahvaljuju\u0107i jedinstvenoj tehnologiji Contour Flex, ulo\u017eak se prilago\u0111ava va\u0161em tijelu i hvata menstrualno krvarenje izravno na izvoru kako teku\u0107ina ne bi pobjegla te vas tako \u0161titi propu\u0161tanja. Osim toga, povr\u0161inski sloj je nje\u017ean na dodir, a upija krv u nekoliko sekundi, osiguravaju\u0107i osje\u0107aj suho\u0107e i \u010disto\u0107e tijekom cijelog dana, dok tehnologija OdourLock neutralizira neugodne mirise za cjelodnevnu svje\u017einu. Odaberite Always Platinum za Dobro Prilago\u0111avanje Tijelu, Bez Propu\u0161tanja, Bez Nereda, Bez Gu\u017evanja i Bez Neugodnih Mirisa. Za dodatnu za\u0161titu no\u0107u isprobajte Veli\u010dine Always Night.<\/p>\n","protected":false},"excerpt":{"rendered":"<p>Ulo\u017eak se savr\u0161eno prilago\u0111ava obliku va\u0161eg tijela, hvataju\u0107i teku\u0107inu izravno na izvoru<br \/>\nNapredna tehnologija koja aktivno neutralizira neugodne mirise, pru\u017eaju\u0107i osje\u0107aj svje\u017eine cijeli dan<br \/>\nPovr\u0161inski sloj nje\u017ean je prema ko\u017ei, a upija teku\u0107inu u sekundi za maksimalnu \u010disto\u0107u bez nereda<\/p>\n","protected":false},"featured_media":37685,"template":"","meta":{"_seopress_robots_primary_cat":"","_seopress_titles_title":"","_seopress_titles_desc":"","_seopress_robots_index":"","iawp_total_views":0},"product_brand":[449],"product_cat":[211,288],"product_tag":[],"class_list":{"0":"post-37684","1":"product","2":"type-product","3":"status-publish","4":"has-post-thumbnail","6":"product_brand-always","7":"product_cat-njega-majke-i-djeteta","8":"product_cat-zenska-higijena-211","10":"first","11":"outofstock","12":"shipping-taxable","13":"purchasable","14":"product-type-simple"},"_links":{"self":[{"href":"https:\/\/singuli.wpress.me\/index.php\/wp-json\/wp\/v2\/product\/37684","targetHints":{"allow":["GET"]}}],"collection":[{"href":"https:\/\/singuli.wpress.me\/index.php\/wp-json\/wp\/v2\/product"}],"about":[{"href":"https:\/\/singuli.wpress.me\/index.php\/wp-json\/wp\/v2\/types\/product"}],"version-history":[{"count":0,"href":"https:\/\/singuli.wpress.me\/index.php\/wp-json\/wp\/v2\/product\/37684\/revisions"}],"wp:featuredmedia":[{"embeddable":true,"href":"https:\/\/singuli.wpress.me\/index.php\/wp-json\/wp\/v2\/media\/37685"}],"wp:attachment":[{"href":"https:\/\/singuli.wpress.me\/index.php\/wp-json\/wp\/v2\/media?parent=37684"}],"wp:term":[{"taxonomy":"product_brand","embeddable":true,"href":"https:\/\/singuli.wpress.me\/index.php\/wp-json\/wp\/v2\/product_brand?post=37684"},{"taxonomy":"product_cat","embeddable":true,"href":"https:\/\/singuli.wpress.me\/index.php\/wp-json\/wp\/v2\/product_cat?post=37684"},{"taxonomy":"product_tag","embeddable":true,"href":"https:\/\/singuli.wpress.me\/index.php\/wp-json\/wp\/v2\/product_tag?post=37684"}],"curies":[{"name":"wp","href":"https:\/\/api.w.org\/{rel}","templated":true}]}}