{"id":37688,"date":"2026-04-18T18:07:07","date_gmt":"2026-04-18T18:07:07","guid":{"rendered":"https:\/\/singuli.wpress.me\/index.php\/proizvod\/always-classic-long-higijenski-ulosci-9-kom\/"},"modified":"2026-04-20T12:33:21","modified_gmt":"2026-04-20T12:33:21","slug":"always-classic-long-higijenski-ulosci-9-kom","status":"publish","type":"product","link":"https:\/\/singuli.wpress.me\/index.php\/proizvod\/always-classic-long-higijenski-ulosci-9-kom\/","title":{"rendered":"ALWAYS Classic Long, higijenski ulo\u0161ci, 9\u00a0kom"},"content":{"rendered":"<p>Higijenski ulo\u0161ci s krilcima Always Classic Long pru\u017eaju za\u0161titu i osje\u0107aj \u010disto\u0107e, a imaju i 3 aktivne zone upijanja koje poma\u017eu da se osje\u0107ate za\u0161ti\u0107eno tijekom cijelog dana.<\/p>\n","protected":false},"excerpt":{"rendered":"<p>Specijalno dizajnirane zone za maksimalno upijanje i sigurnost<br \/>\nPru\u017eaju dugotrajan osje\u0107aj svje\u017eine i udobnosti tijekom cijelog dana<br \/>\nIzdu\u017eeni oblik s krilcima za bolju fiksaciju i vrhunsku za\u0161titu od curenja<\/p>\n","protected":false},"featured_media":37689,"template":"","meta":{"_seopress_robots_primary_cat":"","_seopress_titles_title":"","_seopress_titles_desc":"","_seopress_robots_index":"","iawp_total_views":0},"product_brand":[449],"product_cat":[211,288],"product_tag":[],"class_list":{"0":"post-37688","1":"product","2":"type-product","3":"status-publish","4":"has-post-thumbnail","6":"product_brand-always","7":"product_cat-njega-majke-i-djeteta","8":"product_cat-zenska-higijena-211","10":"first","11":"instock","12":"shipping-taxable","13":"purchasable","14":"product-type-simple"},"_links":{"self":[{"href":"https:\/\/singuli.wpress.me\/index.php\/wp-json\/wp\/v2\/product\/37688","targetHints":{"allow":["GET"]}}],"collection":[{"href":"https:\/\/singuli.wpress.me\/index.php\/wp-json\/wp\/v2\/product"}],"about":[{"href":"https:\/\/singuli.wpress.me\/index.php\/wp-json\/wp\/v2\/types\/product"}],"version-history":[{"count":0,"href":"https:\/\/singuli.wpress.me\/index.php\/wp-json\/wp\/v2\/product\/37688\/revisions"}],"wp:featuredmedia":[{"embeddable":true,"href":"https:\/\/singuli.wpress.me\/index.php\/wp-json\/wp\/v2\/media\/37689"}],"wp:attachment":[{"href":"https:\/\/singuli.wpress.me\/index.php\/wp-json\/wp\/v2\/media?parent=37688"}],"wp:term":[{"taxonomy":"product_brand","embeddable":true,"href":"https:\/\/singuli.wpress.me\/index.php\/wp-json\/wp\/v2\/product_brand?post=37688"},{"taxonomy":"product_cat","embeddable":true,"href":"https:\/\/singuli.wpress.me\/index.php\/wp-json\/wp\/v2\/product_cat?post=37688"},{"taxonomy":"product_tag","embeddable":true,"href":"https:\/\/singuli.wpress.me\/index.php\/wp-json\/wp\/v2\/product_tag?post=37688"}],"curies":[{"name":"wp","href":"https:\/\/api.w.org\/{rel}","templated":true}]}}