{"id":37691,"date":"2026-04-18T18:07:08","date_gmt":"2026-04-18T18:07:08","guid":{"rendered":"https:\/\/singuli.wpress.me\/index.php\/proizvod\/gillette-series-conditioning-pjena-za-brijanje-250-ml\/"},"modified":"2026-04-21T00:26:52","modified_gmt":"2026-04-21T00:26:52","slug":"gillette-series-conditioning-pjena-za-brijanje-250-ml","status":"publish","type":"product","link":"https:\/\/singuli.wpress.me\/index.php\/proizvod\/gillette-series-conditioning-pjena-za-brijanje-250-ml\/","title":{"rendered":"GILLETTE Series Conditioning, pjena za brijanje, 250\u00a0ml"},"content":{"rendered":"<p>Isprobajte njeguju\u0107u pjenu za brijanje Gillette Series Conditioning koja pru\u017ea potpunu za\u0161titu od nadra\u017eivanja ko\u017ee, smanjuju\u0107i posjekotine, crvenilo, peckanje, \u017earenje i zatezanje. Otkrijte formulu pjene koja poma\u017ee njegovati dla\u010dice i ko\u017eu tijekom brijanja. Njezina pjenasta tekstura hidratizira svaku dla\u010dicu kako bi se lak\u0161e odrezala uz manje zapinjanja, \u010dupanja i trenja. Poka\u017eite svijetu svoje najbolje lice uz pjenu za brijanje Gillette Series koju je za mu\u0161karce osmislila marka gelova i pjeni za brijanje broj 1 u svijetu.<\/p>\n","protected":false},"excerpt":{"rendered":"<p>Formula dizajnirana da aktivno smanjuje 5 znakova nadra\u017eivanja: posjekotine, crvenilo, peckanje, \u017earenje i zatezanje<br \/>\nBogata pjena vla\u017ei svaku dla\u010dicu, omogu\u0107uju\u0107i o\u0161trici da klizi uz minimalno trenje i \u010dupanje<br \/>\nPosebno osmi\u0161ljena da istovremeno njeguje ko\u017eu i omek\u0161ava dla\u010dice za lak\u0161e i ugodnije brijanje<\/p>\n","protected":false},"featured_media":37692,"template":"","meta":{"_seopress_robots_primary_cat":"","_seopress_titles_title":"","_seopress_titles_desc":"","_seopress_robots_index":"","iawp_total_views":0},"product_brand":[323],"product_cat":[268,278],"product_tag":[],"class_list":{"0":"post-37691","1":"product","2":"type-product","3":"status-publish","4":"has-post-thumbnail","6":"product_brand-gillette","7":"product_cat-kozmetika-2","8":"product_cat-njega-tijela-268","10":"first","11":"instock","12":"shipping-taxable","13":"purchasable","14":"product-type-simple"},"_links":{"self":[{"href":"https:\/\/singuli.wpress.me\/index.php\/wp-json\/wp\/v2\/product\/37691","targetHints":{"allow":["GET"]}}],"collection":[{"href":"https:\/\/singuli.wpress.me\/index.php\/wp-json\/wp\/v2\/product"}],"about":[{"href":"https:\/\/singuli.wpress.me\/index.php\/wp-json\/wp\/v2\/types\/product"}],"version-history":[{"count":0,"href":"https:\/\/singuli.wpress.me\/index.php\/wp-json\/wp\/v2\/product\/37691\/revisions"}],"wp:featuredmedia":[{"embeddable":true,"href":"https:\/\/singuli.wpress.me\/index.php\/wp-json\/wp\/v2\/media\/37692"}],"wp:attachment":[{"href":"https:\/\/singuli.wpress.me\/index.php\/wp-json\/wp\/v2\/media?parent=37691"}],"wp:term":[{"taxonomy":"product_brand","embeddable":true,"href":"https:\/\/singuli.wpress.me\/index.php\/wp-json\/wp\/v2\/product_brand?post=37691"},{"taxonomy":"product_cat","embeddable":true,"href":"https:\/\/singuli.wpress.me\/index.php\/wp-json\/wp\/v2\/product_cat?post=37691"},{"taxonomy":"product_tag","embeddable":true,"href":"https:\/\/singuli.wpress.me\/index.php\/wp-json\/wp\/v2\/product_tag?post=37691"}],"curies":[{"name":"wp","href":"https:\/\/api.w.org\/{rel}","templated":true}]}}