{"id":37693,"date":"2026-04-18T18:07:08","date_gmt":"2026-04-18T18:07:08","guid":{"rendered":"https:\/\/singuli.wpress.me\/index.php\/proizvod\/old-spice-cold-spice-24-7-gel-za-tusiranje-400-ml\/"},"modified":"2026-04-20T12:33:21","modified_gmt":"2026-04-20T12:33:21","slug":"old-spice-cold-spice-24-7-gel-za-tusiranje-400-ml","status":"publish","type":"product","link":"https:\/\/singuli.wpress.me\/index.php\/proizvod\/old-spice-cold-spice-24-7-gel-za-tusiranje-400-ml\/","title":{"rendered":"OLD SPICE Cold Spice 24\/7, gel za tu\u0161iranje, 400\u00a0ml"},"content":{"rendered":"<p>Brrrrrrrrrrrrrr. Pripremi se za trenutni osje\u0107aj svje\u017eine uz Gel Za Tu\u0161iranje I \u0160ampon Old Spice Cold Spice za mu\u0161karce! Oslobodi nezaboravnu dugotrajnu svje\u017einu i fantamirisno samopouzdanje. Njegova formula za dubinsko \u010di\u0161\u0107enje oboga\u0107ena mirisom parfemske kvalitete s mentolom uklanja prljav\u0161tinu i neugodne mirise, a tvoja ko\u017ea ostaje svje\u017ea i \u010dista. Ova vi\u0161enamjenska 3-u-1 formula djelotvorna je za tvoje tijelo, kosu i lice tako da se mo\u017ee\u0161 usredoto\u010diti na svoje najodva\u017enije pothvate. Miris parfemske kvalitete Cool Mint, s osna\u017euju\u0107im notama smrznutog ru\u017emarina i osvje\u017eavaju\u0107im notama citrusa, odvest \u0107e te na pla\u017eu na kojoj pingvini surfaju sa stilom!<\/p>\n","protected":false},"excerpt":{"rendered":"<p>Prakti\u010dno rje\u0161enje za dubinsko \u010di\u0161\u0107enje tijela, kose i lica u jednom koraku<br \/>\nFormula s mentolom i &#8220;fantamirisnim&#8221; samopouzdanjem koja trenutno uklanja prljav\u0161tinu i neugodne mirise<br \/>\nParfemska kvaliteta mirisa koja spaja smrznuti ru\u017emarin i osvje\u017eavaju\u0107e citruse za dugotrajan osje\u0107aj \u010disto\u0107e<\/p>\n","protected":false},"featured_media":37694,"template":"","meta":{"_seopress_robots_primary_cat":"","_seopress_titles_title":"","_seopress_titles_desc":"","_seopress_robots_index":"","iawp_total_views":0},"product_brand":[448],"product_cat":[285,268],"product_tag":[],"class_list":{"0":"post-37693","1":"product","2":"type-product","3":"status-publish","4":"has-post-thumbnail","6":"product_brand-old-spice","7":"product_cat-dezodoransi-268","8":"product_cat-kozmetika-2","10":"first","11":"instock","12":"shipping-taxable","13":"purchasable","14":"product-type-simple"},"_links":{"self":[{"href":"https:\/\/singuli.wpress.me\/index.php\/wp-json\/wp\/v2\/product\/37693","targetHints":{"allow":["GET"]}}],"collection":[{"href":"https:\/\/singuli.wpress.me\/index.php\/wp-json\/wp\/v2\/product"}],"about":[{"href":"https:\/\/singuli.wpress.me\/index.php\/wp-json\/wp\/v2\/types\/product"}],"version-history":[{"count":0,"href":"https:\/\/singuli.wpress.me\/index.php\/wp-json\/wp\/v2\/product\/37693\/revisions"}],"wp:featuredmedia":[{"embeddable":true,"href":"https:\/\/singuli.wpress.me\/index.php\/wp-json\/wp\/v2\/media\/37694"}],"wp:attachment":[{"href":"https:\/\/singuli.wpress.me\/index.php\/wp-json\/wp\/v2\/media?parent=37693"}],"wp:term":[{"taxonomy":"product_brand","embeddable":true,"href":"https:\/\/singuli.wpress.me\/index.php\/wp-json\/wp\/v2\/product_brand?post=37693"},{"taxonomy":"product_cat","embeddable":true,"href":"https:\/\/singuli.wpress.me\/index.php\/wp-json\/wp\/v2\/product_cat?post=37693"},{"taxonomy":"product_tag","embeddable":true,"href":"https:\/\/singuli.wpress.me\/index.php\/wp-json\/wp\/v2\/product_tag?post=37693"}],"curies":[{"name":"wp","href":"https:\/\/api.w.org\/{rel}","templated":true}]}}