{"id":37706,"date":"2026-04-18T18:07:10","date_gmt":"2026-04-18T18:07:10","guid":{"rendered":"https:\/\/singuli.wpress.me\/index.php\/proizvod\/gillette-venus-dragon-fruit-jednokratne-britvice-6-kom\/"},"modified":"2026-04-20T12:33:21","modified_gmt":"2026-04-20T12:33:21","slug":"gillette-venus-dragon-fruit-jednokratne-britvice-6-kom","status":"publish","type":"product","link":"https:\/\/singuli.wpress.me\/index.php\/proizvod\/gillette-venus-dragon-fruit-jednokratne-britvice-6-kom\/","title":{"rendered":"GILLETTE Venus Dragon Fruit, jednokratne britvice, 6\u00a0kom"},"content":{"rendered":"<p>\u017denske Jednokratne Britvice Gillette Venus Comfort Dragonfruit omogu\u0107avaju temeljito brijanje po nevjerojatnoj cijeni. Ove jednokratne britvice za \u017eene imaju 3 o\u0161trice koje prate konture va\u0161eg tijela te pokretljivu glavu koja se prilago\u0111ava suptilnim prijelazima. Jednokratne britvice imaju Lubrikantnu trakicu koja se aktivira u dodiru s vodom, za lak\u0161e brijanje nje\u017enim, neprekinutim potezima. Lubrikantna trakica oboga\u0107ena je i s malo Vitamina E. Ove \u017eenske jednokratne britvice dolaze u vi\u0161e boja, s dr\u0161kama s mirisom pitaje, kako biste se brijali uz svje\u017e tropski miris.<\/p>\n","protected":false},"excerpt":{"rendered":"<p>Ergonomska dr\u0161ka s mirisom zmajskog vo\u0107a (pitaje) pretvara rutinu brijanja u svje\u017e i mirisan do\u017eivljaj<br \/>\nTri o\u0161trice koje prate konture tijela i pokretljiva glava omogu\u0107uju precizno brijanje \u010dak i na suptilnim prijelazima<br \/>\nTrakica koja se aktivira u dodiru s vodom osigurava nje\u017ene, neprekinute poteze uz dodatnu za\u0161titu ko\u017ee<\/p>\n","protected":false},"featured_media":37707,"template":"","meta":{"_seopress_robots_primary_cat":"","_seopress_titles_title":"","_seopress_titles_desc":"","_seopress_robots_index":"","iawp_total_views":0},"product_brand":[323],"product_cat":[280,192,279],"product_tag":[],"class_list":{"0":"post-37706","1":"product","2":"type-product","3":"status-publish","4":"has-post-thumbnail","6":"product_brand-gillette","7":"product_cat-aparati-za-muskarce-279","8":"product_cat-aparati-za-osobnu-njegu","9":"product_cat-brijanje-i-sisanje-192","11":"first","12":"instock","13":"shipping-taxable","14":"purchasable","15":"product-type-simple"},"_links":{"self":[{"href":"https:\/\/singuli.wpress.me\/index.php\/wp-json\/wp\/v2\/product\/37706","targetHints":{"allow":["GET"]}}],"collection":[{"href":"https:\/\/singuli.wpress.me\/index.php\/wp-json\/wp\/v2\/product"}],"about":[{"href":"https:\/\/singuli.wpress.me\/index.php\/wp-json\/wp\/v2\/types\/product"}],"version-history":[{"count":0,"href":"https:\/\/singuli.wpress.me\/index.php\/wp-json\/wp\/v2\/product\/37706\/revisions"}],"wp:featuredmedia":[{"embeddable":true,"href":"https:\/\/singuli.wpress.me\/index.php\/wp-json\/wp\/v2\/media\/37707"}],"wp:attachment":[{"href":"https:\/\/singuli.wpress.me\/index.php\/wp-json\/wp\/v2\/media?parent=37706"}],"wp:term":[{"taxonomy":"product_brand","embeddable":true,"href":"https:\/\/singuli.wpress.me\/index.php\/wp-json\/wp\/v2\/product_brand?post=37706"},{"taxonomy":"product_cat","embeddable":true,"href":"https:\/\/singuli.wpress.me\/index.php\/wp-json\/wp\/v2\/product_cat?post=37706"},{"taxonomy":"product_tag","embeddable":true,"href":"https:\/\/singuli.wpress.me\/index.php\/wp-json\/wp\/v2\/product_tag?post=37706"}],"curies":[{"name":"wp","href":"https:\/\/api.w.org\/{rel}","templated":true}]}}