{"id":37712,"date":"2026-04-18T18:07:11","date_gmt":"2026-04-18T18:07:11","guid":{"rendered":"https:\/\/singuli.wpress.me\/index.php\/proizvod\/gillette-jednokratne-britvice-31-2\/"},"modified":"2026-04-20T12:33:21","modified_gmt":"2026-04-20T12:33:21","slug":"gillette-jednokratne-britvice-31-2","status":"publish","type":"product","link":"https:\/\/singuli.wpress.me\/index.php\/proizvod\/gillette-jednokratne-britvice-31-2\/","title":{"rendered":"GILLETTE, jednokratne britvice, 3+1"},"content":{"rendered":"<p>Gillette Venus 3 Colors \u017eenski jednokratni brija\u010d pru\u017ea temeljito brijanje. Ovi brija\u010di dostupni su s dr\u0161kama u razli\u010ditim bojama, \u0161to iskustvo brijanja \u010dini zabavnijim i raznolikijim.<\/p>\n<p>Glavne zna\u010dajke:<\/p>\n<p>Trodijelni sustav o\u0161trica: 3 pomi\u010dne o\u0161trice omogu\u0107uju lako klizanje i na te\u0161ko dostupnim podru\u010djima, \u0161to brijanje \u010dini u\u010dinkovitijim i gla\u0111im.<\/p>\n<p>Traka s gelom: Ugra\u0111ena trakica s gelom osigurava glatko i udobno brijanje te smanjuje mogu\u0107nost sitnih posjekotina i iritacija.<\/p>\n<p>Udoban dizajn: O\u0161trice koje se prilago\u0111avaju povr\u0161ini ko\u017ee omogu\u0107uju ugodnije i nje\u017enije brijanje, uz manje iritacija u usporedbi sa Simply Venus 2 brija\u010dem.<\/p>\n<p>Gillette Venus 3 Colors \u017eenski jednokratni brija\u010d idealan je odabir za sve koji tra\u017ee u\u010dinkovito i ugodno iskustvo brijanja. U\u017eivajte u svakom trenutku glatke i mekane ko\u017ee!<\/p>\n","protected":false},"excerpt":{"rendered":"<p>S 3 pomi\u010dne o\u0161trice i pomi\u010dnom glavom za izuzetno glatko brijanje<br \/>\nGel trakica osigurava lako klizanje o\u0161trica i smanjuje sitne posjekotine i ogrebotine<br \/>\nVi\u0161ebojna dr\u0161ka za atraktivan i \u017eenstven izgled<\/p>\n","protected":false},"featured_media":37713,"template":"","meta":{"_seopress_robots_primary_cat":"","_seopress_titles_title":"","_seopress_titles_desc":"","_seopress_robots_index":"","iawp_total_views":0},"product_brand":[323],"product_cat":[280,192,279],"product_tag":[],"class_list":{"0":"post-37712","1":"product","2":"type-product","3":"status-publish","4":"has-post-thumbnail","6":"product_brand-gillette","7":"product_cat-aparati-za-muskarce-279","8":"product_cat-aparati-za-osobnu-njegu","9":"product_cat-brijanje-i-sisanje-192","11":"first","12":"outofstock","13":"shipping-taxable","14":"purchasable","15":"product-type-simple"},"_links":{"self":[{"href":"https:\/\/singuli.wpress.me\/index.php\/wp-json\/wp\/v2\/product\/37712","targetHints":{"allow":["GET"]}}],"collection":[{"href":"https:\/\/singuli.wpress.me\/index.php\/wp-json\/wp\/v2\/product"}],"about":[{"href":"https:\/\/singuli.wpress.me\/index.php\/wp-json\/wp\/v2\/types\/product"}],"version-history":[{"count":0,"href":"https:\/\/singuli.wpress.me\/index.php\/wp-json\/wp\/v2\/product\/37712\/revisions"}],"wp:featuredmedia":[{"embeddable":true,"href":"https:\/\/singuli.wpress.me\/index.php\/wp-json\/wp\/v2\/media\/37713"}],"wp:attachment":[{"href":"https:\/\/singuli.wpress.me\/index.php\/wp-json\/wp\/v2\/media?parent=37712"}],"wp:term":[{"taxonomy":"product_brand","embeddable":true,"href":"https:\/\/singuli.wpress.me\/index.php\/wp-json\/wp\/v2\/product_brand?post=37712"},{"taxonomy":"product_cat","embeddable":true,"href":"https:\/\/singuli.wpress.me\/index.php\/wp-json\/wp\/v2\/product_cat?post=37712"},{"taxonomy":"product_tag","embeddable":true,"href":"https:\/\/singuli.wpress.me\/index.php\/wp-json\/wp\/v2\/product_tag?post=37712"}],"curies":[{"name":"wp","href":"https:\/\/api.w.org\/{rel}","templated":true}]}}