{"id":37715,"date":"2026-04-18T18:07:12","date_gmt":"2026-04-18T18:07:12","guid":{"rendered":"https:\/\/singuli.wpress.me\/index.php\/proizvod\/gillette-venus-dragon-fruit-jednokratne-britvice-3-kom\/"},"modified":"2026-04-20T12:33:21","modified_gmt":"2026-04-20T12:33:21","slug":"gillette-venus-dragon-fruit-jednokratne-britvice-3-kom","status":"publish","type":"product","link":"https:\/\/singuli.wpress.me\/index.php\/proizvod\/gillette-venus-dragon-fruit-jednokratne-britvice-3-kom\/","title":{"rendered":"GILLETTE Venus Dragon Fruit, jednokratne britvice, 3\u00a0kom"},"content":{"rendered":"<p>Jednokratne britvice za \u017eene Gillette Venus 3 Dragonfruit omogu\u0107uju temeljitije brijanje po nevjerojatnoj cijeni. Ove jednokratne britvice za \u017eene imaju tri o\u0161trice koje prate konture tijela te pokretljivu glavu koja se prilago\u0111ava nje\u017enim dijelovima va\u0161eg tijela. Britvice imaju lubrikantnu trakicu koja se aktivira u dodiru s vodom, za lak\u0161e brijanje nje\u017enim, neprekinutim potezima. Lubrikantna trakica oboga\u0107ena je i s malo vitamina E. Ove \u017eenske jednokratne britvice dolaze u vi\u0161e boja, s dr\u0161kama s mirisom pitaje, kako biste se brijali uz svje\u017e tropski miris.<\/p>\n","protected":false},"excerpt":{"rendered":"<p>U\u017eivajte u svje\u017eem tropskom mirisu tijekom brijanja uz dr\u0161ke u raznim bojama koje donose egzoti\u010dno iskustvo<br \/>\nAktivira se u dodiru s vodom i omogu\u0107uje nevjerojatno lagano klizanje o\u0161trica uz dodatnu njegu za va\u0161u ko\u017eu<br \/>\nTri o\u0161trice prate konture tijela i prilago\u0111avaju se najosjetljivijim dijelovima za temeljito brijanje bez iritacija<\/p>\n","protected":false},"featured_media":37716,"template":"","meta":{"_seopress_robots_primary_cat":"","_seopress_titles_title":"","_seopress_titles_desc":"","_seopress_robots_index":"","iawp_total_views":0},"product_brand":[323],"product_cat":[280,192,279],"product_tag":[],"class_list":{"0":"post-37715","1":"product","2":"type-product","3":"status-publish","4":"has-post-thumbnail","6":"product_brand-gillette","7":"product_cat-aparati-za-muskarce-279","8":"product_cat-aparati-za-osobnu-njegu","9":"product_cat-brijanje-i-sisanje-192","11":"first","12":"instock","13":"shipping-taxable","14":"purchasable","15":"product-type-simple"},"_links":{"self":[{"href":"https:\/\/singuli.wpress.me\/index.php\/wp-json\/wp\/v2\/product\/37715","targetHints":{"allow":["GET"]}}],"collection":[{"href":"https:\/\/singuli.wpress.me\/index.php\/wp-json\/wp\/v2\/product"}],"about":[{"href":"https:\/\/singuli.wpress.me\/index.php\/wp-json\/wp\/v2\/types\/product"}],"version-history":[{"count":0,"href":"https:\/\/singuli.wpress.me\/index.php\/wp-json\/wp\/v2\/product\/37715\/revisions"}],"wp:featuredmedia":[{"embeddable":true,"href":"https:\/\/singuli.wpress.me\/index.php\/wp-json\/wp\/v2\/media\/37716"}],"wp:attachment":[{"href":"https:\/\/singuli.wpress.me\/index.php\/wp-json\/wp\/v2\/media?parent=37715"}],"wp:term":[{"taxonomy":"product_brand","embeddable":true,"href":"https:\/\/singuli.wpress.me\/index.php\/wp-json\/wp\/v2\/product_brand?post=37715"},{"taxonomy":"product_cat","embeddable":true,"href":"https:\/\/singuli.wpress.me\/index.php\/wp-json\/wp\/v2\/product_cat?post=37715"},{"taxonomy":"product_tag","embeddable":true,"href":"https:\/\/singuli.wpress.me\/index.php\/wp-json\/wp\/v2\/product_tag?post=37715"}],"curies":[{"name":"wp","href":"https:\/\/api.w.org\/{rel}","templated":true}]}}