{"id":37724,"date":"2026-04-18T18:07:15","date_gmt":"2026-04-18T18:07:15","guid":{"rendered":"https:\/\/singuli.wpress.me\/index.php\/proizvod\/swiffer-mokri-brisac-poda-24-kom\/"},"modified":"2026-04-20T12:33:21","modified_gmt":"2026-04-20T12:33:21","slug":"swiffer-mokri-brisac-poda-24-kom","status":"publish","type":"product","link":"https:\/\/singuli.wpress.me\/index.php\/proizvod\/swiffer-mokri-brisac-poda-24-kom\/","title":{"rendered":"SWIFFER, mokri brisa\u010d poda, 24\u00a0kom"},"content":{"rendered":"<p>Vla\u017ene maramice Swiffer Wet za brisanje podova sadr\u017ee sna\u017ene sastojke za \u010di\u0161\u0107enje koji uklanjaju tvrdokorne mrlje, prljav\u0161tinu i naslage s povr\u0161ina i zadr\u017eavaju ih duboko u teksturi maramica, te ostavljaju podove \u010distima i ugodnog mirisa. Ove maramice sadr\u017ee tisu\u0107e vlakana koja podi\u017eu prljav\u0161tinu i olak\u0161avaju uklanjanje tvrdokornih mrlja s poda tako \u0161to ih uvla\u010de duboko u maramicu, \u0161to pojednostavnjuje \u010di\u0161\u0107enje podova u domu \u010dak i na te\u0161ko dostupnim mjestima. O\u010distite dom u trenu uz vla\u017ene maramice Swiffer Wet za brisanje podova! Sigurne su i za upotrebu na drvenim podovima. Nemojte koristiti vla\u017ene maramice Swiffer Sweeper na neobra\u0111enim podovima, nauljenim ili navo\u0161tenim drvenim oblogama, neglaziranim plo\u010dicama ili tapisonima.<\/p>\n","protected":false},"excerpt":{"rendered":"<p>Tisu\u0107e vlakana podi\u017eu i zadr\u017eavaju tvrdokornu prljav\u0161tinu i mrlje duboko u teksturi maramice, ostavljaju\u0107i podove blistavima<br \/>\nPosebna formula sa sna\u017enim agensima u\u010dinkovito rastvara naslage prljav\u0161tine uz ugodan i svje\u017e miris nakon svakog brisanja<br \/>\nOmogu\u0107uju brzo \u010di\u0161\u0107enje cijelog doma, uklju\u010duju\u0107i te\u0161ko dostupna mjesta, te su potpuno sigurne za upotrebu na drvenim podovima<\/p>\n","protected":false},"featured_media":37725,"template":"","meta":{"_seopress_robots_primary_cat":"","_seopress_titles_title":"","_seopress_titles_desc":"","_seopress_robots_index":"","iawp_total_views":0},"product_brand":[514],"product_cat":[274,238],"product_tag":[],"class_list":{"0":"post-37724","1":"product","2":"type-product","3":"status-publish","4":"has-post-thumbnail","6":"product_brand-swiffer","7":"product_cat-kucanski-pribor-238","8":"product_cat-sve-za-dom","10":"first","11":"instock","12":"shipping-taxable","13":"purchasable","14":"product-type-simple"},"_links":{"self":[{"href":"https:\/\/singuli.wpress.me\/index.php\/wp-json\/wp\/v2\/product\/37724","targetHints":{"allow":["GET"]}}],"collection":[{"href":"https:\/\/singuli.wpress.me\/index.php\/wp-json\/wp\/v2\/product"}],"about":[{"href":"https:\/\/singuli.wpress.me\/index.php\/wp-json\/wp\/v2\/types\/product"}],"version-history":[{"count":0,"href":"https:\/\/singuli.wpress.me\/index.php\/wp-json\/wp\/v2\/product\/37724\/revisions"}],"wp:featuredmedia":[{"embeddable":true,"href":"https:\/\/singuli.wpress.me\/index.php\/wp-json\/wp\/v2\/media\/37725"}],"wp:attachment":[{"href":"https:\/\/singuli.wpress.me\/index.php\/wp-json\/wp\/v2\/media?parent=37724"}],"wp:term":[{"taxonomy":"product_brand","embeddable":true,"href":"https:\/\/singuli.wpress.me\/index.php\/wp-json\/wp\/v2\/product_brand?post=37724"},{"taxonomy":"product_cat","embeddable":true,"href":"https:\/\/singuli.wpress.me\/index.php\/wp-json\/wp\/v2\/product_cat?post=37724"},{"taxonomy":"product_tag","embeddable":true,"href":"https:\/\/singuli.wpress.me\/index.php\/wp-json\/wp\/v2\/product_tag?post=37724"}],"curies":[{"name":"wp","href":"https:\/\/api.w.org\/{rel}","templated":true}]}}