{"id":37740,"date":"2026-04-18T18:07:21","date_gmt":"2026-04-18T18:07:21","guid":{"rendered":"https:\/\/singuli.wpress.me\/index.php\/proizvod\/becutan-sensitive-sampon-200-ml\/"},"modified":"2026-04-21T00:26:52","modified_gmt":"2026-04-21T00:26:52","slug":"becutan-sensitive-sampon-200-ml","status":"publish","type":"product","link":"https:\/\/singuli.wpress.me\/index.php\/proizvod\/becutan-sensitive-sampon-200-ml\/","title":{"rendered":"BECUTAN Sensitive, \u0161ampon, 200\u00a0ml"},"content":{"rendered":"<p>Ovaj visokokvalitetni proizvod sadr\u017ei certificiranu &quot;no tears&quot; formulu koja je potvr\u0111ena istra\u017eivanjem o oftalmolo\u0161koj podno\u0161ljivosti. Namijenjen je njezi osjetljive bebine i dje\u010dje ko\u017ee koja se lak\u0161e nadra\u017euje u odnosu na normalnu ko\u017eu te je sklona iritacijama i pojavi suhih dijelova. Proizvod je klini\u010dki i dermatolo\u0161ki dokazan te testiran u vanjskom laboratoriju u Europskoj uniji (Italija) pod nadzorom tima dermatologa i oftalmologa.<\/p>\n","protected":false},"excerpt":{"rendered":"<p>Certificirana formula s dokazanom oftalmolo\u0161kom podno\u0161ljivo\u0161\u0107u koja ne iritira o\u010di<br \/>\nSpecijalno prilago\u0111eno dje\u010djoj ko\u017ei sklonoj iritacijama i suhim dijelovima<br \/>\nKlini\u010dki i dermatolo\u0161ki testirano u Italiji pod nadzorom tima dermatologa i oftalmologa<\/p>\n","protected":false},"featured_media":37741,"template":"","meta":{"_seopress_robots_primary_cat":"","_seopress_titles_title":"","_seopress_titles_desc":"","_seopress_robots_index":"","iawp_total_views":0},"product_brand":[803],"product_cat":[268,300],"product_tag":[],"class_list":{"0":"post-37740","1":"product","2":"type-product","3":"status-publish","4":"has-post-thumbnail","6":"product_brand-becutan","7":"product_cat-kozmetika-2","8":"product_cat-njega-kose-268","10":"first","11":"instock","12":"shipping-taxable","13":"purchasable","14":"product-type-simple"},"_links":{"self":[{"href":"https:\/\/singuli.wpress.me\/index.php\/wp-json\/wp\/v2\/product\/37740","targetHints":{"allow":["GET"]}}],"collection":[{"href":"https:\/\/singuli.wpress.me\/index.php\/wp-json\/wp\/v2\/product"}],"about":[{"href":"https:\/\/singuli.wpress.me\/index.php\/wp-json\/wp\/v2\/types\/product"}],"version-history":[{"count":0,"href":"https:\/\/singuli.wpress.me\/index.php\/wp-json\/wp\/v2\/product\/37740\/revisions"}],"wp:featuredmedia":[{"embeddable":true,"href":"https:\/\/singuli.wpress.me\/index.php\/wp-json\/wp\/v2\/media\/37741"}],"wp:attachment":[{"href":"https:\/\/singuli.wpress.me\/index.php\/wp-json\/wp\/v2\/media?parent=37740"}],"wp:term":[{"taxonomy":"product_brand","embeddable":true,"href":"https:\/\/singuli.wpress.me\/index.php\/wp-json\/wp\/v2\/product_brand?post=37740"},{"taxonomy":"product_cat","embeddable":true,"href":"https:\/\/singuli.wpress.me\/index.php\/wp-json\/wp\/v2\/product_cat?post=37740"},{"taxonomy":"product_tag","embeddable":true,"href":"https:\/\/singuli.wpress.me\/index.php\/wp-json\/wp\/v2\/product_tag?post=37740"}],"curies":[{"name":"wp","href":"https:\/\/api.w.org\/{rel}","templated":true}]}}