{"id":37744,"date":"2026-04-18T18:07:22","date_gmt":"2026-04-18T18:07:22","guid":{"rendered":"https:\/\/singuli.wpress.me\/index.php\/proizvod\/becutan-sampon-400-ml\/"},"modified":"2026-04-21T00:26:52","modified_gmt":"2026-04-21T00:26:52","slug":"becutan-sampon-400-ml","status":"publish","type":"product","link":"https:\/\/singuli.wpress.me\/index.php\/proizvod\/becutan-sampon-400-ml\/","title":{"rendered":"BECUTAN, \u0161ampon, 400\u00a0ml"},"content":{"rendered":"<p>Becutan \u0161ampon za djecu namijenjen je nje\u017enom \u010di\u0161\u0107enju i njezi kose te osjetljive ko\u017ee dje\u010dje glavice. Razvijen u suradnji s dermatolozima i pedijatrima, ovaj \u0161ampon omek\u0161ava kosu, olak\u0161ava ra\u0161\u010de\u0161ljavanje i daje joj bar\u0161unast sjaj. Njegova lagana formula s neutralnim pH faktorom odr\u017eava prirodni balans kose i vlasi\u0161ta, \u0161to ga \u010dini idealnim i za svakodnevnu uporabu kod odraslih. Becutan \u0161ampon ne sadr\u017ei sapun, alkohol ni parabene.<\/p>\n","protected":false},"excerpt":{"rendered":"<p>Posebna formula koja omek\u0161ava dje\u010dju kosu i daje joj prirodan, bar\u0161unast sjaj<br \/>\nOdr\u017eava prirodnu ravnote\u017eu vlasi\u0161ta i kose bez izazivanja iritacija<br \/>\nRazvijeno s dermatolozima i pedijatrima, bez sadr\u017eaja sapuna, alkohola i parabena<\/p>\n","protected":false},"featured_media":37745,"template":"","meta":{"_seopress_robots_primary_cat":"","_seopress_titles_title":"","_seopress_titles_desc":"","_seopress_robots_index":"","iawp_total_views":0},"product_brand":[803],"product_cat":[268,300],"product_tag":[],"class_list":{"0":"post-37744","1":"product","2":"type-product","3":"status-publish","4":"has-post-thumbnail","6":"product_brand-becutan","7":"product_cat-kozmetika-2","8":"product_cat-njega-kose-268","10":"first","11":"instock","12":"shipping-taxable","13":"purchasable","14":"product-type-simple"},"_links":{"self":[{"href":"https:\/\/singuli.wpress.me\/index.php\/wp-json\/wp\/v2\/product\/37744","targetHints":{"allow":["GET"]}}],"collection":[{"href":"https:\/\/singuli.wpress.me\/index.php\/wp-json\/wp\/v2\/product"}],"about":[{"href":"https:\/\/singuli.wpress.me\/index.php\/wp-json\/wp\/v2\/types\/product"}],"version-history":[{"count":0,"href":"https:\/\/singuli.wpress.me\/index.php\/wp-json\/wp\/v2\/product\/37744\/revisions"}],"wp:featuredmedia":[{"embeddable":true,"href":"https:\/\/singuli.wpress.me\/index.php\/wp-json\/wp\/v2\/media\/37745"}],"wp:attachment":[{"href":"https:\/\/singuli.wpress.me\/index.php\/wp-json\/wp\/v2\/media?parent=37744"}],"wp:term":[{"taxonomy":"product_brand","embeddable":true,"href":"https:\/\/singuli.wpress.me\/index.php\/wp-json\/wp\/v2\/product_brand?post=37744"},{"taxonomy":"product_cat","embeddable":true,"href":"https:\/\/singuli.wpress.me\/index.php\/wp-json\/wp\/v2\/product_cat?post=37744"},{"taxonomy":"product_tag","embeddable":true,"href":"https:\/\/singuli.wpress.me\/index.php\/wp-json\/wp\/v2\/product_tag?post=37744"}],"curies":[{"name":"wp","href":"https:\/\/api.w.org\/{rel}","templated":true}]}}