{"id":37746,"date":"2026-04-18T18:07:22","date_gmt":"2026-04-18T18:07:22","guid":{"rendered":"https:\/\/singuli.wpress.me\/index.php\/proizvod\/becutan-puder-100-g\/"},"modified":"2026-04-20T12:33:22","modified_gmt":"2026-04-20T12:33:22","slug":"becutan-puder-100-g","status":"publish","type":"product","link":"https:\/\/singuli.wpress.me\/index.php\/proizvod\/becutan-puder-100-g\/","title":{"rendered":"BECUTAN, puder, 100\u00a0g"},"content":{"rendered":"<p>Becutan puder za djecu njeguje i \u0161titi bebinu nje\u017enu ko\u017eu tako \u0161to upija vi\u0161ak vlage i \u0161titi ko\u017eu od iritacije i crvenila. Nanosi se na suhu i \u010distu ko\u017eu. Aktivni sastojci umiruju crvenilo i ujedno njeguju nje\u017enu dje\u010dju ko\u017eu, posebice na vratu i preponama. Prikladan je i za odrasle \u010dija je ko\u017ea sklona crvenilu. Puder je potrebno dr\u017eati podalje od nosa i usta djece. Proizvod je klini\u010dki i dermatolo\u0161ki testiran.<\/p>\n","protected":false},"excerpt":{"rendered":"<p>Brzo upija vi\u0161ak vlage s bebine ko\u017ee, sprje\u010davaju\u0107i pojavu iritacija i neugodnog crvenila<br \/>\nPosebno formuliran za za\u0161titu najosjetljivijih dijelova tijela, poput vrata i prepona, gdje je ko\u017ea najsklonija trenju<br \/>\nDermatolo\u0161ki testiran proizvod s aktivnim sastojcima koji umiruju ko\u017eu, prikladan za bebe i odrasle<\/p>\n","protected":false},"featured_media":37747,"template":"","meta":{"_seopress_robots_primary_cat":"","_seopress_titles_title":"","_seopress_titles_desc":"","_seopress_robots_index":"","iawp_total_views":0},"product_brand":[803],"product_cat":[268,269],"product_tag":[],"class_list":{"0":"post-37746","1":"product","2":"type-product","3":"status-publish","4":"has-post-thumbnail","6":"product_brand-becutan","7":"product_cat-kozmetika-2","8":"product_cat-zastita-koze-268","10":"first","11":"instock","12":"shipping-taxable","13":"purchasable","14":"product-type-simple"},"_links":{"self":[{"href":"https:\/\/singuli.wpress.me\/index.php\/wp-json\/wp\/v2\/product\/37746","targetHints":{"allow":["GET"]}}],"collection":[{"href":"https:\/\/singuli.wpress.me\/index.php\/wp-json\/wp\/v2\/product"}],"about":[{"href":"https:\/\/singuli.wpress.me\/index.php\/wp-json\/wp\/v2\/types\/product"}],"version-history":[{"count":0,"href":"https:\/\/singuli.wpress.me\/index.php\/wp-json\/wp\/v2\/product\/37746\/revisions"}],"wp:featuredmedia":[{"embeddable":true,"href":"https:\/\/singuli.wpress.me\/index.php\/wp-json\/wp\/v2\/media\/37747"}],"wp:attachment":[{"href":"https:\/\/singuli.wpress.me\/index.php\/wp-json\/wp\/v2\/media?parent=37746"}],"wp:term":[{"taxonomy":"product_brand","embeddable":true,"href":"https:\/\/singuli.wpress.me\/index.php\/wp-json\/wp\/v2\/product_brand?post=37746"},{"taxonomy":"product_cat","embeddable":true,"href":"https:\/\/singuli.wpress.me\/index.php\/wp-json\/wp\/v2\/product_cat?post=37746"},{"taxonomy":"product_tag","embeddable":true,"href":"https:\/\/singuli.wpress.me\/index.php\/wp-json\/wp\/v2\/product_tag?post=37746"}],"curies":[{"name":"wp","href":"https:\/\/api.w.org\/{rel}","templated":true}]}}