{"id":37748,"date":"2026-04-18T18:07:22","date_gmt":"2026-04-18T18:07:22","guid":{"rendered":"https:\/\/singuli.wpress.me\/index.php\/proizvod\/becutan-sensitive-kupka-200-ml\/"},"modified":"2026-04-21T00:26:52","modified_gmt":"2026-04-21T00:26:52","slug":"becutan-sensitive-kupka-200-ml","status":"publish","type":"product","link":"https:\/\/singuli.wpress.me\/index.php\/proizvod\/becutan-sensitive-kupka-200-ml\/","title":{"rendered":"BECUTAN Sensitive, kupka, 200\u00a0ml"},"content":{"rendered":"<p>Ovaj proizvod sadr\u017ei formulaciju oboga\u0107enu uljima soje, suncokreta, sjemenki gro\u017e\u0111a i masline. Ova ulja su bogata masnim kiselinama \u2013 omega 3 i omega 6 \u2013 koje pripadaju grupi membranoformiraju\u0107ih fosfolipida. Zahvaljuju\u0107i takvom sastavu, proizvod poma\u017ee u odr\u017eavanju prirodne lipidne ravnote\u017ee ko\u017ee te aktivno doprinosi ja\u010danju njezine za\u0161titne funkcije.<\/p>\n","protected":false},"excerpt":{"rendered":"<p>Sadr\u017ei omega 3 i omega 6 kiseline koje poma\u017eu u odr\u017eavanju prirodne lipidne ravnote\u017ee<br \/>\nFormulacija oboga\u0107ena uljem soje, suncokreta, sjemenki gro\u017e\u0111a i maslinovim uljem<br \/>\nSadr\u017ei membranoformiraju\u0107e fosfolipide koji poma\u017eu u ja\u010danju otpornosti ko\u017ee<\/p>\n","protected":false},"featured_media":37749,"template":"","meta":{"_seopress_robots_primary_cat":"","_seopress_titles_title":"","_seopress_titles_desc":"","_seopress_robots_index":"","iawp_total_views":0},"product_brand":[803],"product_cat":[268,300],"product_tag":[],"class_list":{"0":"post-37748","1":"product","2":"type-product","3":"status-publish","4":"has-post-thumbnail","6":"product_brand-becutan","7":"product_cat-kozmetika-2","8":"product_cat-njega-kose-268","10":"first","11":"instock","12":"shipping-taxable","13":"purchasable","14":"product-type-simple"},"_links":{"self":[{"href":"https:\/\/singuli.wpress.me\/index.php\/wp-json\/wp\/v2\/product\/37748","targetHints":{"allow":["GET"]}}],"collection":[{"href":"https:\/\/singuli.wpress.me\/index.php\/wp-json\/wp\/v2\/product"}],"about":[{"href":"https:\/\/singuli.wpress.me\/index.php\/wp-json\/wp\/v2\/types\/product"}],"version-history":[{"count":0,"href":"https:\/\/singuli.wpress.me\/index.php\/wp-json\/wp\/v2\/product\/37748\/revisions"}],"wp:featuredmedia":[{"embeddable":true,"href":"https:\/\/singuli.wpress.me\/index.php\/wp-json\/wp\/v2\/media\/37749"}],"wp:attachment":[{"href":"https:\/\/singuli.wpress.me\/index.php\/wp-json\/wp\/v2\/media?parent=37748"}],"wp:term":[{"taxonomy":"product_brand","embeddable":true,"href":"https:\/\/singuli.wpress.me\/index.php\/wp-json\/wp\/v2\/product_brand?post=37748"},{"taxonomy":"product_cat","embeddable":true,"href":"https:\/\/singuli.wpress.me\/index.php\/wp-json\/wp\/v2\/product_cat?post=37748"},{"taxonomy":"product_tag","embeddable":true,"href":"https:\/\/singuli.wpress.me\/index.php\/wp-json\/wp\/v2\/product_tag?post=37748"}],"curies":[{"name":"wp","href":"https:\/\/api.w.org\/{rel}","templated":true}]}}