{"id":37752,"date":"2026-04-18T18:07:23","date_gmt":"2026-04-18T18:07:23","guid":{"rendered":"https:\/\/singuli.wpress.me\/index.php\/proizvod\/becutan-kupka-400-ml\/"},"modified":"2026-04-20T12:33:22","modified_gmt":"2026-04-20T12:33:22","slug":"becutan-kupka-400-ml","status":"publish","type":"product","link":"https:\/\/singuli.wpress.me\/index.php\/proizvod\/becutan-kupka-400-ml\/","title":{"rendered":"BECUTAN, kupka, 400\u00a0ml"},"content":{"rendered":"<p>Becutan pjenasto sredstvo za kupanje lagano je sredstvo namijenjeno njezi nje\u017ene dje\u010dje ko\u017ee, a preporu\u010duje se za uporabu jo\u0161 od samog ro\u0111enja. Proizvod temeljito \u010disti i njeguje ko\u017eu bez izazivanja iritacija. Zahvaljuju\u0107i posebnim hidratantnim sastojcima, ovo sredstvo ne isu\u0161uje osjetljivu bebinu ko\u017eu, \u010dak ni u slu\u010dajevima \u010destog kupanja, odr\u017eavaju\u0107i je njegovanom i \u010distom.<\/p>\n","protected":false},"excerpt":{"rendered":"<p>Blaga formulacija preporu\u010dena za primjenu od prvih dana djetetova \u017eivota<br \/>\nSadr\u017ei posebne hidratantne sastojke koji \u010duvaju vla\u017enost ko\u017ee i kod \u010destog kupanja<br \/>\nTemeljito uklanja ne\u010disto\u0107e bez iritiranja osjetljive dje\u010dje ko\u017ee<\/p>\n","protected":false},"featured_media":37753,"template":"","meta":{"_seopress_robots_primary_cat":"","_seopress_titles_title":"","_seopress_titles_desc":"","_seopress_robots_index":"","iawp_total_views":0},"product_brand":[803],"product_cat":[268,300],"product_tag":[],"class_list":{"0":"post-37752","1":"product","2":"type-product","3":"status-publish","4":"has-post-thumbnail","6":"product_brand-becutan","7":"product_cat-kozmetika-2","8":"product_cat-njega-kose-268","10":"first","11":"instock","12":"shipping-taxable","13":"purchasable","14":"product-type-simple"},"_links":{"self":[{"href":"https:\/\/singuli.wpress.me\/index.php\/wp-json\/wp\/v2\/product\/37752","targetHints":{"allow":["GET"]}}],"collection":[{"href":"https:\/\/singuli.wpress.me\/index.php\/wp-json\/wp\/v2\/product"}],"about":[{"href":"https:\/\/singuli.wpress.me\/index.php\/wp-json\/wp\/v2\/types\/product"}],"version-history":[{"count":0,"href":"https:\/\/singuli.wpress.me\/index.php\/wp-json\/wp\/v2\/product\/37752\/revisions"}],"wp:featuredmedia":[{"embeddable":true,"href":"https:\/\/singuli.wpress.me\/index.php\/wp-json\/wp\/v2\/media\/37753"}],"wp:attachment":[{"href":"https:\/\/singuli.wpress.me\/index.php\/wp-json\/wp\/v2\/media?parent=37752"}],"wp:term":[{"taxonomy":"product_brand","embeddable":true,"href":"https:\/\/singuli.wpress.me\/index.php\/wp-json\/wp\/v2\/product_brand?post=37752"},{"taxonomy":"product_cat","embeddable":true,"href":"https:\/\/singuli.wpress.me\/index.php\/wp-json\/wp\/v2\/product_cat?post=37752"},{"taxonomy":"product_tag","embeddable":true,"href":"https:\/\/singuli.wpress.me\/index.php\/wp-json\/wp\/v2\/product_tag?post=37752"}],"curies":[{"name":"wp","href":"https:\/\/api.w.org\/{rel}","templated":true}]}}