{"id":37754,"date":"2026-04-18T18:07:23","date_gmt":"2026-04-18T18:07:23","guid":{"rendered":"https:\/\/singuli.wpress.me\/index.php\/proizvod\/ariel-color-kapsule-za-pranje-rublja-12-kom\/"},"modified":"2026-04-20T12:33:22","modified_gmt":"2026-04-20T12:33:22","slug":"ariel-color-kapsule-za-pranje-rublja-12-kom","status":"publish","type":"product","link":"https:\/\/singuli.wpress.me\/index.php\/proizvod\/ariel-color-kapsule-za-pranje-rublja-12-kom\/","title":{"rendered":"ARIEL Color, kapsule za pranje rublja, 12\u00a0kom"},"content":{"rendered":"<p>Ariel predstavlja kapsule deterd\u017eenta za pranje rublja Allin1 PODS Color koje omogu\u0107uju sna\u017eno uklanjanje mrlja za besprijekorne rezultate te su odli\u010dne \u010dak i pri 30 \u00b0C i na kratkim programima pranja. Perite na ni\u017eim temperaturama i u\u0161tedite do 60% energije pri pranju rublja (potro\u0161nja energije perilice rublja, uz smanjenje temperature s 40 \u00b0C na 20 \u00b0C na normalnom programu pranja)! Za najbolje rezultate, u bubanj perilice najprije stavite kapsulu PODS, a zatim rublje na nju. UPOZORENJE: proizvod mo\u017ee biti \u0161tetan i mo\u017ee prouzro\u010diti te\u0161ku ozljedu. Kapsule deterd\u017eenta za pranje rublja Ariel Allin PODS obavezno \u010duvajte izvan dohvata djece. Za vi\u0161e informacija posjetite keepcapsfromkids.eu.<\/p>\n","protected":false},"excerpt":{"rendered":"<p>Allin1 formula pru\u017ea sna\u017eno uklanjanje mrlja ve\u0107 pri prvom pranju, ostavljaju\u0107i boje postojanima i svje\u017eima<br \/>\nPosebno dizajnirane za u\u010dinkovito pranje na 30 \u00b0C i kratke cikluse, \u010duvaju\u0107i tkaninu i \u0161tede\u0107i vrijeme<br \/>\nPranjem na ni\u017eim temperaturama (smanjenje s 40 \u00b0C na 20 \u00b0C) mo\u017eete u\u0161tedjeti do 60% elektri\u010dne energije<\/p>\n","protected":false},"featured_media":37755,"template":"","meta":{"_seopress_robots_primary_cat":"","_seopress_titles_title":"","_seopress_titles_desc":"","_seopress_robots_index":"","iawp_total_views":0},"product_brand":[427],"product_cat":[283,238],"product_tag":[],"class_list":{"0":"post-37754","1":"product","2":"type-product","3":"status-publish","4":"has-post-thumbnail","6":"product_brand-ariel","7":"product_cat-pranje-rublja-238","8":"product_cat-sve-za-dom","10":"first","11":"outofstock","12":"shipping-taxable","13":"purchasable","14":"product-type-simple"},"_links":{"self":[{"href":"https:\/\/singuli.wpress.me\/index.php\/wp-json\/wp\/v2\/product\/37754","targetHints":{"allow":["GET"]}}],"collection":[{"href":"https:\/\/singuli.wpress.me\/index.php\/wp-json\/wp\/v2\/product"}],"about":[{"href":"https:\/\/singuli.wpress.me\/index.php\/wp-json\/wp\/v2\/types\/product"}],"version-history":[{"count":0,"href":"https:\/\/singuli.wpress.me\/index.php\/wp-json\/wp\/v2\/product\/37754\/revisions"}],"wp:featuredmedia":[{"embeddable":true,"href":"https:\/\/singuli.wpress.me\/index.php\/wp-json\/wp\/v2\/media\/37755"}],"wp:attachment":[{"href":"https:\/\/singuli.wpress.me\/index.php\/wp-json\/wp\/v2\/media?parent=37754"}],"wp:term":[{"taxonomy":"product_brand","embeddable":true,"href":"https:\/\/singuli.wpress.me\/index.php\/wp-json\/wp\/v2\/product_brand?post=37754"},{"taxonomy":"product_cat","embeddable":true,"href":"https:\/\/singuli.wpress.me\/index.php\/wp-json\/wp\/v2\/product_cat?post=37754"},{"taxonomy":"product_tag","embeddable":true,"href":"https:\/\/singuli.wpress.me\/index.php\/wp-json\/wp\/v2\/product_tag?post=37754"}],"curies":[{"name":"wp","href":"https:\/\/api.w.org\/{rel}","templated":true}]}}