{"id":37757,"date":"2026-04-18T18:07:25","date_gmt":"2026-04-18T18:07:25","guid":{"rendered":"https:\/\/singuli.wpress.me\/index.php\/proizvod\/becutan-sampon-i-kupka-400-ml\/"},"modified":"2026-04-20T12:33:22","modified_gmt":"2026-04-20T12:33:22","slug":"becutan-sampon-i-kupka-400-ml","status":"publish","type":"product","link":"https:\/\/singuli.wpress.me\/index.php\/proizvod\/becutan-sampon-i-kupka-400-ml\/","title":{"rendered":"BECUTAN, \u0161ampon i kupka, 400\u00a0ml"},"content":{"rendered":"<p>Becutan \u0161ampon i pjenu\u0161ava kupka za djecu 2u1 predstavlja prakti\u010dnu kombinaciju dva proizvoda koja omogu\u0107uje njegu dje\u010dje ko\u017ee i kose u jednom potezu. Formulacija je oboga\u0107ena ekstraktom aloe vere koji umiruje i \u0161titi od pojave iritacija, dok D-pantenol regulira vla\u017enost ko\u017ee i sprje\u010dava njezino isu\u0161ivanje. Nakon kupanja, ko\u017ea ostaje nje\u017ena i mekana, a djetetova kosa lagana i sjajna. Proizvod je u potpunosti prilago\u0111en dje\u010djim potrebama te ne sadr\u017ei sapun, alkohol ni parabene.<\/p>\n","protected":false},"excerpt":{"rendered":"<p>Omogu\u0107uje istovremenu njegu i higijenu tijela i kose u jednom koraku<br \/>\nSadr\u017ei aloe veru za za\u0161titu od iritacija i D-pantenol za regulaciju prirodne vla\u017enosti<br \/>\nBlaga formulacija bez sapuna, alkohola i parabena osigurava nje\u017enost za ko\u017eu i kosu<\/p>\n","protected":false},"featured_media":37758,"template":"","meta":{"_seopress_robots_primary_cat":"","_seopress_titles_title":"","_seopress_titles_desc":"","_seopress_robots_index":"","iawp_total_views":0},"product_brand":[803],"product_cat":[268,300],"product_tag":[],"class_list":{"0":"post-37757","1":"product","2":"type-product","3":"status-publish","4":"has-post-thumbnail","6":"product_brand-becutan","7":"product_cat-kozmetika-2","8":"product_cat-njega-kose-268","10":"first","11":"instock","12":"shipping-taxable","13":"purchasable","14":"product-type-simple"},"_links":{"self":[{"href":"https:\/\/singuli.wpress.me\/index.php\/wp-json\/wp\/v2\/product\/37757","targetHints":{"allow":["GET"]}}],"collection":[{"href":"https:\/\/singuli.wpress.me\/index.php\/wp-json\/wp\/v2\/product"}],"about":[{"href":"https:\/\/singuli.wpress.me\/index.php\/wp-json\/wp\/v2\/types\/product"}],"version-history":[{"count":0,"href":"https:\/\/singuli.wpress.me\/index.php\/wp-json\/wp\/v2\/product\/37757\/revisions"}],"wp:featuredmedia":[{"embeddable":true,"href":"https:\/\/singuli.wpress.me\/index.php\/wp-json\/wp\/v2\/media\/37758"}],"wp:attachment":[{"href":"https:\/\/singuli.wpress.me\/index.php\/wp-json\/wp\/v2\/media?parent=37757"}],"wp:term":[{"taxonomy":"product_brand","embeddable":true,"href":"https:\/\/singuli.wpress.me\/index.php\/wp-json\/wp\/v2\/product_brand?post=37757"},{"taxonomy":"product_cat","embeddable":true,"href":"https:\/\/singuli.wpress.me\/index.php\/wp-json\/wp\/v2\/product_cat?post=37757"},{"taxonomy":"product_tag","embeddable":true,"href":"https:\/\/singuli.wpress.me\/index.php\/wp-json\/wp\/v2\/product_tag?post=37757"}],"curies":[{"name":"wp","href":"https:\/\/api.w.org\/{rel}","templated":true}]}}