{"id":37759,"date":"2026-04-18T18:07:25","date_gmt":"2026-04-18T18:07:25","guid":{"rendered":"https:\/\/singuli.wpress.me\/index.php\/proizvod\/ariel-extra-clean-kapsule-za-pranje-rublja-10-kom\/"},"modified":"2026-04-20T12:33:22","modified_gmt":"2026-04-20T12:33:22","slug":"ariel-extra-clean-kapsule-za-pranje-rublja-10-kom","status":"publish","type":"product","link":"https:\/\/singuli.wpress.me\/index.php\/proizvod\/ariel-extra-clean-kapsule-za-pranje-rublja-10-kom\/","title":{"rendered":"ARIEL Extra Clean, kapsule za pranje rublja, 10\u00a0kom"},"content":{"rendered":"<p>Ariel predstavlja kapsule teku\u0107eg deterd\u017eenta za pranje rublja ArielAllin1 PODS +Extra Stain Removal, koje imaju dodatnu crvenu komoru za u\u010dinkovito uklanjanje \u010dak i sedmodnevnih skorenih mrlja i neugodnih mirisa. Osmi\u0161ljene su za izvanredno \u010di\u0161\u0107enje \u010dak i na programima s ni\u017eim temperaturama pranja, brzo se otapaju \u010dak i u hladnoj vodi te pru\u017eaju besprijekorne rezultate! Perite na ni\u017eim temperaturama i u\u0161tedite do 60% energije pri pranju rublja (potro\u0161nja energije perilice rublja, uz smanjenje temperature s 40 \u00b0C na 20 \u00b0C na normalnom programu pranja)! Za najbolje rezultate, u bubanj perilice najprije stavite kapsulu PODS, a zatim rublje na nju. UPOZORENJE: proizvod mo\u017ee biti \u0161tetan i mo\u017ee prouzro\u010diti te\u0161ku ozljedu. Kapsule deterd\u017eenta za pranje rublja Ariel Allin1 PODS obavezno \u010duvajte izvan dohvata djece. Za vi\u0161e informacija posjetite keepcapsfromkids.eu.<\/p>\n","protected":false},"excerpt":{"rendered":"<p>Posebno dizajnirana za uklanjanje \u010dak i najtvrdokornijih, sedmodnevnih skorenih mrlja i neugodnih mirisa<br \/>\nKapsule se trenutno otapaju \u010dak i u hladnoj vodi, osiguravaju\u0107i besprijekorne rezultate \u010di\u0161\u0107enja bez ostataka deterd\u017eenta<br \/>\nU\u010dinkovito pranje na niskim temperaturama omogu\u0107uje u\u0161tedu do 60% energije<\/p>\n","protected":false},"featured_media":37760,"template":"","meta":{"_seopress_robots_primary_cat":"","_seopress_titles_title":"","_seopress_titles_desc":"","_seopress_robots_index":"","iawp_total_views":0},"product_brand":[427],"product_cat":[283,238],"product_tag":[],"class_list":{"0":"post-37759","1":"product","2":"type-product","3":"status-publish","4":"has-post-thumbnail","6":"product_brand-ariel","7":"product_cat-pranje-rublja-238","8":"product_cat-sve-za-dom","10":"first","11":"outofstock","12":"shipping-taxable","13":"purchasable","14":"product-type-simple"},"_links":{"self":[{"href":"https:\/\/singuli.wpress.me\/index.php\/wp-json\/wp\/v2\/product\/37759","targetHints":{"allow":["GET"]}}],"collection":[{"href":"https:\/\/singuli.wpress.me\/index.php\/wp-json\/wp\/v2\/product"}],"about":[{"href":"https:\/\/singuli.wpress.me\/index.php\/wp-json\/wp\/v2\/types\/product"}],"version-history":[{"count":0,"href":"https:\/\/singuli.wpress.me\/index.php\/wp-json\/wp\/v2\/product\/37759\/revisions"}],"wp:featuredmedia":[{"embeddable":true,"href":"https:\/\/singuli.wpress.me\/index.php\/wp-json\/wp\/v2\/media\/37760"}],"wp:attachment":[{"href":"https:\/\/singuli.wpress.me\/index.php\/wp-json\/wp\/v2\/media?parent=37759"}],"wp:term":[{"taxonomy":"product_brand","embeddable":true,"href":"https:\/\/singuli.wpress.me\/index.php\/wp-json\/wp\/v2\/product_brand?post=37759"},{"taxonomy":"product_cat","embeddable":true,"href":"https:\/\/singuli.wpress.me\/index.php\/wp-json\/wp\/v2\/product_cat?post=37759"},{"taxonomy":"product_tag","embeddable":true,"href":"https:\/\/singuli.wpress.me\/index.php\/wp-json\/wp\/v2\/product_tag?post=37759"}],"curies":[{"name":"wp","href":"https:\/\/api.w.org\/{rel}","templated":true}]}}