{"id":37764,"date":"2026-04-18T18:07:28","date_gmt":"2026-04-18T18:07:28","guid":{"rendered":"https:\/\/singuli.wpress.me\/index.php\/proizvod\/becutan-20-1-vlazne-maramice\/"},"modified":"2026-04-21T00:26:52","modified_gmt":"2026-04-21T00:26:52","slug":"becutan-20-1-vlazne-maramice","status":"publish","type":"product","link":"https:\/\/singuli.wpress.me\/index.php\/proizvod\/becutan-20-1-vlazne-maramice\/","title":{"rendered":"BECUTAN 20\/1, vla\u017ene maramice"},"content":{"rendered":"<p>Becutan vla\u017ene maramice namijenjene su \u010di\u0161\u0107enju i njezi ko\u017ee kod svakog prematanja, a izvrsne su i za odr\u017eavanje higijene bebinog lica i ru\u010dica. Maramice su mekane strukture i sadr\u017ee hidratantni losion s ekstraktom kamilice koji \u0161titi ko\u017eu od iritacija i smiruje crvenilo. Nakon kori\u0161tenja, na povr\u0161ini ko\u017ee ostavljaju tanak za\u0161titni sloj koji odr\u017eava ko\u017eu \u010distom i zdravom. Proizvod ima neutralnu pH vrijednost, dermatolo\u0161ki je testiran te ne sadr\u017ei alkohol ni parabene.<\/p>\n","protected":false},"excerpt":{"rendered":"<p>Oboga\u0107ene ekstraktom kamilice koji \u0161titi od iritacija i u\u010dinkovito smiruje crvenilo<br \/>\nOstavljaju tanak za\u0161titni sloj na ko\u017ei koji poma\u017ee u odr\u017eavanju zdravlja i \u010disto\u0107e ko\u017ee<br \/>\nNeutralna pH vrijednost bez alkohola i parabena, uz potvr\u0111enu dermatolo\u0161ku sigurnost<\/p>\n","protected":false},"featured_media":37765,"template":"","meta":{"_seopress_robots_primary_cat":"","_seopress_titles_title":"","_seopress_titles_desc":"","_seopress_robots_index":"","iawp_total_views":0},"product_brand":[803],"product_cat":[268,278],"product_tag":[],"class_list":{"0":"post-37764","1":"product","2":"type-product","3":"status-publish","4":"has-post-thumbnail","6":"product_brand-becutan","7":"product_cat-kozmetika-2","8":"product_cat-njega-tijela-268","10":"first","11":"instock","12":"shipping-taxable","13":"purchasable","14":"product-type-simple"},"_links":{"self":[{"href":"https:\/\/singuli.wpress.me\/index.php\/wp-json\/wp\/v2\/product\/37764","targetHints":{"allow":["GET"]}}],"collection":[{"href":"https:\/\/singuli.wpress.me\/index.php\/wp-json\/wp\/v2\/product"}],"about":[{"href":"https:\/\/singuli.wpress.me\/index.php\/wp-json\/wp\/v2\/types\/product"}],"version-history":[{"count":0,"href":"https:\/\/singuli.wpress.me\/index.php\/wp-json\/wp\/v2\/product\/37764\/revisions"}],"wp:featuredmedia":[{"embeddable":true,"href":"https:\/\/singuli.wpress.me\/index.php\/wp-json\/wp\/v2\/media\/37765"}],"wp:attachment":[{"href":"https:\/\/singuli.wpress.me\/index.php\/wp-json\/wp\/v2\/media?parent=37764"}],"wp:term":[{"taxonomy":"product_brand","embeddable":true,"href":"https:\/\/singuli.wpress.me\/index.php\/wp-json\/wp\/v2\/product_brand?post=37764"},{"taxonomy":"product_cat","embeddable":true,"href":"https:\/\/singuli.wpress.me\/index.php\/wp-json\/wp\/v2\/product_cat?post=37764"},{"taxonomy":"product_tag","embeddable":true,"href":"https:\/\/singuli.wpress.me\/index.php\/wp-json\/wp\/v2\/product_tag?post=37764"}],"curies":[{"name":"wp","href":"https:\/\/api.w.org\/{rel}","templated":true}]}}